{"id":28543,"date":"2025-02-03T11:26:05","date_gmt":"2025-02-03T11:26:05","guid":{"rendered":"https:\/\/brightbid.com\/?page_id=28543"},"modified":"2025-03-04T14:53:00","modified_gmt":"2025-03-04T14:53:00","slug":"prova-granskning","status":"publish","type":"page","link":"https:\/\/brightbid.com\/sv\/brightbid-audit\/prova-granskning\/","title":{"rendered":"Prova granskning"},"content":{"rendered":"\n<style> @media(max-width: 1024px) {.section_container-8632d20 { background-image: none !important; }.section_container-8632d20 { padding: 0px 20px !important; }.section_container-8632d20 { background-position: top right !important; }} <\/style><section class=\"alignfull is-style-mobile-full-width wp-block-webicient-section\">\n\n\t<div class=\"section_container section_container-8632d20\" style=\"background-position:top right;background-repeat:no-repeat;background-size:contain;padding:0 30px;flex-direction: column;\">\n\n\t\t\t<div class=\"section__contained\">\n\t\t\t\n<div style=\"height:40px\" aria-hidden=\"true\" class=\"wp-block-spacer is-style-webicient-spacer-hide-on-desktop\"><\/div>\n\n<div style=\"height:80px\" aria-hidden=\"true\" class=\"wp-block-spacer is-style-webicient-spacer-hide-on-mobile\"><\/div>\n<div class=\"is-style-default wp-block-webicient-breadcrumbs\"><nav aria-label=\"breadcrumbs\" class=\"rank-math-breadcrumb\"><p><span class=\"last\">Hem<\/span><\/p><\/nav><\/div>\n<div style=\"height:100px\" aria-hidden=\"true\" class=\"wp-block-spacer is-style-webicient-spacer-hide-on-mobile\"><\/div>\n\n<div class=\"wp-block-media-text has-media-on-the-right is-stacked-on-mobile is-vertically-aligned-center\" style=\"padding-top:0;padding-bottom:0\" id=\"audit-form\"><div class=\"wp-block-media-text__content\">\n<h2 class=\"wp-block-heading\" style=\"margin-top:0;margin-bottom:var(--wp--preset--spacing--1-md)\">Du \u00e4r n\u00e4stan klar!<\/h2>\n\n\n\n<p>Slutf\u00f6r detta steg f\u00f6r att p\u00e5b\u00f6rja granskningen.<\/p>\n\n\n\n<script charset=\"utf-8\" type=\"text\/javascript\" src=\"\/\/js-eu1.hsforms.net\/forms\/embed\/v2.js\"><\/script>\n<script>\n  hbspt.forms.create({\n    portalId: \"145837750\",\n    formId: \"c5890f86-4b7a-434b-bdc5-9aae2783c571\",\n    region: \"eu1\",\n    sfdcCampaignId: \"701QD00000VFaPbYAL\"\n  });\n<\/script>\n<\/div><figure class=\"wp-block-media-text__media\"><img decoding=\"async\" width=\"725\" height=\"678\" src=\"https:\/\/brightbid.com\/wp-content\/uploads\/2025\/02\/Dashboard-2.svg\" alt=\"\" class=\"wp-image-28459 size-full\"\/><\/figure><\/div>\n\n<div style=\"height:80px\" aria-hidden=\"true\" class=\"wp-block-spacer is-style-webicient-spacer-hide-on-mobile\"><\/div>\n\t\t<\/div>\n\t\t\t<\/div>\n<\/section>\n","protected":false},"excerpt":{"rendered":"","protected":false},"author":11,"featured_media":0,"parent":28216,"menu_order":0,"comment_status":"closed","ping_status":"closed","template":"page-no-header","meta":{"content-type":"","footnotes":""},"class_list":["post-28543","page","type-page","status-publish","hentry"],"acf":[],"_links":{"self":[{"href":"https:\/\/brightbid.com\/sv\/wp-json\/wp\/v2\/pages\/28543","targetHints":{"allow":["GET"]}}],"collection":[{"href":"https:\/\/brightbid.com\/sv\/wp-json\/wp\/v2\/pages"}],"about":[{"href":"https:\/\/brightbid.com\/sv\/wp-json\/wp\/v2\/types\/page"}],"author":[{"embeddable":true,"href":"https:\/\/brightbid.com\/sv\/wp-json\/wp\/v2\/users\/11"}],"replies":[{"embeddable":true,"href":"https:\/\/brightbid.com\/sv\/wp-json\/wp\/v2\/comments?post=28543"}],"version-history":[{"count":4,"href":"https:\/\/brightbid.com\/sv\/wp-json\/wp\/v2\/pages\/28543\/revisions"}],"predecessor-version":[{"id":28776,"href":"https:\/\/brightbid.com\/sv\/wp-json\/wp\/v2\/pages\/28543\/revisions\/28776"}],"up":[{"embeddable":true,"href":"https:\/\/brightbid.com\/sv\/wp-json\/wp\/v2\/pages\/28216"}],"wp:attachment":[{"href":"https:\/\/brightbid.com\/sv\/wp-json\/wp\/v2\/media?parent=28543"}],"curies":[{"name":"wp","href":"https:\/\/api.w.org\/{rel}","templated":true}]}}