{"id":28226,"date":"2025-01-09T10:56:28","date_gmt":"2025-01-09T10:56:28","guid":{"rendered":"https:\/\/brightbid.com\/?page_id=28226"},"modified":"2025-01-30T13:27:20","modified_gmt":"2025-01-30T13:27:20","slug":"keyword-suggestions","status":"publish","type":"page","link":"https:\/\/brightbid.com\/sv\/keyword-suggestions\/","title":{"rendered":"Keyword suggestions"},"content":{"rendered":"\n<div style=\"padding-top:0px;padding-bottom:var(--wp--preset--spacing--5-xs);\" class=\"alignfull force-hero-block is-style-desktop-bg reverse-col wp-block-create-block-hero\">\n\t<div class=\"wp-block-create-block-hero__inner\">\n\t\t\n<div style=\"height:120px\" aria-hidden=\"true\" class=\"wp-block-spacer is-style-webicient-spacer-hide-on-mobile\"><\/div>\n\n<div style=\"height:80px\" aria-hidden=\"true\" class=\"wp-block-spacer is-style-webicient-spacer-hide-on-desktop\"><\/div>\n\n<div class=\"wp-block-group has-global-padding is-layout-constrained wp-block-group-is-layout-constrained\" style=\"padding-top:var(--wp--preset--spacing--5-xs);padding-bottom:0\">\n<div class=\"wp-block-columns alignwide are-vertically-aligned-center is-layout-flex wp-container-core-columns-is-layout-28f84493 wp-block-columns-is-layout-flex\">\n<div class=\"wp-block-column is-vertically-aligned-center is-layout-flow wp-block-column-is-layout-flow\" style=\"flex-basis:50%\">\n<figure class=\"wp-block-image alignright size-large\"><img decoding=\"async\" width=\"680\" height=\"560\" src=\"https:\/\/brightbid.com\/wp-content\/uploads\/2025\/01\/Frame-1000003773-4.svg\" alt=\"\" class=\"wp-image-28082\"\/><\/figure>\n<\/div>\n\n\n\n<div class=\"wp-block-column is-vertically-aligned-center mobile-responsive-text is-layout-flow wp-block-column-is-layout-flow\" style=\"flex-basis:50%\">\n<div class=\"wp-block-group has-global-padding is-content-justification-left is-layout-constrained wp-container-core-group-is-layout-2f21ba8c wp-block-group-is-layout-constrained\">\n<h1 class=\"wp-block-heading has-text-align-left is-style-default\" style=\"padding-left:0px;font-style:normal;font-weight:700;line-height:1.2\">Ge dina Google-annonser en boost med <mark style=\"background-color:rgba(0, 0, 0, 0)\" class=\"has-inline-color has-primary-400-color\">R\u00e4tt S\u00f6kord<\/mark><\/h1>\n<\/div>\n\n\n\n<div class=\"wp-block-group has-global-padding is-content-justification-left is-layout-constrained wp-container-core-group-is-layout-44080a15 wp-block-group-is-layout-constrained\" style=\"padding-top:0\">\n<p class=\"has-text-align-left has-heading-5-font-size\" style=\"margin-top:var(--wp--preset--spacing--1-md);margin-bottom:0;padding-top:0px;padding-right:0px;padding-left:0px;line-height:1.8\">Maximera kampanjens prestanda med BrightBids verktyg f\u00f6r s\u00f6kordsf\u00f6rslag. Spara tid och f\u00f6rb\u00e4ttra effektiviteten genom att enkelt \u00f6vervaka och hantera dina s\u00f6kord. Save time and improve efficiency by monitoring and managing your search terms with ease.<\/p>\n<\/div>\n\n\n\n<div class=\"wp-block-buttons is-content-justification-left is-layout-flex wp-container-core-buttons-is-layout-7ffbc352 wp-block-buttons-is-layout-flex\" style=\"margin-top:var(--wp--preset--spacing--2-md);margin-bottom:var(--wp--preset--spacing--2-md)\">\n<div class=\"wp-block-button is-style-with-background hero-button\"><a class=\"wp-block-button__link wp-element-button\" href=\"https:\/\/brightbid.com\/sv\/boka-en-demo\/\">Boka en demo<\/a><\/div>\n<\/div>\n<\/div>\n<\/div>\n<\/div>\n\n<div style=\"height:30px\" aria-hidden=\"true\" class=\"wp-block-spacer is-style-webicient-spacer-hide-on-mobile\"><\/div>\n\t<\/div>\n<\/div>\n\n\n\n<div class=\"alignfull is-style-mobile-only wp-block-create-block-hero\">\n\t<div class=\"wp-block-create-block-hero__inner\">\n\t\t\n<div class=\"wp-block-group has-global-padding is-layout-constrained wp-block-group-is-layout-constrained\">\n<figure class=\"wp-block-image size-large\"><img decoding=\"async\" width=\"735\" height=\"704\" src=\"https:\/\/brightbid.com\/wp-content\/uploads\/2025\/01\/Frame-1000003773.svg\" alt=\"\" class=\"wp-image-27735\"\/><\/figure>\n<\/div>\n\n<div style=\"height:40px\" aria-hidden=\"true\" class=\"wp-block-spacer\"><\/div>\n\t<\/div>\n<\/div>\n\n\n\n<style> @media(max-width: 1024px) {.section_container-fef140c { padding: 0px 0px !important; }.section_container-fef140c { background-position: top right !important; }} <\/style><section style=\"padding-top:var(--wp--preset--spacing--5-xs);padding-bottom:var(--wp--preset--spacing--5-xs);padding-left:var(--wp--preset--spacing--5-xs);padding-right:var(--wp--preset--spacing--5-xs);margin-top:0;\" class=\"alignfull is-style-mobile-full-width wp-block-webicient-section\">\n\n\t<div class=\"section_container section_container-fef140c\" style=\"background-position:top right;background-repeat:no-repeat;background-size:initial;padding:0px 0px;flex-direction: column;\">\n\n\t\t\t<div class=\"section__contained\">\n\t\t\t\n<div class=\"wp-block-group has-global-padding is-layout-constrained wp-container-core-group-is-layout-bddbddad wp-block-group-is-layout-constrained\">\n<div class=\"wp-block-group has-global-padding is-layout-constrained wp-container-core-group-is-layout-b5a50e93 wp-block-group-is-layout-constrained\" style=\"margin-bottom:var(--wp--preset--spacing--1-md)\">\n<h2 class=\"wp-block-heading has-text-align-center\" style=\"font-size:clamp(1.805rem, 1.805rem + ((1vw - 0.2rem) * 1.927), 3.13rem);font-style:normal;font-weight:700;line-height:1.2\">Enkel s\u00f6kordshantering i <mark style=\"background-color:rgba(0, 0, 0, 0)\" class=\"has-inline-color has-primary-400-color\">Tre Steg<\/mark><\/h2>\n<\/div>\n\n\n\n<div class=\"wp-block-group has-global-padding is-layout-constrained wp-container-core-group-is-layout-972d4f15 wp-block-group-is-layout-constrained\" style=\"margin-bottom:var(--wp--preset--spacing--5-xs)\">\n<p class=\"has-text-align-center is-style-default has-text-color has-heading-4-font-size\" style=\"color:#3e4552;margin-top:0;margin-bottom:0;padding-bottom:0\">Ta kontroll \u00f6ver din PPC med AI-drivna s\u00f6kordsoptimeringar, smidig hantering och smart \u00f6vervakning\u2014allt p\u00e5 autopilot.<\/p>\n<\/div>\n\n\n\n<div class=\"wp-block-columns is-layout-flex wp-container-core-columns-is-layout-adb9c6bf wp-block-columns-is-layout-flex\" style=\"margin-top:0;margin-bottom:0;padding-right:0;padding-bottom:0;padding-left:0\">\n<div class=\"wp-block-column is-vertically-aligned-top is-style-default is-layout-flow wp-container-core-column-is-layout-8a368f38 wp-block-column-is-layout-flow\">\n<div class=\"wp-block-group has-global-padding is-layout-constrained wp-container-core-group-is-layout-19e250f3 wp-block-group-is-layout-constrained\">\n<figure class=\"wp-block-image size-large is-resized has-custom-border is-style-default\"><img decoding=\"async\" src=\"https:\/\/brightbid.com\/wp-content\/uploads\/2024\/12\/hourglass-top-sharp.svg\" alt=\"\" class=\"wp-image-27615\" style=\"border-style:none;border-width:0px;height:40px\" height=\"40\"\/><\/figure>\n\n\n\n<div class=\"wp-block-group has-global-padding is-content-justification-center is-layout-constrained wp-block-group-is-layout-constrained\" style=\"margin-top:var(--wp--preset--spacing--2-md)\">\n<h3 class=\"wp-block-heading has-text-align-left has-medium-font-size\" id=\"effortless-setup\" style=\"margin-top:var(--wp--preset--spacing--1-xs);margin-bottom:0;font-style:normal;font-weight:700\">Smart \u00f6vervakning<\/h3>\n\n\n\n<p class=\"has-text-align-left\" style=\"margin-top:var(--wp--preset--spacing--1-xs);margin-bottom:0\">Analysera automatiskt din s\u00f6kordsrapport f\u00f6r att identifiera nya positiva och negativa s\u00f6kord<\/p>\n<\/div>\n<\/div>\n<\/div>\n\n\n\n<div class=\"wp-block-column is-layout-flow wp-block-column-is-layout-flow\">\n<div class=\"wp-block-group has-global-padding is-content-justification-left is-layout-constrained wp-container-core-group-is-layout-12dd3699 wp-block-group-is-layout-constrained\">\n<figure class=\"wp-block-image size-large is-resized\"><img decoding=\"async\" src=\"https:\/\/brightbid.com\/wp-content\/uploads\/2024\/12\/Settings_console.svg\" alt=\"\" class=\"wp-image-27619\" style=\"height:40px\" height=\"40\"\/><\/figure>\n<\/div>\n\n\n\n<div class=\"wp-block-group has-global-padding is-layout-constrained wp-block-group-is-layout-constrained\" style=\"margin-top:var(--wp--preset--spacing--2-md)\">\n<h3 class=\"wp-block-heading has-text-align-left has-medium-font-size\" id=\"effortless-setup\" style=\"margin-top:var(--wp--preset--spacing--1-xs);margin-bottom:0;font-style:normal;font-weight:700\">Smidig hantering <\/h3>\n\n\n\n<p style=\"margin-top:var(--wp--preset--spacing--1-xs);margin-bottom:0\">Acceptera, avvisa eller redigera s\u00f6kordsf\u00f6rslag snabbt f\u00f6r att h\u00e5lla dina kampanjer p\u00e5 r\u00e4tt sp\u00e5r.<\/p>\n<\/div>\n<\/div>\n\n\n\n<div class=\"wp-block-column is-vertically-aligned-top is-layout-flow wp-block-column-is-layout-flow\">\n<div class=\"wp-block-group has-global-padding is-content-justification-left is-layout-constrained wp-container-core-group-is-layout-12dd3699 wp-block-group-is-layout-constrained\">\n<figure class=\"wp-block-image size-large is-resized\"><img decoding=\"async\" src=\"https:\/\/brightbid.com\/wp-content\/uploads\/2024\/12\/Click-1.svg\" alt=\"\" class=\"wp-image-27623\" style=\"height:40px\" height=\"40\"\/><\/figure>\n<\/div>\n\n\n\n<div class=\"wp-block-group has-global-padding is-layout-constrained wp-block-group-is-layout-constrained\" style=\"margin-top:var(--wp--preset--spacing--2-md)\">\n<h3 class=\"wp-block-heading has-text-align-left has-medium-font-size\" id=\"effortless-setup\" style=\"margin-top:var(--wp--preset--spacing--1-xs);margin-bottom:0;font-style:normal;font-weight:700\">Precision med AI<\/h3>\n\n\n\n<p class=\"has-text-align-left\" style=\"margin-top:var(--wp--preset--spacing--1-xs)\">Aktiver Keyword Autopilot f\u00f6r att l\u00e5ta AI optimera s\u00f6kord och prioritera relevans f\u00f6r smartare resultat.<\/p>\n<\/div>\n<\/div>\n<\/div>\n<\/div>\n\t\t<\/div>\n\t\t\t<\/div>\n<\/section>\n\n\n\n<style> @media(max-width: 1024px) {.section_container-e78dfce { padding: 0px 0px !important; }.section_container-e78dfce { background-position: top right !important; }} <\/style><section style=\"padding-top:var(--wp--preset--spacing--2-md);padding-bottom:var(--wp--preset--spacing--2-md);margin-bottom:var(--wp--preset--spacing--5-xs);\" class=\"wp-block-webicient-section\">\n\n\t<div class=\"section_container section_container-e78dfce\" style=\"background-position:top right;background-repeat:no-repeat;background-size:initial;padding:0px 0px;flex-direction: column;\">\n\n\t\t\t\t\n<div class=\"wp-block-group has-global-padding is-layout-constrained wp-container-core-group-is-layout-e4b6e753 wp-block-group-is-layout-constrained\">\n<figure class=\"wp-block-image aligncenter size-large\"><img decoding=\"async\" width=\"41\" height=\"40\" src=\"https:\/\/brightbid.com\/wp-content\/uploads\/2024\/12\/Stars.svg\" alt=\"\" class=\"wp-image-27582\"\/><\/figure>\n\n\n\n<h3 class=\"wp-block-heading has-text-align-center has-text-color has-heading-3-font-size\" style=\"color:#3e4552;margin-top:var(--wp--preset--spacing--1-md);margin-bottom:var(--wp--preset--spacing--1-md);font-style:normal;font-weight:700\">Maximera er ROI med automatiserad s\u00f6kordshantering<\/h3>\n\n\n\n<div class=\"wp-block-buttons is-content-justification-center is-layout-flex wp-container-core-buttons-is-layout-c3d5205c wp-block-buttons-is-layout-flex\" style=\"margin-top:0;margin-bottom:0\">\n<div class=\"wp-block-button is-style-with-background hero-button\"><a class=\"wp-block-button__link wp-element-button\" href=\"https:\/\/brightbid.com\/sv\/boka-en-demo\/\">B\u00f6rja nu<\/a><\/div>\n<\/div>\n<\/div>\n\t<\/div>\n<\/section>\n\n\n\n<style> @media(max-width: 1024px) {.section_container-f07c5af { padding: 60px 30px !important; }.section_container-f07c5af { background-position: bottom right !important; }.section_container-f07c5af { background-size: cover !important; }} <\/style><section style=\"margin-top:0;margin-bottom:0;\" class=\"alignfull is-style-webicient-quote-container wp-block-webicient-section has-background has-primary-400-background-color\">\n\n\t<div class=\"section_container section_container-f07c5af\" style=\"background-position:bottom right;background-repeat:no-repeat;background-size:600px;background-image: url('https:\/\/brightbid.com\/wp-content\/uploads\/2023\/07\/review-bg.png');padding:80px 30px;justify-content:center;align-items:center;display: flex;flex-direction: column;\">\n\n\t\t\t<div class=\"section__contained\">\n\t\t\t\n<div class=\"wp-block-group is-horizontal is-content-justification-left is-nowrap is-layout-flex wp-container-core-group-is-layout-bb7878ed wp-block-group-is-layout-flex\" style=\"margin-bottom:var(--wp--preset--spacing--1-sm)\">\n<p class=\"has-white-400-color has-text-color has-default-font-size\">Recension<\/p>\n\n\n\n<hr class=\"wp-block-separator has-text-color has-white-400-color has-alpha-channel-opacity has-white-400-background-color has-background wp-container-content-00dec262\"\/>\n<\/div>\n\n<div class=\"wp-block-columns are-vertically-aligned-center is-style-webicient-columns-full-width is-layout-flex wp-container-core-columns-is-layout-28f84493 wp-block-columns-is-layout-flex\">\n<div class=\"wp-block-column is-vertically-aligned-center is-layout-flow wp-block-column-is-layout-flow\" style=\"flex-basis:25%\">\n<figure class=\"wp-block-image size-full is-resized is-style-webicient-image-rounded\"><img decoding=\"async\" src=\"https:\/\/brightbid.com\/wp-content\/uploads\/2024\/09\/Johanna.Holmgren-q7uwlxer18q0bck8hpgpoe6v0uyku8c033cqmptu48.png.webp.png\" alt=\"\" class=\"wp-image-24792\" style=\"width:188px;height:188px\" width=\"188\" height=\"188\" srcset=\"https:\/\/brightbid.com\/wp-content\/uploads\/2024\/09\/Johanna.Holmgren-q7uwlxer18q0bck8hpgpoe6v0uyku8c033cqmptu48.png.webp.png 377w, https:\/\/brightbid.com\/wp-content\/uploads\/2024\/09\/Johanna.Holmgren-q7uwlxer18q0bck8hpgpoe6v0uyku8c033cqmptu48.png.webp-300x300.png 300w, https:\/\/brightbid.com\/wp-content\/uploads\/2024\/09\/Johanna.Holmgren-q7uwlxer18q0bck8hpgpoe6v0uyku8c033cqmptu48.png.webp-150x150.png 150w\" sizes=\"(max-width: 188px) 100vw, 188px\" \/><\/figure>\n<\/div>\n\n\n\n<div class=\"wp-block-column is-vertically-aligned-center is-layout-flow wp-block-column-is-layout-flow\" style=\"flex-basis:70%\">\n<div class=\"wp-block-group is-style-webicient-mobile-full-width has-global-padding is-content-justification-left is-layout-constrained wp-container-core-group-is-layout-21bdf163 wp-block-group-is-layout-constrained\">\n<blockquote class=\"wp-block-quote has-white-400-color has-text-color is-layout-flow wp-block-quote-is-layout-flow\">\n<p class=\"has-medium-font-size\" style=\"font-style:italic;font-weight:400\">BrightBid har varit en verklig spelv\u00e4xlare f\u00f6r oss. Vi har sett en kontinuerlig f\u00f6rb\u00e4ttring av resultaten sedan vi b\u00f6rjade arbeta tillsammans, och deras insikter \u00e4r ov\u00e4rderliga f\u00f6r v\u00e5r dagliga verksamhet.<\/p>\n<\/blockquote>\n\n\n\n<p class=\"has-white-400-color has-text-color\" style=\"padding-top:var(--wp--preset--spacing--1-xs);padding-bottom:var(--wp--preset--spacing--1-xs)\">Johanna Holmgren, TUC Vocational College<\/p>\n<\/div>\n<\/div>\n<\/div>\n\t\t<\/div>\n\t\t\t<\/div>\n<\/section>\n\n\n\n<style> @media(max-width: 1024px) {.section_container-bc160ee { background-image: url('https:\/\/brightbid.com\/wp-content\/uploads\/2024\/09\/bg-drop-shadow-2.svg') !important; }.section_container-bc160ee { padding: 40px 25px !important; }.section_container-bc160ee { background-position: center left !important; }.section_container-bc160ee { background-size: contain !important; }} <\/style><section style=\"padding-top:var(--wp--preset--spacing--2-xs);margin-top:0;margin-bottom:0;\" class=\"alignfull is-style-mobile-full-width animate-background wp-block-webicient-section\">\n\n\t<div class=\"section_container section_container-bc160ee\" style=\"background-position:top left;background-repeat:no-repeat;background-size:initial;background-image: url('https:\/\/brightbid.com\/wp-content\/uploads\/2024\/10\/bg-drop-shadow-3.svg');padding:80px 45px;justify-content:center;display: flex;flex-direction: column;\">\n\n\t\t\t<div class=\"section__contained\">\n\t\t\t\n<div class=\"wp-block-group is-content-justification-center is-nowrap is-layout-flex wp-container-core-group-is-layout-16b587c1 wp-block-group-is-layout-flex\" style=\"margin-bottom:var(--wp--preset--spacing--2-xs)\">\n<div class=\"wp-block-group is-style-webicient-group-subtitle has-global-padding is-layout-constrained wp-block-group-is-layout-constrained\">\n<figure class=\"wp-block-image size-large\"><img decoding=\"async\" width=\"17\" height=\"17\" src=\"https:\/\/brightbid.com\/wp-content\/uploads\/2024\/09\/person_2.svg\" alt=\"\" class=\"wp-image-24686\"\/><\/figure>\n\n\n\n<h5 class=\"wp-block-heading\">Kundber\u00e4ttelser<\/h5>\n<\/div>\n<\/div>\n\n<div class=\"wp-block-group has-global-padding is-layout-constrained wp-container-core-group-is-layout-55a0b918 wp-block-group-is-layout-constrained\">\n<h2 class=\"wp-block-heading has-text-align-center has-heading-1-font-size\" style=\"font-style:normal;font-weight:700;line-height:1.2\">Verkliga resultat, verklig effekt<\/h2>\n\n\n\n<div class=\"wp-block-group has-global-padding is-layout-constrained wp-container-core-group-is-layout-9a7ccab1 wp-block-group-is-layout-constrained\" style=\"margin-bottom:var(--wp--preset--spacing--5-xs)\">\n<p class=\"has-text-align-center has-base-color has-text-color has-heading-5-font-size\" style=\"margin-top:var(--wp--preset--spacing--1-sm);margin-right:var(--wp--preset--spacing--1-sm);margin-bottom:var(--wp--preset--spacing--1-sm);margin-left:var(--wp--preset--spacing--1-sm);line-height:1.5\">Se hur f\u00f6retag som ditt har f\u00f6rb\u00e4ttrat sina annonsresultat med BrightBid.<\/p>\n<\/div>\n<\/div>\n\n<div class=\"wp-block-webicient-post-list\" data-is-slider=\"1\" data-slidesperview=\"1\" data-calledfrom=\"editor\" data-has-enough=\"yes\" data-post-type=\"customer-story\" data-id=\"9fcc73f\">\n\n\t\t\t<div class=\"wp-block-webicient-post-list__header\">\n\t\t\t<div class=\"wp-block-webicient-post-title\">\n\t\t\t\t<h1>  <\/h1>\n\t\t\t<\/div>\n\t\t<\/div>\n\t\n\t\n\t\t<div class=\"wp-block-webicient-post-list__slider-control wp-navigation-no__title\">\n\t\t\t<div class=\"swiper-nav\">\n\t\t\t\t<button class=\"swiper-prev-pl\" aria-label=\"F\u00f6reg\u00e5ende\">\n\t\t\t\t\t<svg xmlns=\"http:\/\/www.w3.org\/2000\/svg\" width=\"45\" height=\"44\" viewBox=\"0 0 45 44\" fill=\"none\">\n\t\t\t\t\t<path d=\"M28.9717 30.415L20.5751 22L28.9717 13.585L26.3867 11L15.3867 22L26.3867 33L28.9717 30.415Z\" fill=\"#6366FA\"\/>\n\t\t\t\t\t<\/svg>\n\t\t\t\t<\/button>\n\t\t\t<\/div>\n\t\t<\/div>\n\t\n\t<div class=\"wp-block-webicient-post-list__slider post-type-customer-story wp-image__cover\">\n\t\t\t\t\t<div data-id=\"9fcc73f\" init=\"false\">\n\t\t\t\t\t\t\t\t\t\t\t\t\t\t\t<div class=\"wp-block-webicient-post-list__item\">\n\t\t\t\t\t\t\t<div class=\"post-list post-boxed\">\n\t<div class=\"post-list__thumbnail customer-story\">\n\t\t\t\t\t<img decoding=\"async\" width=\"1024\" height=\"713\" src=\"https:\/\/brightbid.com\/wp-content\/uploads\/2024\/05\/Screenshot-2024-05-27-at-10.59.49-1024x713.png\" class=\"attachment-large size-large wp-post-image\" alt=\"Eletive\" srcset=\"https:\/\/brightbid.com\/wp-content\/uploads\/2024\/05\/Screenshot-2024-05-27-at-10.59.49-1024x713.png 1024w, https:\/\/brightbid.com\/wp-content\/uploads\/2024\/05\/Screenshot-2024-05-27-at-10.59.49-300x209.png 300w, https:\/\/brightbid.com\/wp-content\/uploads\/2024\/05\/Screenshot-2024-05-27-at-10.59.49-768x535.png 768w, https:\/\/brightbid.com\/wp-content\/uploads\/2024\/05\/Screenshot-2024-05-27-at-10.59.49.png 1473w\" sizes=\"(max-width: 1024px) 100vw, 1024px\" \/>\t\t\t<\/div>\n\t<div class=\"post-list__content\">\n\t\t<h4 class=\"post-list__title\">Eletive<\/h4>\n\n\t\t<div class=\"post-list__excerpt\">\n\t\t\t<p><\/p>\n\t\t<\/div>\n\n\t\t<div class=\"post-list__more wp-block-button is-style-outline-with-arrow is-style-arrow-only\">\n\t\t\t<a href=\"https:\/\/brightbid.com\/sv\/customer-story\/eletive\/\" class=\"wp-block-button__link wp-element-button\">L\u00e4s artikeln\t\t\t<\/a>\n\t\t<\/div>\n\t<\/div>\n<\/div>\n\t\t\t\t\t\t<\/div>\n\t\t\t\t\t\t\t\t\t\t\t\t\t\t\t\t\t\t\t\t\t<div class=\"wp-block-webicient-post-list__item\">\n\t\t\t\t\t\t\t<div class=\"post-list post-boxed\">\n\t<div class=\"post-list__thumbnail customer-story\">\n\t\t\t\t\t<img decoding=\"async\" width=\"1024\" height=\"714\" src=\"https:\/\/brightbid.com\/wp-content\/uploads\/2023\/08\/Customer-Case-2-1024x714.png\" class=\"attachment-large size-large wp-post-image\" alt=\"\" srcset=\"https:\/\/brightbid.com\/wp-content\/uploads\/2023\/08\/Customer-Case-2-1024x714.png 1024w, https:\/\/brightbid.com\/wp-content\/uploads\/2023\/08\/Customer-Case-2-300x209.png 300w, https:\/\/brightbid.com\/wp-content\/uploads\/2023\/08\/Customer-Case-2-768x535.png 768w, https:\/\/brightbid.com\/wp-content\/uploads\/2023\/08\/Customer-Case-2.png 1105w\" sizes=\"(max-width: 1024px) 100vw, 1024px\" \/>\t\t\t<\/div>\n\t<div class=\"post-list__content\">\n\t\t<h4 class=\"post-list__title\">Campusbokhandeln<\/h4>\n\n\t\t<div class=\"post-list__excerpt\">\n\t\t\t<p><\/p>\n\t\t<\/div>\n\n\t\t<div class=\"post-list__more wp-block-button is-style-outline-with-arrow is-style-arrow-only\">\n\t\t\t<a href=\"https:\/\/brightbid.com\/sv\/customer-story\/campusbokhandeln\/\" class=\"wp-block-button__link wp-element-button\">L\u00e4s artikeln\t\t\t<\/a>\n\t\t<\/div>\n\t<\/div>\n<\/div>\n\t\t\t\t\t\t<\/div>\n\t\t\t\t\t\t\t\t\t\t\t\t\t\t\t\t\t\t\t\t\t<div class=\"wp-block-webicient-post-list__item\">\n\t\t\t\t\t\t\t<div class=\"post-list post-boxed\">\n\t<div class=\"post-list__thumbnail customer-story\">\n\t\t\t\t\t<img decoding=\"async\" width=\"1024\" height=\"714\" src=\"https:\/\/brightbid.com\/wp-content\/uploads\/2023\/07\/Customer-Case-7-1024x714.png\" class=\"attachment-large size-large wp-post-image\" alt=\"\" srcset=\"https:\/\/brightbid.com\/wp-content\/uploads\/2023\/07\/Customer-Case-7-1024x714.png 1024w, https:\/\/brightbid.com\/wp-content\/uploads\/2023\/07\/Customer-Case-7-300x209.png 300w, https:\/\/brightbid.com\/wp-content\/uploads\/2023\/07\/Customer-Case-7-768x535.png 768w, https:\/\/brightbid.com\/wp-content\/uploads\/2023\/07\/Customer-Case-7.png 1105w\" sizes=\"(max-width: 1024px) 100vw, 1024px\" \/>\t\t\t<\/div>\n\t<div class=\"post-list__content\">\n\t\t<h4 class=\"post-list__title\">Amity<\/h4>\n\n\t\t<div class=\"post-list__excerpt\">\n\t\t\t<p><\/p>\n\t\t<\/div>\n\n\t\t<div class=\"post-list__more wp-block-button is-style-outline-with-arrow is-style-arrow-only\">\n\t\t\t<a href=\"https:\/\/brightbid.com\/sv\/customer-story\/amity\/\" class=\"wp-block-button__link wp-element-button\">L\u00e4s artikeln\t\t\t<\/a>\n\t\t<\/div>\n\t<\/div>\n<\/div>\n\t\t\t\t\t\t<\/div>\n\t\t\t\t\t\t\t\t\t\t\t\t\t<\/div>\n\n\t\t\n\t<\/div>\n\t\t\t<div class=\"wp-block-webicient-post-list__slider-control wp-navigation-no__title\">\n\t\t\t<div class=\"swiper-nav\">\n\t\t\t\t<button class=\"swiper-next-pl\" aria-label=\"N\u00e4sta\">\n\t\t\t\t\t<svg xmlns=\"http:\/\/www.w3.org\/2000\/svg\" width=\"45\" height=\"44\" viewBox=\"0 0 45 44\" fill=\"none\">\n\t\t\t\t\t<path d=\"M16.0283 30.415L24.425 22L16.0283 13.585L18.6133 11L29.6133 22L18.6133 33L16.0283 30.415Z\" fill=\"#6366FA\"\/>\n\t\t\t\t\t<\/svg>\n\t\t\t\t<\/button>\n\t\t\t<\/div>\n\t\t<\/div>\n\t<\/div>\n\t\t<\/div>\n\t\t\t<\/div>\n<\/section>\n\n\n\n<div style=\"margin-top:0;margin-bottom:0;height:80px\" aria-hidden=\"true\" class=\"wp-block-spacer is-style-webicient-spacer-hide-on-mobile\"><\/div>\n\n\n\n<style> @media(max-width: 1024px) {.section_container-2d979f9 { background-image: url('https:\/\/brightbid.com\/wp-content\/uploads\/2024\/12\/book-bg.png') !important; }.section_container-2d979f9 { padding: 30px !important; }.section_container-2d979f9 { background-position: bottom right -200px !important; }.section_container-2d979f9 { background-size: cover !important; }} <\/style><section style=\"margin-top:0;margin-bottom:0;\" class=\"alignfull is-style-mobile-full-width wp-block-webicient-section has-background has-base-background-color\">\n\n\t<div class=\"section_container section_container-2d979f9\" style=\"background-position:top  right;background-repeat:no-repeat;background-size:cover;background-image: url('https:\/\/brightbid.com\/wp-content\/uploads\/2024\/12\/book-bg.png');min-height:320px;padding:80px 30px;justify-content:center;align-items:center;display: flex;flex-direction: column;\">\n\n\t\t\t<div class=\"section__contained\">\n\t\t\t\n<div class=\"wp-block-columns is-style-webicient-columns-contained is-layout-flex wp-container-core-columns-is-layout-f0342b05 wp-block-columns-is-layout-flex\" style=\"margin-top:0;margin-bottom:0\">\n<div class=\"wp-block-column is-layout-flow wp-block-column-is-layout-flow\" style=\"flex-basis:100%\">\n<p class=\"has-text-align-center has-white-400-color has-text-color has-heading-2-font-size\" style=\"line-height:1.5\">Aktivera s\u00f6kordsf\u00f6rslag nu<\/p>\n\n\n\n<div class=\"wp-block-buttons is-content-justification-center is-layout-flex wp-container-core-buttons-is-layout-a89b3969 wp-block-buttons-is-layout-flex\">\n<div class=\"wp-block-button has-custom-font-size is-style-with-arrow has-default-font-size\"><a class=\"wp-block-button__link has-white-400-color has-primary-400-background-color has-text-color has-background wp-element-button\" href=\"https:\/\/brightbid.com\/sv\/book-a-discovery-call\/\">B\u00f6rja nu<\/a><\/div>\n<\/div>\n<\/div>\n<\/div>\n\t\t<\/div>\n\t\t\t<\/div>\n<\/section>\n","protected":false},"excerpt":{"rendered":"","protected":false},"author":11,"featured_media":0,"parent":0,"menu_order":0,"comment_status":"closed","ping_status":"closed","template":"page-no-header","meta":{"content-type":"","footnotes":""},"class_list":["post-28226","page","type-page","status-publish","hentry"],"acf":[],"_links":{"self":[{"href":"https:\/\/brightbid.com\/sv\/wp-json\/wp\/v2\/pages\/28226","targetHints":{"allow":["GET"]}}],"collection":[{"href":"https:\/\/brightbid.com\/sv\/wp-json\/wp\/v2\/pages"}],"about":[{"href":"https:\/\/brightbid.com\/sv\/wp-json\/wp\/v2\/types\/page"}],"author":[{"embeddable":true,"href":"https:\/\/brightbid.com\/sv\/wp-json\/wp\/v2\/users\/11"}],"replies":[{"embeddable":true,"href":"https:\/\/brightbid.com\/sv\/wp-json\/wp\/v2\/comments?post=28226"}],"version-history":[{"count":3,"href":"https:\/\/brightbid.com\/sv\/wp-json\/wp\/v2\/pages\/28226\/revisions"}],"predecessor-version":[{"id":28371,"href":"https:\/\/brightbid.com\/sv\/wp-json\/wp\/v2\/pages\/28226\/revisions\/28371"}],"wp:attachment":[{"href":"https:\/\/brightbid.com\/sv\/wp-json\/wp\/v2\/media?parent=28226"}],"curies":[{"name":"wp","href":"https:\/\/api.w.org\/{rel}","templated":true}]}}