{"id":14736,"date":"2023-06-22T09:54:35","date_gmt":"2023-06-22T09:54:35","guid":{"rendered":"https:\/\/brightbid.com\/book-a-discovery-call\/"},"modified":"2025-03-04T12:47:39","modified_gmt":"2025-03-04T12:47:39","slug":"book-a-discovery-call","status":"publish","type":"page","link":"https:\/\/brightbid.com\/sv\/book-a-discovery-call\/","title":{"rendered":"Boka ett Discovery Call"},"content":{"rendered":"\n<style> @media(max-width: 1024px) {.section_container-a1dfc19 { padding: 0px 25px !important; }.section_container-a1dfc19 { background-position: top right !important; }} <\/style><section style=\"padding-top:var(--wp--preset--spacing--7-xs);\" class=\"alignfull is-style-mobile-full-width wp-block-webicient-section\">\n\n\t<div class=\"section_container section_container-a1dfc19\" style=\"background-position:top right;background-repeat:no-repeat;background-size:contain;padding:0px 30px;flex-direction: column;\">\n\n\t\t\t<div class=\"section__contained\">\n\t\t\t<div style=\"padding-bottom:var(--wp--preset--spacing--2-xs);\" class=\"wp-block-webicient-breadcrumbs\"><nav aria-label=\"breadcrumbs\" class=\"rank-math-breadcrumb\"><p><span class=\"last\">Hem<\/span><\/p><\/nav><\/div>\t\t<\/div>\n\t\t\t<\/div>\n<\/section>\n\n\n\n<style> @media(max-width: 1024px) {.section_container-db52ce3 { background-image: none !important; }.section_container-db52ce3 { padding: 0px 25px !important; }.section_container-db52ce3 { background-position: top right !important; }} <\/style><section class=\"alignfull is-style-mobile-full-width wp-block-webicient-section\">\n\n\t<div class=\"section_container section_container-db52ce3\" style=\"background-position:top right -150px;background-repeat:no-repeat;background-size:55%;background-image: url('https:\/\/brightbid.com\/wp-content\/uploads\/2024\/10\/Group-5776.png');padding:0px 30px;flex-direction: column;\">\n\n\t\t\t<div class=\"section__contained\">\n\t\t\t\n<div class=\"wp-block-group has-global-padding is-layout-constrained wp-block-group-is-layout-constrained\">\n<h2 class=\"wp-block-heading\" style=\"font-size:clamp(1.805rem, 1.805rem + ((1vw - 0.2rem) * 1.927), 3.13rem);\">Boka ett <em>kostnadsfritt<\/em> samtal<\/h2>\n\n\n\n<p>Uppt\u00e4ck hur du kan f\u00e5 ut mer av din investering i betald s\u00f6kannonsering<\/p>\n\n\n\n<script charset=\"utf-8\" type=\"text\/javascript\" src=\"\/\/js-eu1.hsforms.net\/forms\/embed\/v2.js\"><\/script>\n<script>\n  hbspt.forms.create({\n    portalId: \"145837750\",\n    formId: \"d562dd08-1ef3-4f29-94f1-7e174977fc2d\",\n    region: \"eu1\",\n    sfdcCampaignId: \"7017Q000000cMPTQA2\"\n  });\n<\/script>\n<\/div>\n\t\t<\/div>\n\t\t\t<\/div>\n<\/section>\n\n\n\n<style> @media(max-width: 1024px) {.section_container-9101534 { padding: 60px 30px !important; }.section_container-9101534 { background-position: bottom right !important; }.section_container-9101534 { background-size: cover !important; }} <\/style><section style=\"margin-top:0;margin-bottom:0;\" class=\"alignfull is-style-webicient-quote-container wp-block-webicient-section has-background has-primary-400-background-color\">\n\n\t<div class=\"section_container section_container-9101534\" style=\"background-position:bottom right;background-repeat:no-repeat;background-size:600px;background-image: url('https:\/\/brightbid.com\/wp-content\/uploads\/2023\/07\/review-bg.png');padding:80px 30px;justify-content:center;align-items:center;display: flex;flex-direction: column;\">\n\n\t\t\t<div class=\"section__contained\">\n\t\t\t\n<div class=\"wp-block-group is-horizontal is-content-justification-left is-nowrap is-layout-flex wp-container-core-group-is-layout-bb7878ed wp-block-group-is-layout-flex\" style=\"margin-bottom:var(--wp--preset--spacing--1-sm)\">\n<p class=\"has-white-400-color has-text-color has-default-font-size\">Recension<\/p>\n\n\n\n<hr class=\"wp-block-separator has-text-color has-white-400-color has-alpha-channel-opacity has-white-400-background-color has-background wp-container-content-00dec262\"\/>\n<\/div>\n\n<div class=\"wp-block-columns are-vertically-aligned-center is-style-webicient-columns-full-width is-layout-flex wp-container-core-columns-is-layout-28f84493 wp-block-columns-is-layout-flex\">\n<div class=\"wp-block-column is-vertically-aligned-center is-layout-flow wp-block-column-is-layout-flow\" style=\"flex-basis:25%\">\n<figure class=\"wp-block-image size-full is-resized is-style-webicient-image-rounded\"><img decoding=\"async\" src=\"https:\/\/brightbid.com\/wp-content\/uploads\/2024\/09\/Johanna.Holmgren-q7uwlxer18q0bck8hpgpoe6v0uyku8c033cqmptu48.png.webp.png\" alt=\"\" class=\"wp-image-24792\" style=\"width:188px;height:188px\" width=\"188\" height=\"188\" srcset=\"https:\/\/brightbid.com\/wp-content\/uploads\/2024\/09\/Johanna.Holmgren-q7uwlxer18q0bck8hpgpoe6v0uyku8c033cqmptu48.png.webp.png 377w, https:\/\/brightbid.com\/wp-content\/uploads\/2024\/09\/Johanna.Holmgren-q7uwlxer18q0bck8hpgpoe6v0uyku8c033cqmptu48.png.webp-300x300.png 300w, https:\/\/brightbid.com\/wp-content\/uploads\/2024\/09\/Johanna.Holmgren-q7uwlxer18q0bck8hpgpoe6v0uyku8c033cqmptu48.png.webp-150x150.png 150w\" sizes=\"(max-width: 188px) 100vw, 188px\" \/><\/figure>\n<\/div>\n\n\n\n<div class=\"wp-block-column is-vertically-aligned-center is-layout-flow wp-block-column-is-layout-flow\" style=\"flex-basis:70%\">\n<div class=\"wp-block-group is-style-webicient-mobile-full-width has-global-padding is-content-justification-left is-layout-constrained wp-container-core-group-is-layout-21bdf163 wp-block-group-is-layout-constrained\">\n<blockquote class=\"wp-block-quote has-white-400-color has-text-color is-layout-flow wp-block-quote-is-layout-flow\">\n<p class=\"has-medium-font-size\" style=\"font-style:italic;font-weight:400\">BrightBid har varit en verklig spelv\u00e4xlare f\u00f6r oss. Vi har sett en kontinuerlig f\u00f6rb\u00e4ttring av resultaten sedan vi b\u00f6rjade arbeta tillsammans, och deras insikter \u00e4r ov\u00e4rderliga f\u00f6r v\u00e5r dagliga verksamhet. <\/p>\n<\/blockquote>\n\n\n\n<p class=\"has-white-400-color has-text-color\" style=\"padding-top:var(--wp--preset--spacing--1-xs);padding-bottom:var(--wp--preset--spacing--1-xs)\">Johanna Holmgren, TUC Vocational College<\/p>\n<\/div>\n<\/div>\n<\/div>\n\t\t<\/div>\n\t\t\t<\/div>\n<\/section>\n","protected":false},"excerpt":{"rendered":"","protected":false},"author":11,"featured_media":0,"parent":0,"menu_order":0,"comment_status":"closed","ping_status":"closed","template":"page-header-light","meta":{"content-type":"","footnotes":""},"class_list":["post-14736","page","type-page","status-publish","hentry"],"acf":[],"_links":{"self":[{"href":"https:\/\/brightbid.com\/sv\/wp-json\/wp\/v2\/pages\/14736","targetHints":{"allow":["GET"]}}],"collection":[{"href":"https:\/\/brightbid.com\/sv\/wp-json\/wp\/v2\/pages"}],"about":[{"href":"https:\/\/brightbid.com\/sv\/wp-json\/wp\/v2\/types\/page"}],"author":[{"embeddable":true,"href":"https:\/\/brightbid.com\/sv\/wp-json\/wp\/v2\/users\/11"}],"replies":[{"embeddable":true,"href":"https:\/\/brightbid.com\/sv\/wp-json\/wp\/v2\/comments?post=14736"}],"version-history":[{"count":29,"href":"https:\/\/brightbid.com\/sv\/wp-json\/wp\/v2\/pages\/14736\/revisions"}],"predecessor-version":[{"id":28770,"href":"https:\/\/brightbid.com\/sv\/wp-json\/wp\/v2\/pages\/14736\/revisions\/28770"}],"wp:attachment":[{"href":"https:\/\/brightbid.com\/sv\/wp-json\/wp\/v2\/media?parent=14736"}],"curies":[{"name":"wp","href":"https:\/\/api.w.org\/{rel}","templated":true}]}}