{"id":1088,"date":"2023-06-15T12:52:13","date_gmt":"2023-06-15T12:52:13","guid":{"rendered":"https:\/\/brightbid.com\/contact-us\/"},"modified":"2025-03-04T15:10:59","modified_gmt":"2025-03-04T15:10:59","slug":"kontakt","status":"publish","type":"page","link":"https:\/\/brightbid.com\/sv\/kontakt\/","title":{"rendered":"Kontakta oss"},"content":{"rendered":"\n<style> @media(max-width: 1024px) {.section_container-0a0c8c9 { padding: 30px !important; }.section_container-0a0c8c9 { background-position: bottom right !important; }} <\/style><section style=\"margin-top:0;margin-bottom:0;\" class=\"alignfull is-style-mobile-full-width wp-block-webicient-section\">\n\n\t<div class=\"section_container section_container-0a0c8c9\" style=\"background-position:bottom right;background-repeat:no-repeat;background-size:initial;padding:30px;justify-content:center;align-items:center;display: flex;flex-direction: column;\">\n\n\t\t\t<div class=\"section__contained\">\n\t\t\t\n<div style=\"height:100px\" aria-hidden=\"true\" class=\"wp-block-spacer is-style-webicient-spacer-hide-on-mobile\"><\/div>\n\n<div style=\"height:20px\" aria-hidden=\"true\" class=\"wp-block-spacer is-style-webicient-spacer-hide-on-desktop\"><\/div>\n<div class=\"is-style-default wp-block-webicient-breadcrumbs\"><nav aria-label=\"breadcrumbs\" class=\"rank-math-breadcrumb\"><p><span class=\"last\">Hem<\/span><\/p><\/nav><\/div>\n<div style=\"height:160px\" aria-hidden=\"true\" class=\"wp-block-spacer is-style-webicient-spacer-hide-on-mobile\"><\/div>\n\n<div style=\"height:50px\" aria-hidden=\"true\" class=\"wp-block-spacer is-style-webicient-spacer-hide-on-desktop\"><\/div>\n\n<div class=\"wp-block-group is-style-webicient-mobile-full-width has-global-padding is-layout-constrained wp-container-core-group-is-layout-82764ef8 wp-block-group-is-layout-constrained\"><h2 class=\"has-text-align-center wp-block-post-title\">Kontakta oss<\/h2>\n\n\n<p class=\"has-text-align-center has-default-font-size\" style=\"margin-top:var(--wp--preset--spacing--1-xs);margin-bottom:0;line-height:1.5\">Vi hj\u00e4lper er att synas online! P\u00e5 BrightBid satsar vi p\u00e5 att skapa fantastiska resultat och varaktiga relationer med v\u00e5ra kunder. L\u00e4mna dina kontaktuppgifter nedan s\u00e5 h\u00f6r vi av oss inom kort!<\/p>\n<\/div>\n\n<div style=\"height:200px\" aria-hidden=\"true\" class=\"wp-block-spacer is-style-webicient-spacer-hide-on-mobile\"><\/div>\n\n<div style=\"height:50px\" aria-hidden=\"true\" class=\"wp-block-spacer is-style-webicient-spacer-hide-on-desktop\"><\/div>\n\t\t<\/div>\n\t\t\t<\/div>\n<\/section>\n\n\n\n<style> @media(max-width: 1024px) {.section_container-e7f1cad { padding: 30px 0 30px 0 !important; }.section_container-e7f1cad { background-position: top right !important; }} <\/style><section style=\"margin-top:0;margin-bottom:0;\" class=\"wp-block-webicient-section has-background has-white-400-background-color\">\n\n\t<div class=\"section_container section_container-e7f1cad\" style=\"background-position:top right;background-repeat:no-repeat;background-size:initial;padding:120px 30px;justify-content:flex-start;align-items:flex-start;display: flex;flex-direction: column;\">\n\n\t\t\t\t\n<div class=\"wp-block-columns is-layout-flex wp-container-core-columns-is-layout-28f84493 wp-block-columns-is-layout-flex\">\n<div class=\"wp-block-column is-layout-flow wp-block-column-is-layout-flow\" style=\"padding-right:var(--wp--preset--spacing--2-xs);flex-basis:50%\">\n<h1 class=\"wp-block-heading has-base-color has-text-color\">Vill du komma i kontakt med oss?<\/h1>\n\n\n\n<p class=\"has-base-color has-text-color has-default-font-size\" style=\"margin-top:var(--wp--preset--spacing--1-xs);margin-bottom:0;line-height:1.5\">Vi hj\u00e4lper er att synas online! P\u00e5 BrightBid satsar vi p\u00e5 att skapa fantastiska resultat och varaktiga relationer med v\u00e5ra kunder. L\u00e4mna dina kontaktuppgifter nedan s\u00e5 h\u00f6r vi av oss inom kort!<\/p>\n\n\n\n<div class=\"wp-block-buttons is-layout-flex wp-block-buttons-is-layout-flex\">\n<div class=\"wp-block-button has-custom-font-size is-style-with-arrow has-default-font-size\"><a class=\"wp-block-button__link has-white-400-color has-base-background-color has-text-color has-background wp-element-button\" href=\"https:\/\/brightbid.com\/sv\/boka-en-demo\/\"><strong>Boka en demo<\/strong><\/a><\/div>\n<\/div>\n<\/div>\n\n\n\n<div class=\"wp-block-column is-layout-flow wp-block-column-is-layout-flow\" style=\"flex-basis:50%\">\n<div class=\"wp-block-group has-white-400-background-color has-background has-global-padding is-content-justification-left is-layout-constrained wp-container-core-group-is-layout-734e951c wp-block-group-is-layout-constrained\" style=\"padding-top:0;padding-right:var(--wp--preset--spacing--1-xs);padding-bottom:0;padding-left:var(--wp--preset--spacing--1-xs)\">\n<script charset=\"utf-8\" type=\"text\/javascript\" src=\"\/\/js-eu1.hsforms.net\/forms\/embed\/v2.js\"><\/script>\n<script>\n  hbspt.forms.create({\n    portalId: \"145837750\",\n    formId: \"ae34581b-a3c5-4d4e-a38f-baceb0e94333\",\n    region: \"eu1\",\n    sfdcCampaignId: \"7017Q000000cRa2QAE\"\n  });\n<\/script>\n<\/div>\n<\/div>\n<\/div>\n\t<\/div>\n<\/section>\n\n\n\n<style> @media(max-width: 1024px) {.section_container-5458ae3 { background-image: none !important; }.section_container-5458ae3 { padding: 30px 0 0 0 !important; }.section_container-5458ae3 { background-position: top right !important; }} <\/style><section style=\"margin-top:0;margin-bottom:0;\" class=\"alignfull is-style-mobile-full-width wp-block-webicient-section has-background has-secondary-400-background-color\">\n\n\t<div class=\"section_container section_container-5458ae3\" style=\"background-position:bottom left;background-repeat:no-repeat;background-size:500PX;background-image: url('https:\/\/brightbid.com\/wp-content\/uploads\/2023\/06\/faq-background.png');padding:120px 30px;justify-content:center;align-items:center;display: flex;flex-direction: column;\">\n\n\t\t\t<div class=\"section__contained\">\n\t\t\t\n<div class=\"wp-block-columns is-style-webicient-columns-full-width is-layout-flex wp-container-core-columns-is-layout-28f84493 wp-block-columns-is-layout-flex\">\n<div class=\"wp-block-column is-style-webicient-mobile-no-padding-inline is-layout-flow wp-block-column-is-layout-flow\" style=\"flex-basis:30%\">\n<p class=\"has-text-align-left is-style-webicient-mobile-padding-inline has-base-color has-text-color has-heading-2-font-size\"><strong>FAQ<\/strong><\/p>\n<\/div>\n\n\n\n<div class=\"wp-block-column is-layout-flow wp-block-column-is-layout-flow\" style=\"flex-basis:70%\">\n<div class=\"wp-block-webicient-accordions accordions\"><details class=\"accordion wp-block-webicient-accordion\">\n\t<summary class=\"accordion__summary\">\n\t\t<span>Vad kr\u00e4vs av mig som kund?<\/span> <svg width=\"17\" height=\"17\" viewBox=\"0 0 17 17\" fill=\"none\" xmlns=\"http:\/\/www.w3.org\/2000\/svg\">\n\t\t\t<rect y=\"7\" width=\"17\" height=\"3\" fill=\"black\" \/>\n\t\t\t<rect x=\"7\" width=\"3\" height=\"17\" fill=\"black\" \/>\n\t\t<\/svg>\n\n\t<\/summary>\n\t<div class=\"accordion__content\">\n\t\t\n<p class=\"has-white-400-color has-text-color\">Vi beh\u00f6ver inte s\u00e4rskilt mycket fr\u00e5n dig som kund, vid ditt f\u00f6rsta m\u00f6te med en fr\u00e5n v\u00e5rt CSM team h\u00e4mtar vi den information vi beh\u00f6ver. Vi ser ocks\u00e5 till att vi f\u00e5tt tillg\u00e5ng till ert Google Ads konto och Analytics konto.<\/p>\n\t<\/div>\n<\/details>\n\n\n<details class=\"accordion wp-block-webicient-accordion\">\n\t<summary class=\"accordion__summary\">\n\t\t<span>V\u00e4ljer ni vilka konverteringsm\u00e5l AI-roboten ska jobba emot?<\/span> <svg width=\"17\" height=\"17\" viewBox=\"0 0 17 17\" fill=\"none\" xmlns=\"http:\/\/www.w3.org\/2000\/svg\">\n\t\t\t<rect y=\"7\" width=\"17\" height=\"3\" fill=\"black\" \/>\n\t\t\t<rect x=\"7\" width=\"3\" height=\"17\" fill=\"black\" \/>\n\t\t<\/svg>\n\n\t<\/summary>\n\t<div class=\"accordion__content\">\n\t\t\n<p class=\"has-white-400-color has-text-color\">Vi v\u00e4ljer gemensamt under v\u00e5rt uppstartsm\u00f6te vilka konverteringsm\u00e5l som \u00e4r l\u00e4mpligast. V\u00e5ran analytiker kommer alltid att f\u00f6resl\u00e5 m\u00e5l baserat p\u00e5 sin erfarenhet men i slutet av dagen avg\u00f6r du vilka som \u00e4r de viktigaste m\u00e5len f\u00f6r din verksamhet.<\/p>\n\t<\/div>\n<\/details>\n\n\n<details class=\"accordion wp-block-webicient-accordion\">\n\t<summary class=\"accordion__summary\">\n\t\t<span>Vad \u00e4r AI?<\/span> <svg width=\"17\" height=\"17\" viewBox=\"0 0 17 17\" fill=\"none\" xmlns=\"http:\/\/www.w3.org\/2000\/svg\">\n\t\t\t<rect y=\"7\" width=\"17\" height=\"3\" fill=\"black\" \/>\n\t\t\t<rect x=\"7\" width=\"3\" height=\"17\" fill=\"black\" \/>\n\t\t<\/svg>\n\n\t<\/summary>\n\t<div class=\"accordion__content\">\n\t\t\n<p class=\"has-white-400-color has-text-color\">Artificiell Intelligens (AI) \u00e4r en intelligent maskin som har en f\u00f6rm\u00e5ga att jobba sj\u00e4lvst\u00e4ndigt. Maskinen genomg\u00e5r en inl\u00e4rningsperiod d\u00e5 den uppfattar sin omgivning och analyserar den. Av den stora m\u00e4ngder data maskinen analyserar drar den insikter och l\u00e4r sig hur den ska arbeta med denna data.<\/p>\n\t<\/div>\n<\/details>\n<\/div>\n<\/div>\n<\/div>\n\t\t<\/div>\n\t\t\t<\/div>\n<\/section>\n","protected":false},"excerpt":{"rendered":"","protected":false},"author":11,"featured_media":0,"parent":0,"menu_order":0,"comment_status":"closed","ping_status":"closed","template":"page-no-header","meta":{"content-type":"","footnotes":""},"class_list":["post-1088","page","type-page","status-publish","hentry"],"acf":[],"_links":{"self":[{"href":"https:\/\/brightbid.com\/sv\/wp-json\/wp\/v2\/pages\/1088","targetHints":{"allow":["GET"]}}],"collection":[{"href":"https:\/\/brightbid.com\/sv\/wp-json\/wp\/v2\/pages"}],"about":[{"href":"https:\/\/brightbid.com\/sv\/wp-json\/wp\/v2\/types\/page"}],"author":[{"embeddable":true,"href":"https:\/\/brightbid.com\/sv\/wp-json\/wp\/v2\/users\/11"}],"replies":[{"embeddable":true,"href":"https:\/\/brightbid.com\/sv\/wp-json\/wp\/v2\/comments?post=1088"}],"version-history":[{"count":17,"href":"https:\/\/brightbid.com\/sv\/wp-json\/wp\/v2\/pages\/1088\/revisions"}],"predecessor-version":[{"id":28787,"href":"https:\/\/brightbid.com\/sv\/wp-json\/wp\/v2\/pages\/1088\/revisions\/28787"}],"wp:attachment":[{"href":"https:\/\/brightbid.com\/sv\/wp-json\/wp\/v2\/media?parent=1088"}],"curies":[{"name":"wp","href":"https:\/\/api.w.org\/{rel}","templated":true}]}}