{"id":1078,"date":"2023-05-26T15:50:49","date_gmt":"2023-05-26T15:50:49","guid":{"rendered":"https:\/\/brightbid.com\/about-us\/"},"modified":"2026-01-15T10:16:15","modified_gmt":"2026-01-15T10:16:15","slug":"om-oss","status":"publish","type":"page","link":"https:\/\/brightbid.com\/sv\/om-oss\/","title":{"rendered":"Om oss"},"content":{"rendered":"\n<div class=\"alignfull is-style-desktop-bg wp-block-create-block-hero\">\n\t<div class=\"wp-block-create-block-hero__inner\">\n\t\t\n<div style=\"height:150px\" aria-hidden=\"true\" class=\"wp-block-spacer is-style-webicient-spacer-hide-on-mobile\"><\/div>\n\n<div style=\"height:50px\" aria-hidden=\"true\" class=\"wp-block-spacer is-style-webicient-spacer-hide-on-desktop\"><\/div>\n\n<div class=\"wp-block-group has-global-padding is-layout-constrained wp-block-group-is-layout-constrained\"><div class=\"is-style-default wp-block-webicient-breadcrumbs\"><nav aria-label=\"breadcrumbs\" class=\"rank-math-breadcrumb\"><p><span class=\"last\">Hem<\/span><\/p><\/nav><\/div>\n\n\n<div style=\"height:20px\" aria-hidden=\"true\" class=\"wp-block-spacer is-style-default\"><\/div>\n\n\n\n<div class=\"wp-block-group is-style-webicient-mobile-full-width has-global-padding is-layout-constrained wp-container-core-group-is-layout-82764ef8 wp-block-group-is-layout-constrained\">\n<h2 class=\"wp-block-heading has-text-align-center\">Framtidens AdTech-bolag<\/h2>\n\n\n\n<p class=\"has-text-align-center has-default-font-size\" style=\"margin-top:var(--wp--preset--spacing--1-xs);margin-bottom:0;line-height:1.5\">BrightBid \u00e4r ett AdTech-bolag som drivs av att skapa tydliga resultat och merv\u00e4rde f\u00f6r v\u00e5ra kunder. Vi \u00e4lskar att nyttja kraften hos nya teknologier f\u00f6r att driva kundv\u00e4rde.<\/p>\n<\/div>\n\n\n\n<div style=\"height:150px\" aria-hidden=\"true\" class=\"wp-block-spacer is-style-webicient-spacer-hide-on-mobile\"><\/div>\n\n\n\n<div style=\"height:20px\" aria-hidden=\"true\" class=\"wp-block-spacer is-style-webicient-spacer-hide-on-desktop\"><\/div>\n<\/div>\n\t<\/div>\n<\/div>\n\n\n\n<style> @media(max-width: 1024px) {.section_container-29038b1 { padding: 30px 0 !important; }.section_container-29038b1 { background-position: top right !important; }} <\/style><section class=\"is-style-mobile-full-width wp-block-webicient-section\">\n\n\t<div class=\"section_container section_container-29038b1\" style=\"background-position:top right;background-repeat:no-repeat;background-size:initial;padding:120px 30px;flex-direction: column;\">\n\n\t\t\t<div class=\"section__contained\">\n\t\t\t\n<div class=\"wp-block-webicient-image-content\" data-mobile=\"bottom\" data-desktop=\"left\" data-mobile-image=\"1\">\n\t<div class=\"wp-block-create-block-hero__inner\">\n\t\t\n<div class=\"wp-block-columns is-style-webicient-columns-full-width has-global-padding is-layout-constrained wp-block-columns-is-layout-constrained\">\n<div class=\"wp-block-column is-style-webicient-mobile-no-padding has-global-padding is-layout-constrained wp-block-column-is-layout-constrained\" style=\"flex-basis:700px\">\n<figure class=\"wp-block-image alignleft size-full is-resized\"><img decoding=\"async\" width=\"764\" height=\"548\" src=\"https:\/\/brightbid.com\/wp-content\/uploads\/2023\/06\/rick-rothenberg-UTOxyAK6FhY-unsplash-1.png\" alt=\"\" class=\"wp-image-366\" style=\"aspect-ratio:1.1496350364963503;object-fit:contain;width:600px\" srcset=\"https:\/\/brightbid.com\/wp-content\/uploads\/2023\/06\/rick-rothenberg-UTOxyAK6FhY-unsplash-1.png 764w, https:\/\/brightbid.com\/wp-content\/uploads\/2023\/06\/rick-rothenberg-UTOxyAK6FhY-unsplash-1-300x215.png 300w\" sizes=\"(max-width: 764px) 100vw, 764px\" \/><\/figure>\n<\/div>\n\n\n\n<div class=\"wp-block-column is-style-webicient-mobile-no-padding is-layout-flow wp-block-column-is-layout-flow\">\n<h2 class=\"wp-block-heading\">Ett <strong><em><mark style=\"background-color:rgba(0, 0, 0, 0)\" class=\"has-inline-color has-primary-400-color\">AdTech<\/mark><\/em><\/strong>-bolag <br>som \u00f6kar dina <br>resultat online<\/h2>\n\n\n\n<p>BrightBid best\u00e5r av ett ambiti\u00f6st globalt team av AI-experter, <br>dataforskare, specialister inom betald s\u00f6k, tekniskt kunniga <br>utvecklare och ett drivet f\u00f6rs\u00e4ljningsteam. <br>Vi fokuserar p\u00e5 Google och Bing Ads och har erfarenhet av <br>att arbeta med en bred kundbas inom olika branscher, <br>med b\u00e5de stora och sm\u00e5 marknadsf\u00f6ringsbudgetar. <br><br>Vi arbetar med den senaste teknologin inom varje kundsegment <br>och str\u00e4var efter att driva v\u00e5r bransch fram\u00e5t genom <br>innovationer som utvecklats internt. Vi har omfattande erfarenhet<br>inom digital marknadsf\u00f6ring och verktygen f\u00f6r att g\u00f6ra <br>f\u00f6retag synliga online och f\u00f6rb\u00e4ttra v\u00e4rdet de f\u00e5r fr\u00e5n sin annonseringsbudget.<\/p>\n<\/div>\n<\/div>\n\t<\/div>\n<\/div>\n\t\t<\/div>\n\t\t\t<\/div>\n<\/section>\n\n\n\n<style> @media(max-width: 1024px) {.section_container-4783962 { padding: 60px 30px !important; }.section_container-4783962 { background-position: top right !important; }.section_container-4783962 { flex-direction: column !important; }} <\/style><section class=\"alignfull wp-block-webicient-section has-background has-white-600-background-color\">\n\n\t<div class=\"section_container section_container-4783962\" style=\"background-position:top right;background-repeat:no-repeat;background-size:initial;padding:120px 30px;justify-content:center;align-items:center;display: flex;flex-direction: column;\">\n\n\t\t\t<div class=\"section__contained\">\n\t\t\t\n<h2 class=\"wp-block-heading has-text-align-center\" style=\"margin-top:0;margin-right:0;margin-bottom:0;margin-left:0\"><strong><strong>Vill du bli en del av framtidens techbolag?<\/strong><\/strong><\/h2>\n\n<div class=\"wp-block-group is-style-webicient-mobile-full-width has-global-padding is-layout-constrained wp-container-core-group-is-layout-c8dc67ae wp-block-group-is-layout-constrained\" style=\"margin-top:var(--wp--preset--spacing--1-sm);margin-bottom:var(--wp--preset--spacing--1-sm)\">\n<p class=\"has-text-align-center has-default-font-size\" style=\"margin-bottom:var(--wp--preset--spacing--1-md)\">Vi expanderar snabbt p\u00e5 olika marknader. <br>Vi publicerar v\u00e5ra lediga jobb h\u00e4r eller s\u00e5 kan du skicka <br>oss ditt CV f\u00f6r framtida vakanser.<\/p>\n<\/div>\n\t\t<\/div>\n\t\t\t<\/div>\n<\/section>\n\n\n\n<div style=\"height:100px\" aria-hidden=\"true\" class=\"wp-block-spacer\"><\/div>\n\n\n\n<div style=\"padding-top:var(--wp--preset--spacing--1-sm)\" class=\"wp-block-webicient-awards\"><div class=\"wp-block-webicient-awards__content\"><h2>Priser<\/h2><p>Vi gillar att vara i framkant av v\u00e5r bransch och omfamna teknologi som driver mer v\u00e4rde f\u00f6r v\u00e5ra kunder. H\u00e4r \u00e4r n\u00e5gra av v\u00e5ra nyligen mottagna utm\u00e4rkelser.<\/p><div class=\"wp-block-webicient-awards__controls\"><div class=\"wp-block-webicient-awards__controls-top\"><div class=\"swiper-progress\"><span class=\"swiper-progress__start\">1<\/span><span>\/<\/span><span class=\"swiper-progress__stop\"><\/span><\/div><div class=\"swiper-nav\"><button class=\"swiper-prev-pl\"><svg width=\"14\" height=\"13\" viewBox=\"0 0 14 13\" fill=\"none\" xmlns=\"http:\/\/www.w3.org\/2000\/svg\"><path d=\"M3.3495 7.33569L8.043 11.8183L6.80575 13L3.24081e-07 6.5L6.80575 -3.86014e-07L8.043 1.18166L3.3495 5.66431L14 5.66431L14 7.33569L3.3495 7.33569Z\" fill=\"#0B0B0B\"><\/path><\/svg><\/button><button class=\"swiper-next-pl\"><svg width=\"14\" height=\"13\" viewBox=\"0 0 14 13\" fill=\"none\" xmlns=\"http:\/\/www.w3.org\/2000\/svg\"><path d=\"M10.6505 5.66431L5.957 1.18167L7.19425 0L14 6.5L7.19425 13L5.957 11.8183L10.6505 7.33569H0V5.66431H10.6505Z\" fill=\"#0B0B0B\"><\/path><\/svg><\/button><\/div><\/div><div class=\"swiper-progress__line\"><div class=\"swiper-progress__line-inner\"><\/div><\/div><\/div><\/div><div class=\"wp-block-webicient-awards__body\"><swiper-container init=\"false\">\n<swiper-slide><div class=\"wp-block-webicient-award\"><div class=\"wp-block-webicient-award__text\"><p>UK Search Awards 2024: Best Use Of Search &#8211; B2B (PPC) (LARGE)<\/p><\/div><div class=\"wp-block-webicient-award__images\">\n<figure class=\"wp-block-image size-full wp-block-webicient-award__image\"><img decoding=\"async\" width=\"597\" height=\"189\" src=\"https:\/\/brightbid.com\/wp-content\/uploads\/2024\/10\/finalist202.png\" alt=\"\" class=\"wp-image-25969\" srcset=\"https:\/\/brightbid.com\/wp-content\/uploads\/2024\/10\/finalist202.png 597w, https:\/\/brightbid.com\/wp-content\/uploads\/2024\/10\/finalist202-300x95.png 300w\" sizes=\"(max-width: 597px) 100vw, 597px\" \/><\/figure>\n<\/div><\/div><\/swiper-slide>\n\n\n\n<swiper-slide><div class=\"wp-block-webicient-award\"><div class=\"wp-block-webicient-award__text\"><p>Global Search Awards 2023: Best Use Of Search \u2013 B2B (PPC); Finalist<\/p><\/div><div class=\"wp-block-webicient-award__images\">\n<figure class=\"wp-block-image size-large wp-block-webicient-award__image\"><img decoding=\"async\" width=\"1024\" height=\"323\" src=\"https:\/\/brightbid.com\/wp-content\/uploads\/2023\/08\/GSA23_Finalist1-1-2048x645.png-1024x323.webp\" alt=\"\" class=\"wp-image-15240\" srcset=\"https:\/\/brightbid.com\/wp-content\/uploads\/2023\/08\/GSA23_Finalist1-1-2048x645.png-1024x323.webp 1024w, https:\/\/brightbid.com\/wp-content\/uploads\/2023\/08\/GSA23_Finalist1-1-2048x645.png-300x94.webp 300w, https:\/\/brightbid.com\/wp-content\/uploads\/2023\/08\/GSA23_Finalist1-1-2048x645.png-768x242.webp 768w, https:\/\/brightbid.com\/wp-content\/uploads\/2023\/08\/GSA23_Finalist1-1-2048x645.png-1536x484.webp 1536w, https:\/\/brightbid.com\/wp-content\/uploads\/2023\/08\/GSA23_Finalist1-1-2048x645.png.webp 2048w\" sizes=\"(max-width: 1024px) 100vw, 1024px\" \/><\/figure>\n<\/div><\/div><\/swiper-slide>\n\n\n\n<swiper-slide><div class=\"wp-block-webicient-award\"><div class=\"wp-block-webicient-award__text\"><p>BrightBid bel\u00f6nades med highly commended f\u00f6r b\u00e4sta annonsteknologiska innovation vid Performance Marketing World Awards 2022<\/p><\/div><div class=\"wp-block-webicient-award__images\">\n<figure class=\"wp-block-image size-full wp-block-webicient-award__image\"><img decoding=\"async\" width=\"379\" height=\"364\" src=\"https:\/\/brightbid.com\/wp-content\/uploads\/2023\/06\/PMWA_UK_22_HC-1-1.png\" alt=\"\" class=\"wp-image-229\" srcset=\"https:\/\/brightbid.com\/wp-content\/uploads\/2023\/06\/PMWA_UK_22_HC-1-1.png 379w, https:\/\/brightbid.com\/wp-content\/uploads\/2023\/06\/PMWA_UK_22_HC-1-1-300x288.png 300w\" sizes=\"(max-width: 379px) 100vw, 379px\" \/><\/figure>\n<\/div><\/div><\/swiper-slide>\n\n\n\n<swiper-slide><div class=\"wp-block-webicient-award\"><div class=\"wp-block-webicient-award__text\"><p>European Search Awards 2023: B\u00e4sta l\u00e5gbudgetkampanj (PPC): Finalist<\/p><\/div><div class=\"wp-block-webicient-award__images\">\n<figure class=\"wp-block-image size-large wp-block-webicient-award__image\"><img decoding=\"async\" width=\"1024\" height=\"322\" src=\"https:\/\/brightbid.com\/wp-content\/uploads\/2023\/07\/EUSA23_FINALIST_COLOUR-1-1024x322.png\" alt=\"\" class=\"wp-image-1786\" srcset=\"https:\/\/brightbid.com\/wp-content\/uploads\/2023\/07\/EUSA23_FINALIST_COLOUR-1-1024x322.png 1024w, https:\/\/brightbid.com\/wp-content\/uploads\/2023\/07\/EUSA23_FINALIST_COLOUR-1-300x94.png 300w, https:\/\/brightbid.com\/wp-content\/uploads\/2023\/07\/EUSA23_FINALIST_COLOUR-1-768x242.png 768w, https:\/\/brightbid.com\/wp-content\/uploads\/2023\/07\/EUSA23_FINALIST_COLOUR-1-1536x484.png 1536w, https:\/\/brightbid.com\/wp-content\/uploads\/2023\/07\/EUSA23_FINALIST_COLOUR-1-2048x645.png 2048w\" sizes=\"(max-width: 1024px) 100vw, 1024px\" \/><\/figure>\n<\/div><\/div><\/swiper-slide>\n\n\n\n<swiper-slide><div class=\"wp-block-webicient-award\"><div class=\"wp-block-webicient-award__text\"><p>UK Digital Excellence Awards 2023: B\u00e4sta anv\u00e4ndning av B2B PPC: Finalist<\/p><\/div><div class=\"wp-block-webicient-award__images\">\n<figure class=\"wp-block-image size-large wp-block-webicient-award__image\"><img decoding=\"async\" width=\"1024\" height=\"645\" src=\"https:\/\/brightbid.com\/wp-content\/uploads\/2023\/08\/UK-Digital-Excellence-Awards-Logo-pink-1024x645.png\" alt=\"\" class=\"wp-image-15254\" srcset=\"https:\/\/brightbid.com\/wp-content\/uploads\/2023\/08\/UK-Digital-Excellence-Awards-Logo-pink-1024x645.png 1024w, https:\/\/brightbid.com\/wp-content\/uploads\/2023\/08\/UK-Digital-Excellence-Awards-Logo-pink-300x189.png 300w, https:\/\/brightbid.com\/wp-content\/uploads\/2023\/08\/UK-Digital-Excellence-Awards-Logo-pink-768x484.png 768w, https:\/\/brightbid.com\/wp-content\/uploads\/2023\/08\/UK-Digital-Excellence-Awards-Logo-pink-1536x968.png 1536w, https:\/\/brightbid.com\/wp-content\/uploads\/2023\/08\/UK-Digital-Excellence-Awards-Logo-pink.png 1600w\" sizes=\"(max-width: 1024px) 100vw, 1024px\" \/><\/figure>\n<\/div><\/div><\/swiper-slide>\n\n\n\n<swiper-slide><div class=\"wp-block-webicient-award\"><div class=\"wp-block-webicient-award__text\"><p>The Drum Awards Digital Industries 2022: Mest effektiv anv\u00e4ndning av AI\/Machine Learning: Finalist<\/p><\/div><div class=\"wp-block-webicient-award__images\">\n<figure class=\"wp-block-image size-full wp-block-webicient-award__image\"><img decoding=\"async\" width=\"1024\" height=\"505\" src=\"https:\/\/brightbid.com\/wp-content\/uploads\/2023\/08\/cropped_adebc30e-node_Drum-Awards-RGB_Original_Large.png\" alt=\"\" class=\"wp-image-15250\" srcset=\"https:\/\/brightbid.com\/wp-content\/uploads\/2023\/08\/cropped_adebc30e-node_Drum-Awards-RGB_Original_Large.png 1024w, https:\/\/brightbid.com\/wp-content\/uploads\/2023\/08\/cropped_adebc30e-node_Drum-Awards-RGB_Original_Large-300x148.png 300w, https:\/\/brightbid.com\/wp-content\/uploads\/2023\/08\/cropped_adebc30e-node_Drum-Awards-RGB_Original_Large-768x379.png 768w\" sizes=\"(max-width: 1024px) 100vw, 1024px\" \/><\/figure>\n<\/div><\/div><\/swiper-slide>\n<\/swiper-container><\/div><\/div>\n\n\n\n<div class=\"wp-block-group has-global-padding is-layout-constrained wp-block-group-is-layout-constrained\" style=\"padding-top:var(--wp--preset--spacing--4-xs);padding-bottom:var(--wp--preset--spacing--4-xs)\">\n<div class=\"wp-block-columns are-vertically-aligned-center is-style-webicient-columns-contained is-layout-flex wp-container-core-columns-is-layout-c8f03b26 wp-block-columns-is-layout-flex\" style=\"margin-bottom:var(--wp--preset--spacing--2-xs)\">\n<div class=\"wp-block-column is-vertically-aligned-center is-layout-flow wp-block-column-is-layout-flow\">\n<p class=\"has-text-align-left has-base-color has-text-color has-heading-3-font-size\" style=\"line-height:1.2\"><strong>S\u00e4g hej<em><mark style=\"background-color:rgba(0, 0, 0, 0)\" class=\"has-inline-color has-primary-400-color\">!<\/mark><\/em><\/strong><\/p>\n\n\n\n<p class=\"has-text-align-left has-base-color has-text-color has-default-font-size\" style=\"line-height:1.5\">Du kommer bem\u00f6ta ett varmt v\u00e4lkomnande!<\/p>\n<\/div>\n<\/div>\n\n\n<div class=\"wp-block-webicient-tabs\" data-transition=\"fade\" data-totaltabs=\"5\" data-autoplay=\"\" data-autoplay-speed=\"2000\">\n\t<div class=\"wp-block-webicient-tabs__head\">\n\t\t<swiper-container init=\"false\">\n\t\t\t\t\t\t\t<swiper-slide class=\"active\">\n\t\t\t\t\t<span>\n\t\t\t\t\t\t\t\t\t\t\t\t\t\t\t\t\t\t\t\t\t\t\t\t\tSweden- Stockholm\t\t\t\t\t<\/span>\n\t\t\t\t<\/swiper-slide>\n\t\t\t\t\t\t\t<swiper-slide class=\"\">\n\t\t\t\t\t<span>\n\t\t\t\t\t\t\t\t\t\t\t\t\t\t\t\t\t\t\t\t\t\t\t\t\tNorway &#8211; Oslo<a href=\"height: 31px;\r\nwidth: 260px;\r\nleft: 829px;\r\ntop: 3764px;\r\nborder-radius: nullpx;\"><\/a>\t\t\t\t\t<\/span>\n\t\t\t\t<\/swiper-slide>\n\t\t\t\t\t<\/swiper-container>\n\t<\/div>\n\t<div class=\"wp-block-webicient-tabs__body\">\n\t\t<swiper-container init=\"false\">\n\t\t\t\t\t\t\t<swiper-slide>\n\t\t\t\t\t<div class=\"wp-block-webicient-tabs__body-item\">\n\t\t\t\t\t\t\t\t\t\t\t<div class=\"wp-block-webicient-tabs__body-content\">\n\t\t\t\t\t\t\t\t\t\t\t\t\t\t\t<h2>V\u00e5ra kontor<\/h2>\n\t\t\t\t\t\t\t\t\t\t\t\t\t\t<p>\n\t\t\t\t\t\t\t\t\t\t\t\t\t\t\t\tSverige &#8211; Stockholm<br><br>Hello! \ud83c\uddf8\ud83c\uddea<br><br>Sv\u00e4ng f\u00f6rbi v\u00e5rt Stockholms kontor och s\u00e4g hej till v\u00e5ra svenska kollegor<br><br>Bes\u00f6k oss p\u00e5: Klarabergsgatan 60, 111 21 Stockholm<br><br>Kontakt info<br>info@brightbid.com\t\t\t\t\t\t\t<\/p>\n\t\t\t\t\t\t<\/div>\n\t\t\t\t\t\n\t\t\t\t\t\t\t\t\t\t\t<div class=\"wp-block-webicient-tabs__body-image\">\n\t\t\t\t\t\t\t\t\t\t\t\t\t\t\t<img decoding=\"async\" src=\"https:\/\/brightbid.com\/wp-content\/uploads\/2023\/06\/Rectangle-4534.jpg\" \/>\n\t\t\t\t\t\t\t\t\t\t\t\t\t<\/div>\n\t\t\t\t\t\t\t\t\t\t<\/div>\n\t\t\t\t<\/swiper-slide>\n\t\t\t\t\t\t\t<swiper-slide>\n\t\t\t\t\t<div class=\"wp-block-webicient-tabs__body-item\">\n\t\t\t\t\t\t\t\t\t\t\t<div class=\"wp-block-webicient-tabs__body-content\">\n\t\t\t\t\t\t\t\t\t\t\t\t\t\t\t<h2>V\u00e5ra kontor<\/h2>\n\t\t\t\t\t\t\t\t\t\t\t\t\t\t<p>\n\t\t\t\t\t\t\t\t\t\t\t\t\t\t\t\tNorge &#8211; Oslo<br><br>Hello! \ud83c\uddf3\ud83c\uddf4<br><br>Sv\u00e4ng f\u00f6rbi v\u00e5rt Norge kontor och s\u00e4g hej till v\u00e5ra norska kollegor<br><br>Bes\u00f6k oss p\u00e5: \u00d8vre Slottsgate 11, 0157 Oslo<br><br>Kontakt info<br>info@brightbid.com\t\t\t\t\t\t\t<\/p>\n\t\t\t\t\t\t<\/div>\n\t\t\t\t\t\n\t\t\t\t\t\t\t\t\t\t\t<div class=\"wp-block-webicient-tabs__body-image\">\n\t\t\t\t\t\t\t\t\t\t\t\t\t\t\t<img decoding=\"async\" src=\"https:\/\/brightbid.com\/wp-content\/uploads\/2023\/06\/Rectangle-4534.jpg\" \/>\n\t\t\t\t\t\t\t\t\t\t\t\t\t<\/div>\n\t\t\t\t\t\t\t\t\t\t<\/div>\n\t\t\t\t<\/swiper-slide>\n\t\t\t\t\t<\/swiper-container>\n\t<\/div>\n<\/div>\n<\/div>\n\n\n\n<style> @media(max-width: 1024px) {.section_container-7fef9e1 { padding: 30px 0 0 0 !important; }.section_container-7fef9e1 { background-position: top right !important; }} <\/style><section style=\"margin-top:0;margin-bottom:0;\" class=\"alignfull is-style-mobile-full-width-no-padding wp-block-webicient-section has-background has-primary-400-background-color\">\n\n\t<div class=\"section_container section_container-7fef9e1\" style=\"background-position:top right;background-repeat:no-repeat;background-size:initial;padding:120px 30px;flex-direction: column;\">\n\n\t\t\t<div class=\"section__contained\">\n\t\t\t\n<div class=\"wp-block-columns is-style-webicient-columns-full-width is-layout-flex wp-container-core-columns-is-layout-28f84493 wp-block-columns-is-layout-flex\">\n<div class=\"wp-block-column is-style-webicient-mobile-no-padding-inline is-layout-flow wp-block-column-is-layout-flow\" style=\"flex-basis:33.33%\">\n<h2 class=\"wp-block-heading is-style-webicient-mobile-padding-inline has-white-400-color has-text-color\">FAQ<\/h2>\n<\/div>\n\n\n\n<div class=\"wp-block-column is-style-webicient-mobile-no-padding-inline is-layout-flow wp-block-column-is-layout-flow\" style=\"flex-basis:66.66%\">\n<div class=\"wp-block-webicient-accordions accordions\"><details class=\"accordion wp-block-webicient-accordion\">\n\t<summary class=\"accordion__summary\">\n\t\t<span>HUR L\u00c5NG TID TAR DET ATT KOMMA IG\u00c5NG<\/span> <svg width=\"17\" height=\"17\" viewBox=\"0 0 17 17\" fill=\"none\" xmlns=\"http:\/\/www.w3.org\/2000\/svg\">\n\t\t\t<rect y=\"7\" width=\"17\" height=\"3\" fill=\"black\" \/>\n\t\t\t<rect x=\"7\" width=\"3\" height=\"17\" fill=\"black\" \/>\n\t\t<\/svg>\n\n\t<\/summary>\n\t<div class=\"accordion__content\">\n\t\t\n<p class=\"has-white-400-color has-text-color\">Vi ber\u00e4knar alltid att vara ig\u00e5ng 14 dagar fr\u00e5n det att vi har kommit \u00f6verens. Alla kunder har olika f\u00f6ruts\u00e4ttningar, beroende p\u00e5 vilken data du som kund har sen tidigare och hur stor kampanj du vill ha s\u00e5 kan vi \u00e4ven vara ig\u00e5ng tidigare \u00e4n s\u00e5.<\/p>\n\t<\/div>\n<\/details>\n\n\n<details class=\"accordion wp-block-webicient-accordion\">\n\t<summary class=\"accordion__summary\">\n\t\t<span>V\u00c4LJER NI VILKA KONVERTERINGSM\u00c5L AI-ROBOTEN SKA JOBBA EMOT?<\/span> <svg width=\"17\" height=\"17\" viewBox=\"0 0 17 17\" fill=\"none\" xmlns=\"http:\/\/www.w3.org\/2000\/svg\">\n\t\t\t<rect y=\"7\" width=\"17\" height=\"3\" fill=\"black\" \/>\n\t\t\t<rect x=\"7\" width=\"3\" height=\"17\" fill=\"black\" \/>\n\t\t<\/svg>\n\n\t<\/summary>\n\t<div class=\"accordion__content\">\n\t\t\n<p class=\"has-white-400-color has-text-color\">Vi v\u00e4ljer gemensamt under v\u00e5rt uppstartsm\u00f6te vilka konverteringsm\u00e5l som \u00e4r l\u00e4mpligast. V\u00e5ran analytiker kommer alltid att f\u00f6resl\u00e5 m\u00e5l baserat p\u00e5 sin erfarenhet men i slutet av dagen avg\u00f6r du vilka som \u00e4r de viktigaste m\u00e5len f\u00f6r din verksamhet.<\/p>\n\t<\/div>\n<\/details>\n\n\n<details class=\"accordion wp-block-webicient-accordion\">\n\t<summary class=\"accordion__summary\">\n\t\t<span>VAD KR\u00c4VS AV MIG SOM KUND?<\/span> <svg width=\"17\" height=\"17\" viewBox=\"0 0 17 17\" fill=\"none\" xmlns=\"http:\/\/www.w3.org\/2000\/svg\">\n\t\t\t<rect y=\"7\" width=\"17\" height=\"3\" fill=\"black\" \/>\n\t\t\t<rect x=\"7\" width=\"3\" height=\"17\" fill=\"black\" \/>\n\t\t<\/svg>\n\n\t<\/summary>\n\t<div class=\"accordion__content\">\n\t\t\n<p class=\"has-white-400-color has-text-color\">Vi beh\u00f6ver inte s\u00e4rskilt mycket fr\u00e5n dig som kund, vid ditt f\u00f6rsta m\u00f6te med en fr\u00e5n v\u00e5rt CSM team h\u00e4mtar vi den information vi beh\u00f6ver. Vi ser ocks\u00e5 till att vi f\u00e5tt tillg\u00e5ng till ert Google Ads konto och Analytics konto.<\/p>\n\t<\/div>\n<\/details>\n<\/div>\n<\/div>\n<\/div>\n\t\t<\/div>\n\t\t\t<\/div>\n<\/section>\n","protected":false},"excerpt":{"rendered":"<p>S\u00e4g hej! Du kommer bem\u00f6ta ett varmt v\u00e4lkomnande!<\/p>\n","protected":false},"author":11,"featured_media":0,"parent":0,"menu_order":0,"comment_status":"closed","ping_status":"closed","template":"page-no-header","meta":{"content-type":"","footnotes":""},"class_list":["post-1078","page","type-page","status-publish","hentry"],"acf":[],"_links":{"self":[{"href":"https:\/\/brightbid.com\/sv\/wp-json\/wp\/v2\/pages\/1078","targetHints":{"allow":["GET"]}}],"collection":[{"href":"https:\/\/brightbid.com\/sv\/wp-json\/wp\/v2\/pages"}],"about":[{"href":"https:\/\/brightbid.com\/sv\/wp-json\/wp\/v2\/types\/page"}],"author":[{"embeddable":true,"href":"https:\/\/brightbid.com\/sv\/wp-json\/wp\/v2\/users\/11"}],"replies":[{"embeddable":true,"href":"https:\/\/brightbid.com\/sv\/wp-json\/wp\/v2\/comments?post=1078"}],"version-history":[{"count":53,"href":"https:\/\/brightbid.com\/sv\/wp-json\/wp\/v2\/pages\/1078\/revisions"}],"predecessor-version":[{"id":30084,"href":"https:\/\/brightbid.com\/sv\/wp-json\/wp\/v2\/pages\/1078\/revisions\/30084"}],"wp:attachment":[{"href":"https:\/\/brightbid.com\/sv\/wp-json\/wp\/v2\/media?parent=1078"}],"curies":[{"name":"wp","href":"https:\/\/api.w.org\/{rel}","templated":true}]}}