{"id":15136,"date":"2023-06-15T12:52:13","date_gmt":"2023-06-15T12:52:13","guid":{"rendered":"https:\/\/brightbid.com\/?page_id=15136"},"modified":"2025-03-04T15:11:46","modified_gmt":"2025-03-04T15:11:46","slug":"kontakt","status":"publish","type":"page","link":"https:\/\/brightbid.com\/no\/kontakt\/","title":{"rendered":"Kontakt"},"content":{"rendered":"\n<style> @media(max-width: 1024px) {.section_container-0343762 { padding: 30px !important; }.section_container-0343762 { background-position: bottom right !important; }} <\/style><section style=\"margin-top:0;margin-bottom:0;\" class=\"alignfull is-style-mobile-full-width wp-block-webicient-section\">\n\n\t<div class=\"section_container section_container-0343762\" style=\"background-position:bottom right;background-repeat:no-repeat;background-size:initial;padding:30px;justify-content:center;align-items:center;display: flex;flex-direction: column;\">\n\n\t\t\t<div class=\"section__contained\">\n\t\t\t\n<div style=\"height:100px\" aria-hidden=\"true\" class=\"wp-block-spacer is-style-webicient-spacer-hide-on-mobile\"><\/div>\n\n<div style=\"height:20px\" aria-hidden=\"true\" class=\"wp-block-spacer is-style-webicient-spacer-hide-on-desktop\"><\/div>\n<div class=\"is-style-default wp-block-webicient-breadcrumbs\"><nav aria-label=\"breadcrumbs\" class=\"rank-math-breadcrumb\"><p><span class=\"last\">Home<\/span><\/p><\/nav><\/div>\n<div style=\"height:160px\" aria-hidden=\"true\" class=\"wp-block-spacer is-style-webicient-spacer-hide-on-mobile\"><\/div>\n\n<div style=\"height:50px\" aria-hidden=\"true\" class=\"wp-block-spacer is-style-webicient-spacer-hide-on-desktop\"><\/div>\n\n<div class=\"wp-block-group is-style-webicient-mobile-full-width has-global-padding is-layout-constrained wp-container-core-group-is-layout-82764ef8 wp-block-group-is-layout-constrained\"><h1 class=\"has-text-align-center wp-block-post-title\">Kontakt<\/h1>\n\n\n<p class=\"has-text-align-center has-default-font-size\" style=\"margin-top:var(--wp--preset--spacing--1-xs);margin-bottom:0;line-height:1.5\">Vi hjelper til slik at dere f\u00e5r bedre synlighet p\u00e5 nett! P\u00e5 BrightBid satser vi p\u00e5 \u00e5 skape fantastiske resultater og varige relasjoner med v\u00e5re kunder. Legg igjen din kontaktinformasjon under, s\u00e5 h\u00f8rer du fra oss i l\u00f8pet av kort tid!<\/p>\n<\/div>\n\n<div style=\"height:200px\" aria-hidden=\"true\" class=\"wp-block-spacer is-style-webicient-spacer-hide-on-mobile\"><\/div>\n\n<div style=\"height:20px\" aria-hidden=\"true\" class=\"wp-block-spacer is-style-webicient-spacer-hide-on-desktop\"><\/div>\n\t\t<\/div>\n\t\t\t<\/div>\n<\/section>\n\n\n\n<style> @media(max-width: 1024px) {.section_container-5746085 { padding: 30px 0 30px 0 !important; }.section_container-5746085 { background-position: top right !important; }} <\/style><section style=\"margin-top:0;margin-bottom:0;\" class=\"wp-block-webicient-section has-background has-white-400-background-color\">\n\n\t<div class=\"section_container section_container-5746085\" style=\"background-position:top right;background-repeat:no-repeat;background-size:initial;padding:120px 30px;justify-content:flex-start;align-items:flex-start;display: flex;flex-direction: column;\">\n\n\t\t\t\t\n<div class=\"wp-block-columns is-layout-flex wp-container-core-columns-is-layout-28f84493 wp-block-columns-is-layout-flex\">\n<div class=\"wp-block-column is-layout-flow wp-block-column-is-layout-flow\" style=\"padding-right:var(--wp--preset--spacing--2-xs);flex-basis:50%\">\n<h2 class=\"wp-block-heading has-base-color has-text-color\">Vil du komme i kontakt med oss?<\/h2>\n\n\n\n<p class=\"has-base-color has-text-color has-default-font-size\" style=\"margin-top:var(--wp--preset--spacing--1-xs);margin-bottom:0;line-height:1.5\">Selvf\u00f8lgelig! Vennligst gi meg teksten du \u00f8nsker \u00e5 oversette til norsk, s\u00e5 vil jeg gj\u00f8re mitt beste for \u00e5 hjelpe deg.<\/p>\n\n\n\n<div class=\"wp-block-buttons is-layout-flex wp-block-buttons-is-layout-flex\">\n<div class=\"wp-block-button is-style-with-arrow\"><a class=\"wp-block-button__link has-white-400-color has-base-background-color has-text-color has-background wp-element-button\" href=\"https:\/\/brightbid.com\/no\/book-en-samtale\/\">Book en samtale<\/a><\/div>\n<\/div>\n<\/div>\n\n\n\n<div class=\"wp-block-column is-layout-flow wp-block-column-is-layout-flow\" style=\"flex-basis:50%\">\n<div class=\"wp-block-group has-white-400-background-color has-background has-global-padding is-content-justification-left is-layout-constrained wp-container-core-group-is-layout-734e951c wp-block-group-is-layout-constrained\" style=\"padding-top:0;padding-right:var(--wp--preset--spacing--1-xs);padding-bottom:0;padding-left:var(--wp--preset--spacing--1-xs)\">\n<script charset=\"utf-8\" type=\"text\/javascript\" src=\"\/\/js-eu1.hsforms.net\/forms\/embed\/v2.js\"><\/script>\n<script>\n  hbspt.forms.create({\n    portalId: \"145837750\",\n    formId: \"f6017b57-9c92-4e01-90a0-6a9f101dea55\",\n    region: \"eu1\",\n    sfdcCampaignId: \"7017Q000000cRa2QAE\"\n  });\n<\/script>\n<\/div>\n<\/div>\n<\/div>\n\t<\/div>\n<\/section>\n\n\n\n<style> @media(max-width: 1024px) {.section_container-06cb479 { background-image: none !important; }.section_container-06cb479 { padding: 30px 0px !important; }.section_container-06cb479 { background-position: bottom left !important; }.section_container-06cb479 { background-size: custom !important; }} <\/style><section style=\"margin-top:0;margin-bottom:0;\" class=\"alignfull is-style-mobile-full-width wp-block-webicient-section has-background has-secondary-400-background-color\">\n\n\t<div class=\"section_container section_container-06cb479\" style=\"background-position:bottom left;background-repeat:no-repeat;background-size:500px;background-image: url('https:\/\/brightbid.com\/wp-content\/uploads\/2023\/06\/faq-background.png');padding:120px 30px;justify-content:center;align-items:center;display: flex;flex-direction: column;\">\n\n\t\t\t<div class=\"section__contained\">\n\t\t\t\n<div class=\"wp-block-columns is-style-webicient-columns-full-width is-layout-flex wp-container-core-columns-is-layout-28f84493 wp-block-columns-is-layout-flex\">\n<div class=\"wp-block-column is-style-webicient-mobile-no-padding-inline is-layout-flow wp-block-column-is-layout-flow\" style=\"flex-basis:30%\">\n<p class=\"has-text-align-left is-style-webicient-mobile-padding-inline has-base-color has-text-color has-heading-2-font-size\"><strong>FAQ<\/strong><\/p>\n<\/div>\n\n\n\n<div class=\"wp-block-column is-style-webicient-mobile-no-padding-inline is-layout-flow wp-block-column-is-layout-flow\" style=\"flex-basis:70%\">\n<div class=\"wp-block-webicient-accordions accordions\"><details class=\"accordion is-style-default wp-block-webicient-accordion\">\n\t<summary class=\"accordion__summary\">\n\t\t<span>Hva burde jeg kunne forvente?<\/span> <svg width=\"17\" height=\"17\" viewBox=\"0 0 17 17\" fill=\"none\" xmlns=\"http:\/\/www.w3.org\/2000\/svg\">\n\t\t\t<rect y=\"7\" width=\"17\" height=\"3\" fill=\"black\" \/>\n\t\t\t<rect x=\"7\" width=\"3\" height=\"17\" fill=\"black\" \/>\n\t\t<\/svg>\n\n\t<\/summary>\n\t<div class=\"accordion__content\">\n\t\t\n<p class=\"has-white-400-color has-text-color\">Den f\u00f8rst m\u00e5neden er intensiv innen innl\u00e6ring, men forvent gjerne \u00e5 se en stor \u00f8kning av eksponeringer og deretter \u00f8kning av klikk og konvertinger.<\/p>\n\t<\/div>\n<\/details>\n\n\n<details class=\"accordion wp-block-webicient-accordion\">\n\t<summary class=\"accordion__summary\">\n\t\t<span>Hva kreves det av meg som kunde?<\/span> <svg width=\"17\" height=\"17\" viewBox=\"0 0 17 17\" fill=\"none\" xmlns=\"http:\/\/www.w3.org\/2000\/svg\">\n\t\t\t<rect y=\"7\" width=\"17\" height=\"3\" fill=\"black\" \/>\n\t\t\t<rect x=\"7\" width=\"3\" height=\"17\" fill=\"black\" \/>\n\t\t<\/svg>\n\n\t<\/summary>\n\t<div class=\"accordion__content\">\n\t\t\n<p class=\"has-white-400-color has-text-color\">Vi trenger i utgangspunktet ikke spesielt mye fra deg som kunde, i ditt f\u00f8rste m\u00f8te med en fra v\u00e5rt CSM-team henter vi ut den informasjonen vi trenger. Vi s\u00f8rger ogs\u00e5 for at vi f\u00e5r tilgang til deres Google Ads- og Analytics-konto.<\/p>\n\t<\/div>\n<\/details>\n\n\n<details class=\"accordion wp-block-webicient-accordion\">\n\t<summary class=\"accordion__summary\">\n\t\t<span>Hva er fordelen med AI?<\/span> <svg width=\"17\" height=\"17\" viewBox=\"0 0 17 17\" fill=\"none\" xmlns=\"http:\/\/www.w3.org\/2000\/svg\">\n\t\t\t<rect y=\"7\" width=\"17\" height=\"3\" fill=\"black\" \/>\n\t\t\t<rect x=\"7\" width=\"3\" height=\"17\" fill=\"black\" \/>\n\t\t<\/svg>\n\n\t<\/summary>\n\t<div class=\"accordion__content\">\n\t\t\n<p class=\"has-white-400-color has-text-color\">Fordelene er mange, den st\u00f8rste fordelen n\u00e5r man bruker AI er at motoren st\u00e5r p\u00e5 og jobber d\u00f8gnet rundt. Det betyr at AI-motoren gj\u00f8r justeringer hele tiden og s\u00f8rger for \u00e5 gi de mest optimale resultatene.<\/p>\n\t<\/div>\n<\/details>\n<\/div>\n<\/div>\n<\/div>\n\t\t<\/div>\n\t\t\t<\/div>\n<\/section>\n","protected":false},"excerpt":{"rendered":"","protected":false},"author":3,"featured_media":0,"parent":0,"menu_order":0,"comment_status":"closed","ping_status":"closed","template":"page-no-header","meta":{"content-type":"","footnotes":""},"class_list":["post-15136","page","type-page","status-publish","hentry"],"acf":[],"_links":{"self":[{"href":"https:\/\/brightbid.com\/no\/wp-json\/wp\/v2\/pages\/15136","targetHints":{"allow":["GET"]}}],"collection":[{"href":"https:\/\/brightbid.com\/no\/wp-json\/wp\/v2\/pages"}],"about":[{"href":"https:\/\/brightbid.com\/no\/wp-json\/wp\/v2\/types\/page"}],"author":[{"embeddable":true,"href":"https:\/\/brightbid.com\/no\/wp-json\/wp\/v2\/users\/3"}],"replies":[{"embeddable":true,"href":"https:\/\/brightbid.com\/no\/wp-json\/wp\/v2\/comments?post=15136"}],"version-history":[{"count":23,"href":"https:\/\/brightbid.com\/no\/wp-json\/wp\/v2\/pages\/15136\/revisions"}],"predecessor-version":[{"id":28789,"href":"https:\/\/brightbid.com\/no\/wp-json\/wp\/v2\/pages\/15136\/revisions\/28789"}],"wp:attachment":[{"href":"https:\/\/brightbid.com\/no\/wp-json\/wp\/v2\/media?parent=15136"}],"curies":[{"name":"wp","href":"https:\/\/api.w.org\/{rel}","templated":true}]}}