{"id":15116,"date":"2023-05-26T15:50:49","date_gmt":"2023-05-26T15:50:49","guid":{"rendered":"https:\/\/brightbid.com\/?page_id=15116"},"modified":"2026-01-15T10:40:55","modified_gmt":"2026-01-15T10:40:55","slug":"om-oss","status":"publish","type":"page","link":"https:\/\/brightbid.com\/no\/om-oss\/","title":{"rendered":"Om oss"},"content":{"rendered":"\n<div class=\"alignfull is-style-desktop-bg wp-block-create-block-hero\">\n\t<div class=\"wp-block-create-block-hero__inner\">\n\t\t\n<div style=\"height:150px\" aria-hidden=\"true\" class=\"wp-block-spacer is-style-webicient-spacer-hide-on-mobile\"><\/div>\n\n<div style=\"height:50px\" aria-hidden=\"true\" class=\"wp-block-spacer is-style-webicient-spacer-hide-on-desktop\"><\/div>\n\n<div class=\"wp-block-group has-global-padding is-layout-constrained wp-block-group-is-layout-constrained\">\n<div style=\"height:20px\" aria-hidden=\"true\" class=\"wp-block-spacer is-style-webicient-spacer-hide-on-desktop\"><\/div>\n\n\n<div class=\"is-style-default wp-block-webicient-breadcrumbs\"><nav aria-label=\"breadcrumbs\" class=\"rank-math-breadcrumb\"><p><span class=\"last\">Home<\/span><\/p><\/nav><\/div>\n\n\n<div style=\"height:20px\" aria-hidden=\"true\" class=\"wp-block-spacer is-style-default\"><\/div>\n\n\n\n<div class=\"wp-block-group is-style-webicient-mobile-full-width has-global-padding is-layout-constrained wp-container-core-group-is-layout-82764ef8 wp-block-group-is-layout-constrained\">\n<h1 class=\"wp-block-heading has-text-align-center\">AdTech-selskapet i fremtiden<\/h1>\n\n\n\n<p class=\"has-text-align-center has-default-font-size\" style=\"margin-top:var(--wp--preset--spacing--1-xs);margin-bottom:0;line-height:1.5\">BrightBid er et AdTech-selskap som er drevet av \u00e5 skape klare resultater og merverdi for v\u00e5re kunder. Vi elsker \u00e5 utnytte kraften i fremvoksende teknologier for \u00e5 drive kundeverdi.<\/p>\n<\/div>\n\n\n\n<div style=\"height:150px\" aria-hidden=\"true\" class=\"wp-block-spacer is-style-webicient-spacer-hide-on-mobile\"><\/div>\n\n\n\n<div style=\"height:20px\" aria-hidden=\"true\" class=\"wp-block-spacer is-style-webicient-spacer-hide-on-desktop\"><\/div>\n<\/div>\n\t<\/div>\n<\/div>\n\n\n\n<style> @media(max-width: 1024px) {.section_container-e6cb920 { padding: 30px 0 !important; }.section_container-e6cb920 { background-position: top right !important; }} <\/style><section class=\"is-style-mobile-full-width wp-block-webicient-section\">\n\n\t<div class=\"section_container section_container-e6cb920\" style=\"background-position:top right;background-repeat:no-repeat;background-size:initial;padding:120px 30px;flex-direction: column;\">\n\n\t\t\t<div class=\"section__contained\">\n\t\t\t\n<div class=\"wp-block-webicient-image-content\" data-mobile=\"bottom\" data-desktop=\"left\" data-mobile-image=\"1\">\n\t<div class=\"wp-block-create-block-hero__inner\">\n\t\t\n<div class=\"wp-block-columns is-style-webicient-columns-full-width has-global-padding is-layout-constrained wp-block-columns-is-layout-constrained\">\n<div class=\"wp-block-column is-style-webicient-mobile-no-padding has-global-padding is-layout-constrained wp-container-core-column-is-layout-648b1458 wp-block-column-is-layout-constrained\">\n<figure class=\"wp-block-image size-full is-resized\"><img decoding=\"async\" width=\"764\" height=\"548\" src=\"https:\/\/brightbid.com\/wp-content\/uploads\/2023\/06\/rick-rothenberg-UTOxyAK6FhY-unsplash-1.png\" alt=\"\" class=\"wp-image-366\" style=\"width:630px;height:548px\" srcset=\"https:\/\/brightbid.com\/wp-content\/uploads\/2023\/06\/rick-rothenberg-UTOxyAK6FhY-unsplash-1.png 764w, https:\/\/brightbid.com\/wp-content\/uploads\/2023\/06\/rick-rothenberg-UTOxyAK6FhY-unsplash-1-300x215.png 300w\" sizes=\"(max-width: 764px) 100vw, 764px\" \/><\/figure>\n<\/div>\n\n\n\n<div class=\"wp-block-column is-style-webicient-mobile-no-padding has-global-padding is-layout-constrained wp-container-core-column-is-layout-648b1458 wp-block-column-is-layout-constrained\">\n<h2 class=\"wp-block-heading\">Et AdTech-selskap som <mark style=\"background-color:rgba(0, 0, 0, 0)\" class=\"has-inline-color has-primary-600-color\">\u00f8ker<\/mark> dine digitale resultater<\/h2>\n\n\n\n<p>BrightBid best\u00e5r av et ambisi\u00f8st globalt team av AI-eksperter, dataanlytikere, spesialister p\u00e5 betalt s\u00f8k, teknologikyndige utviklere og et dedikert kommesielt team. Vi fokuserer p\u00e5 Google og Bing Ads, og har hjulpet en rekke kunder i ulike bransjer- med b\u00e5de store og sm\u00e5 markedsf\u00f8ringsbudsjetter.<br><br>Vi jobber med den nyeste teknologien innenfor hvert kundesegment, og gjennom interne innovasjoner streber vi etter \u00e5 drive v\u00e5r bransje fremover. Med omfattende erfaring innen digital markedsf\u00f8ring og de verkt\u00f8yene som kreves for \u00e5 gj\u00f8re bedrifter synlige p\u00e5 nett- hjelper vi v\u00e5re kunder med \u00e5 forbedre verdien de mottar fra sine markedsf\u00f8ringsbudsjett<strong>er.<\/strong><\/p>\n<\/div>\n<\/div>\n\t<\/div>\n<\/div>\n\t\t<\/div>\n\t\t\t<\/div>\n<\/section>\n\n\n\n<style> @media(max-width: 1024px) {.section_container-c745a72 { padding: 60px 30px !important; }.section_container-c745a72 { background-position: top right !important; }.section_container-c745a72 { flex-direction: column !important; }} <\/style><section class=\"alignfull wp-block-webicient-section has-background has-white-600-background-color\">\n\n\t<div class=\"section_container section_container-c745a72\" style=\"background-position:top right;background-repeat:no-repeat;background-size:initial;padding:120px 30px;justify-content:center;align-items:center;display: flex;flex-direction: column;\">\n\n\t\t\t<div class=\"section__contained\">\n\t\t\t\n<h2 class=\"wp-block-heading has-text-align-center\" style=\"margin-top:0;margin-right:0;margin-bottom:0;margin-left:0\"><strong>Vil du bli en del av teamet v\u00e5rt?<\/strong><\/h2>\n\n<div class=\"wp-block-group is-style-webicient-mobile-full-width has-global-padding is-layout-constrained wp-container-core-group-is-layout-c8dc67ae wp-block-group-is-layout-constrained\" style=\"margin-top:var(--wp--preset--spacing--1-sm);margin-bottom:var(--wp--preset--spacing--1-sm)\">\n<p class=\"has-text-align-center has-default-font-size\" style=\"margin-bottom:var(--wp--preset--spacing--1-md)\">Vi ekspanderer raskt p\u00e5 tvers av markedene. V\u00e5re ledige stillinger blir publisert her, men du kan gjerne sende oss din CV for fremtidige ledige stillinger.<\/p>\n<\/div>\n\n<div class=\"wp-block-buttons is-content-justification-center is-layout-flex wp-container-core-buttons-is-layout-ec37d8cc wp-block-buttons-is-layout-flex\">\n<div class=\"wp-block-button is-style-with-arrow\"><a class=\"wp-block-button__link has-white-400-color has-primary-400-background-color has-text-color has-background wp-element-button\" href=\"https:\/\/brightbid.com\/no\/jobber-apner\/\">Se ledige stillinger<\/a><\/div>\n<\/div>\n\t\t<\/div>\n\t\t\t<\/div>\n<\/section>\n\n\n\n<div class=\"wp-block-group has-global-padding is-layout-constrained wp-block-group-is-layout-constrained\" style=\"padding-top:var(--wp--preset--spacing--4-xs);padding-bottom:var(--wp--preset--spacing--1-sm)\">\n<div class=\"wp-block-webicient-awards\"><div class=\"wp-block-webicient-awards__content\"><h2>Utmerkelser<\/h2><p>Vi liker \u00e5 v\u00e6re i forkant av v\u00e5r bransje og omfavner teknologi som gir mer verdi til kundene v\u00e5re. Her er noen av v\u00e5re nylige utmerkelser.<\/p><div class=\"wp-block-webicient-awards__controls\"><div class=\"wp-block-webicient-awards__controls-top\"><div class=\"swiper-progress\"><span class=\"swiper-progress__start\">1<\/span><span>\/<\/span><span class=\"swiper-progress__stop\"><\/span><\/div><div class=\"swiper-nav\"><button class=\"swiper-prev-pl\"><svg width=\"14\" height=\"13\" viewBox=\"0 0 14 13\" fill=\"none\" xmlns=\"http:\/\/www.w3.org\/2000\/svg\"><path d=\"M3.3495 7.33569L8.043 11.8183L6.80575 13L3.24081e-07 6.5L6.80575 -3.86014e-07L8.043 1.18166L3.3495 5.66431L14 5.66431L14 7.33569L3.3495 7.33569Z\" fill=\"#0B0B0B\"><\/path><\/svg><\/button><button class=\"swiper-next-pl\"><svg width=\"14\" height=\"13\" viewBox=\"0 0 14 13\" fill=\"none\" xmlns=\"http:\/\/www.w3.org\/2000\/svg\"><path d=\"M10.6505 5.66431L5.957 1.18167L7.19425 0L14 6.5L7.19425 13L5.957 11.8183L10.6505 7.33569H0V5.66431H10.6505Z\" fill=\"#0B0B0B\"><\/path><\/svg><\/button><\/div><\/div><div class=\"swiper-progress__line\"><div class=\"swiper-progress__line-inner\"><\/div><\/div><\/div><\/div><div class=\"wp-block-webicient-awards__body\"><swiper-container init=\"false\">\n<swiper-slide><div class=\"wp-block-webicient-award\"><div class=\"wp-block-webicient-award__text\"><p>UK Search Awards 2024: Best Use Of Search &#8211; B2B (PPC) (LARGE)<\/p><\/div><div class=\"wp-block-webicient-award__images\">\n<figure class=\"wp-block-image aligncenter size-full wp-block-webicient-award__image\"><img decoding=\"async\" width=\"597\" height=\"189\" src=\"https:\/\/brightbid.com\/wp-content\/uploads\/2024\/10\/finalist202.png\" alt=\"\" class=\"wp-image-25968\" srcset=\"https:\/\/brightbid.com\/wp-content\/uploads\/2024\/10\/finalist202.png 597w, https:\/\/brightbid.com\/wp-content\/uploads\/2024\/10\/finalist202-300x95.png 300w\" sizes=\"(max-width: 597px) 100vw, 597px\" \/><\/figure>\n<\/div><\/div><\/swiper-slide>\n\n\n\n<swiper-slide><div class=\"wp-block-webicient-award\"><div class=\"wp-block-webicient-award__text\"><p>Global Search Awards 2023: Best Use Of Search \u2013 B2B (PPC); Finalist<\/p><\/div><div class=\"wp-block-webicient-award__images\">\n<figure class=\"wp-block-image aligncenter size-large wp-block-webicient-award__image\"><img decoding=\"async\" width=\"1024\" height=\"322\" src=\"https:\/\/brightbid.com\/wp-content\/uploads\/2023\/07\/GSA23_Finalist1-1024x322.png\" alt=\"\" class=\"wp-image-1713\" srcset=\"https:\/\/brightbid.com\/wp-content\/uploads\/2023\/07\/GSA23_Finalist1-1024x322.png 1024w, https:\/\/brightbid.com\/wp-content\/uploads\/2023\/07\/GSA23_Finalist1-300x94.png 300w, https:\/\/brightbid.com\/wp-content\/uploads\/2023\/07\/GSA23_Finalist1-768x242.png 768w, https:\/\/brightbid.com\/wp-content\/uploads\/2023\/07\/GSA23_Finalist1-1536x484.png 1536w, https:\/\/brightbid.com\/wp-content\/uploads\/2023\/07\/GSA23_Finalist1-2048x645.png 2048w\" sizes=\"(max-width: 1024px) 100vw, 1024px\" \/><\/figure>\n<\/div><\/div><\/swiper-slide>\n\n\n\n<swiper-slide><div class=\"wp-block-webicient-award\"><div class=\"wp-block-webicient-award__text\"><p>BrightBid were awarded Highly Commended Best Ad Tech Innovation at the Performance Marketing World Awards 2022<\/p><\/div><div class=\"wp-block-webicient-award__images\">\n<figure class=\"wp-block-image size-full wp-block-webicient-award__image\"><img decoding=\"async\" width=\"379\" height=\"364\" src=\"https:\/\/brightbid.com\/wp-content\/uploads\/2023\/06\/PMWA_UK_22_HC-1-1.png\" alt=\"\" class=\"wp-image-229\" srcset=\"https:\/\/brightbid.com\/wp-content\/uploads\/2023\/06\/PMWA_UK_22_HC-1-1.png 379w, https:\/\/brightbid.com\/wp-content\/uploads\/2023\/06\/PMWA_UK_22_HC-1-1-300x288.png 300w\" sizes=\"(max-width: 379px) 100vw, 379px\" \/><\/figure>\n<\/div><\/div><\/swiper-slide>\n\n\n\n<swiper-slide><div class=\"wp-block-webicient-award\"><div class=\"wp-block-webicient-award__text\"><p>European Search Awards 2023: Best Low Budget Campaign (PPC): Finalist<\/p><\/div><div class=\"wp-block-webicient-award__images\">\n<figure class=\"wp-block-image size-large wp-block-webicient-award__image\"><img decoding=\"async\" width=\"1024\" height=\"322\" src=\"https:\/\/brightbid.com\/wp-content\/uploads\/2023\/07\/EUSA23_FINALIST_COLOUR-1024x322.png\" alt=\"\" class=\"wp-image-1717\" srcset=\"https:\/\/brightbid.com\/wp-content\/uploads\/2023\/07\/EUSA23_FINALIST_COLOUR-1024x322.png 1024w, https:\/\/brightbid.com\/wp-content\/uploads\/2023\/07\/EUSA23_FINALIST_COLOUR-300x94.png 300w, https:\/\/brightbid.com\/wp-content\/uploads\/2023\/07\/EUSA23_FINALIST_COLOUR-768x242.png 768w, https:\/\/brightbid.com\/wp-content\/uploads\/2023\/07\/EUSA23_FINALIST_COLOUR-1536x484.png 1536w, https:\/\/brightbid.com\/wp-content\/uploads\/2023\/07\/EUSA23_FINALIST_COLOUR-2048x645.png 2048w\" sizes=\"(max-width: 1024px) 100vw, 1024px\" \/><\/figure>\n<\/div><\/div><\/swiper-slide>\n\n\n\n<swiper-slide><div class=\"wp-block-webicient-award\"><div class=\"wp-block-webicient-award__text\"><p>The Drum Awards Digital Industries 2022: Most Effective Use of AI\/Machine Learning: Finalist<\/p><\/div><div class=\"wp-block-webicient-award__images\">\n<figure class=\"wp-block-image size-full wp-block-webicient-award__image\"><img decoding=\"async\" width=\"1024\" height=\"505\" src=\"https:\/\/brightbid.com\/wp-content\/uploads\/2023\/07\/cropped_adebc30e-node_Drum-Awards-RGB_Original_Large.png\" alt=\"\" class=\"wp-image-1721\" srcset=\"https:\/\/brightbid.com\/wp-content\/uploads\/2023\/07\/cropped_adebc30e-node_Drum-Awards-RGB_Original_Large.png 1024w, https:\/\/brightbid.com\/wp-content\/uploads\/2023\/07\/cropped_adebc30e-node_Drum-Awards-RGB_Original_Large-300x148.png 300w, https:\/\/brightbid.com\/wp-content\/uploads\/2023\/07\/cropped_adebc30e-node_Drum-Awards-RGB_Original_Large-768x379.png 768w\" sizes=\"(max-width: 1024px) 100vw, 1024px\" \/><\/figure>\n<\/div><\/div><\/swiper-slide>\n\n\n\n<swiper-slide><div class=\"wp-block-webicient-award\"><div class=\"wp-block-webicient-award__text\"><p>National Technology Awards 2023: Best Use of Artificial Intelligence : Finalist<\/p><\/div><div class=\"wp-block-webicient-award__images\">\n<figure class=\"wp-block-image size-large wp-block-webicient-award__image\"><img decoding=\"async\" width=\"1024\" height=\"396\" src=\"https:\/\/brightbid.com\/wp-content\/uploads\/2023\/07\/nta23-1024x396.jpeg\" alt=\"\" class=\"wp-image-1725\" srcset=\"https:\/\/brightbid.com\/wp-content\/uploads\/2023\/07\/nta23-1024x396.jpeg 1024w, https:\/\/brightbid.com\/wp-content\/uploads\/2023\/07\/nta23-300x116.jpeg 300w, https:\/\/brightbid.com\/wp-content\/uploads\/2023\/07\/nta23-768x297.jpeg 768w, https:\/\/brightbid.com\/wp-content\/uploads\/2023\/07\/nta23-1536x594.jpeg 1536w, https:\/\/brightbid.com\/wp-content\/uploads\/2023\/07\/nta23-2048x792.jpeg 2048w\" sizes=\"(max-width: 1024px) 100vw, 1024px\" \/><\/figure>\n<\/div><\/div><\/swiper-slide>\n\n\n\n<swiper-slide><div class=\"wp-block-webicient-award\"><div class=\"wp-block-webicient-award__text\"><p>UK Digital Excellence Awards 2023: Best Use of B2B PPC : Finalist<\/p><\/div><div class=\"wp-block-webicient-award__images\">\n<figure class=\"wp-block-image size-large wp-block-webicient-award__image\"><img decoding=\"async\" width=\"1024\" height=\"645\" src=\"https:\/\/brightbid.com\/wp-content\/uploads\/2023\/07\/UK-Digital-Excellence-Awards-Logo-pink-1024x645.png\" alt=\"\" class=\"wp-image-1733\" srcset=\"https:\/\/brightbid.com\/wp-content\/uploads\/2023\/07\/UK-Digital-Excellence-Awards-Logo-pink-1024x645.png 1024w, https:\/\/brightbid.com\/wp-content\/uploads\/2023\/07\/UK-Digital-Excellence-Awards-Logo-pink-300x189.png 300w, https:\/\/brightbid.com\/wp-content\/uploads\/2023\/07\/UK-Digital-Excellence-Awards-Logo-pink-768x484.png 768w, https:\/\/brightbid.com\/wp-content\/uploads\/2023\/07\/UK-Digital-Excellence-Awards-Logo-pink-1536x968.png 1536w, https:\/\/brightbid.com\/wp-content\/uploads\/2023\/07\/UK-Digital-Excellence-Awards-Logo-pink.png 1600w\" sizes=\"(max-width: 1024px) 100vw, 1024px\" \/><\/figure>\n<\/div><\/div><\/swiper-slide>\n<\/swiper-container><\/div><\/div>\n<\/div>\n\n\n\n<div class=\"wp-block-group has-global-padding is-layout-constrained wp-block-group-is-layout-constrained\" style=\"padding-top:var(--wp--preset--spacing--4-xs);padding-bottom:var(--wp--preset--spacing--4-xs)\">\n<div class=\"wp-block-columns are-vertically-aligned-center is-style-webicient-columns-contained is-layout-flex wp-container-core-columns-is-layout-c8f03b26 wp-block-columns-is-layout-flex\" style=\"margin-bottom:var(--wp--preset--spacing--2-xs)\">\n<div class=\"wp-block-column is-vertically-aligned-center is-layout-flow wp-block-column-is-layout-flow\">\n<p class=\"has-text-align-left has-base-color has-text-color has-heading-3-font-size\" style=\"line-height:1.2\"><strong>Si hei <em>!<\/em><\/strong><\/p>\n\n\n\n<p class=\"has-text-align-left has-base-color has-text-color has-default-font-size\" style=\"line-height:1.5\"><strong>Du vil bli tatt godt imot.<\/strong><\/p>\n<\/div>\n<\/div>\n\n\n<div class=\"wp-block-webicient-tabs\" data-transition=\"fade\" data-totaltabs=\"5\" data-autoplay=\"\" data-autoplay-speed=\"2000\">\n\t<div class=\"wp-block-webicient-tabs__head\">\n\t\t<swiper-container init=\"false\">\n\t\t\t\t\t\t\t<swiper-slide class=\"active\">\n\t\t\t\t\t<span>\n\t\t\t\t\t\t\t\t\t\t\t\t\t\t\t\t\t\t\t\t\t\t\t\t\tSweden- Stockholm\t\t\t\t\t<\/span>\n\t\t\t\t<\/swiper-slide>\n\t\t\t\t\t\t\t<swiper-slide class=\"\">\n\t\t\t\t\t<span>\n\t\t\t\t\t\t\t\t\t\t\t\t\t\t\t\t\t\t\t\t\t\t\t\t\tNorway &#8211; Oslo<a href=\"height: 31px;\nwidth: 260px;\nleft: 829px;\ntop: 3764px;\nborder-radius: nullpx;\"><\/a>\t\t\t\t\t<\/span>\n\t\t\t\t<\/swiper-slide>\n\t\t\t\t\t<\/swiper-container>\n\t<\/div>\n\t<div class=\"wp-block-webicient-tabs__body\">\n\t\t<swiper-container init=\"false\">\n\t\t\t\t\t\t\t<swiper-slide>\n\t\t\t\t\t<div class=\"wp-block-webicient-tabs__body-item\">\n\t\t\t\t\t\t\t\t\t\t\t<div class=\"wp-block-webicient-tabs__body-content\">\n\t\t\t\t\t\t\t\t\t\t\t\t\t\t\t<h2>Our Offices<\/h2>\n\t\t\t\t\t\t\t\t\t\t\t\t\t\t<p>\n\t\t\t\t\t\t\t\t\t\t\t\t\t\t\t\tSweden &#8211; Stockholm<br><br>Hello! \ud83c\uddf8\ud83c\uddea<br><br>Swing by our Stockholm office and say hello to our Swedish colleagues.<br><br>Visit us at: Klarabergsgatan 60, 111 21 Stockholm.<br><br>Contact info<br>info@brightbid.com\t\t\t\t\t\t\t<\/p>\n\t\t\t\t\t\t<\/div>\n\t\t\t\t\t\n\t\t\t\t\t\t\t\t\t\t\t<div class=\"wp-block-webicient-tabs__body-image\">\n\t\t\t\t\t\t\t\t\t\t\t\t\t\t\t<img decoding=\"async\" src=\"https:\/\/brightbid.com\/wp-content\/uploads\/2023\/06\/Rectangle-4534.jpg\" \/>\n\t\t\t\t\t\t\t\t\t\t\t\t\t<\/div>\n\t\t\t\t\t\t\t\t\t\t<\/div>\n\t\t\t\t<\/swiper-slide>\n\t\t\t\t\t\t\t<swiper-slide>\n\t\t\t\t\t<div class=\"wp-block-webicient-tabs__body-item\">\n\t\t\t\t\t\t\t\t\t\t\t<div class=\"wp-block-webicient-tabs__body-content\">\n\t\t\t\t\t\t\t\t\t\t\t\t\t\t\t<h2>Our Offices<\/h2>\n\t\t\t\t\t\t\t\t\t\t\t\t\t\t<p>\n\t\t\t\t\t\t\t\t\t\t\t\t\t\t\t\tNorway &#8211; Oslo<br><br>Hello! \ud83c\uddf3\ud83c\uddf4<br><br>Stop by our Norway office and say hello to our Norwegian colleagues.<br><br>Visit us at: \u00d8vre Slottsgate 11, 0157 Oslo.<br><br>Contact info<br>info@brightbid.com\t\t\t\t\t\t\t<\/p>\n\t\t\t\t\t\t<\/div>\n\t\t\t\t\t\n\t\t\t\t\t\t\t\t\t\t\t<div class=\"wp-block-webicient-tabs__body-image\">\n\t\t\t\t\t\t\t\t\t\t\t\t\t\t\t<img decoding=\"async\" src=\"https:\/\/brightbid.com\/wp-content\/uploads\/2023\/06\/Rectangle-4534.jpg\" \/>\n\t\t\t\t\t\t\t\t\t\t\t\t\t<\/div>\n\t\t\t\t\t\t\t\t\t\t<\/div>\n\t\t\t\t<\/swiper-slide>\n\t\t\t\t\t<\/swiper-container>\n\t<\/div>\n<\/div>\n<\/div>\n\n\n\n<style> @media(max-width: 1024px) {.section_container-cbe5a20 { padding: 30px 0 0 0 !important; }.section_container-cbe5a20 { background-position: top right !important; }} <\/style><section style=\"margin-top:0;margin-bottom:0;\" class=\"alignfull is-style-mobile-full-width-no-padding wp-block-webicient-section has-background has-primary-400-background-color\">\n\n\t<div class=\"section_container section_container-cbe5a20\" style=\"background-position:top right;background-repeat:no-repeat;background-size:initial;padding:120px 30px;flex-direction: column;\">\n\n\t\t\t<div class=\"section__contained\">\n\t\t\t\n<div class=\"wp-block-columns is-style-webicient-columns-full-width is-layout-flex wp-container-core-columns-is-layout-28f84493 wp-block-columns-is-layout-flex\">\n<div class=\"wp-block-column is-style-webicient-mobile-no-padding-inline is-layout-flow wp-block-column-is-layout-flow\" style=\"flex-basis:33.33%\">\n<h2 class=\"wp-block-heading is-style-webicient-mobile-padding-inline has-white-400-color has-text-color\">FAQ<\/h2>\n<\/div>\n\n\n\n<div class=\"wp-block-column is-style-webicient-mobile-no-padding-inline is-layout-flow wp-block-column-is-layout-flow\" style=\"flex-basis:66.66%\">\n<div class=\"wp-block-webicient-accordions accordions\"><details class=\"accordion wp-block-webicient-accordion\">\n\t<summary class=\"accordion__summary\">\n\t\t<span>Hvor lang tid tar det \u00e5 komme i gang?<\/span> <svg width=\"17\" height=\"17\" viewBox=\"0 0 17 17\" fill=\"none\" xmlns=\"http:\/\/www.w3.org\/2000\/svg\">\n\t\t\t<rect y=\"7\" width=\"17\" height=\"3\" fill=\"black\" \/>\n\t\t\t<rect x=\"7\" width=\"3\" height=\"17\" fill=\"black\" \/>\n\t\t<\/svg>\n\n\t<\/summary>\n\t<div class=\"accordion__content\">\n\t\t\n<p class=\"has-white-400-color has-text-color\">Vi beregner alltid \u00e5 v\u00e6re i gang 14 dagar etter at vi har kommet til enighet. Vi beregner alltid \u00e5 v\u00e6re i gang 14 dagar etter at vi har kommet til enighet. Alle kunder har ulike forutsetninger, avhengig av hvilke data du som kunde har fra tidligere og hvor stor kampanje du \u00f8nsker \u00e5 ha, og vi kan selvf\u00f8lgelig ogs\u00e5 v\u00e6re tidligere i gang enn dette.<\/p>\n\t<\/div>\n<\/details>\n\n\n<details class=\"accordion wp-block-webicient-accordion\">\n\t<summary class=\"accordion__summary\">\n\t\t<span>Hva er fordelen med AI?<\/span> <svg width=\"17\" height=\"17\" viewBox=\"0 0 17 17\" fill=\"none\" xmlns=\"http:\/\/www.w3.org\/2000\/svg\">\n\t\t\t<rect y=\"7\" width=\"17\" height=\"3\" fill=\"black\" \/>\n\t\t\t<rect x=\"7\" width=\"3\" height=\"17\" fill=\"black\" \/>\n\t\t<\/svg>\n\n\t<\/summary>\n\t<div class=\"accordion__content\">\n\t\t\n<p class=\"has-white-400-color has-text-color\">Fordelene er mange, den st\u00f8rste fordelen n\u00e5r man bruker AI er at motoren st\u00e5r p\u00e5 og jobber d\u00f8gnet rundt. Det betyr at AI-motoren gj\u00f8r justeringer hele tiden og s\u00f8rger for \u00e5 gi de mest optimale resultatene.<\/p>\n\t<\/div>\n<\/details>\n\n\n<details class=\"accordion wp-block-webicient-accordion\">\n\t<summary class=\"accordion__summary\">\n\t\t<span>Hva kan jeg forvente meg av AI-motoren?<\/span> <svg width=\"17\" height=\"17\" viewBox=\"0 0 17 17\" fill=\"none\" xmlns=\"http:\/\/www.w3.org\/2000\/svg\">\n\t\t\t<rect y=\"7\" width=\"17\" height=\"3\" fill=\"black\" \/>\n\t\t\t<rect x=\"7\" width=\"3\" height=\"17\" fill=\"black\" \/>\n\t\t<\/svg>\n\n\t<\/summary>\n\t<div class=\"accordion__content\">\n\t\t\n<p class=\"has-white-400-color has-text-color\">Du kan forvente \u00e5 se bedre resultater ved din Google-annonsering, v\u00e5re kunder ser ofte en \u00f8kning p\u00e5 35% ved eksponeringer, klikk og konverteringer.<\/p>\n\t<\/div>\n<\/details>\n<\/div>\n<\/div>\n<\/div>\n\t\t<\/div>\n\t\t\t<\/div>\n<\/section>\n","protected":false},"excerpt":{"rendered":"<p>Si hei ! Du vil bli tatt godt imot.<\/p>\n","protected":false},"author":3,"featured_media":0,"parent":0,"menu_order":0,"comment_status":"closed","ping_status":"closed","template":"page-no-header","meta":{"content-type":"","footnotes":""},"class_list":["post-15116","page","type-page","status-publish","hentry"],"acf":[],"_links":{"self":[{"href":"https:\/\/brightbid.com\/no\/wp-json\/wp\/v2\/pages\/15116","targetHints":{"allow":["GET"]}}],"collection":[{"href":"https:\/\/brightbid.com\/no\/wp-json\/wp\/v2\/pages"}],"about":[{"href":"https:\/\/brightbid.com\/no\/wp-json\/wp\/v2\/types\/page"}],"author":[{"embeddable":true,"href":"https:\/\/brightbid.com\/no\/wp-json\/wp\/v2\/users\/3"}],"replies":[{"embeddable":true,"href":"https:\/\/brightbid.com\/no\/wp-json\/wp\/v2\/comments?post=15116"}],"version-history":[{"count":18,"href":"https:\/\/brightbid.com\/no\/wp-json\/wp\/v2\/pages\/15116\/revisions"}],"predecessor-version":[{"id":30090,"href":"https:\/\/brightbid.com\/no\/wp-json\/wp\/v2\/pages\/15116\/revisions\/30090"}],"wp:attachment":[{"href":"https:\/\/brightbid.com\/no\/wp-json\/wp\/v2\/media?parent=15116"}],"curies":[{"name":"wp","href":"https:\/\/api.w.org\/{rel}","templated":true}]}}