{"id":14619,"date":"2023-07-20T16:32:16","date_gmt":"2023-07-20T16:32:16","guid":{"rendered":"https:\/\/brightbid.com\/integritetspolicy\/"},"modified":"2026-01-15T10:46:09","modified_gmt":"2026-01-15T10:46:09","slug":"personvernerklaering","status":"publish","type":"page","link":"https:\/\/brightbid.com\/no\/personvernerklaering\/","title":{"rendered":"Personvernerklaering"},"content":{"rendered":"\n<style> @media(max-width: 1024px) {.section_container-879a7f2 { padding: 30px !important; }.section_container-879a7f2 { background-position: bottom right !important; }.section_container-879a7f2 { background-size: custom !important; }} <\/style><section style=\"margin-top:0;margin-bottom:0;\" class=\"alignfull is-style-mobile-full-width wp-block-webicient-section has-background has-primary-400-background-color\">\n\n\t<div class=\"section_container section_container-879a7f2\" style=\"background-position:100% 20vw;background-repeat:no-repeat;background-size:30%;background-image: url('https:\/\/brightbid.com\/wp-content\/uploads\/2023\/07\/bg-privacy-policy.png');padding:30px;justify-content:center;align-items:center;display: flex;flex-direction: column;\">\n\n\t\t\t<div class=\"section__contained\">\n\t\t\t\n<div class=\"wp-block-group has-global-padding is-layout-constrained wp-block-group-is-layout-constrained\" style=\"padding-top:var(--wp--preset--spacing--10-lg);padding-bottom:var(--wp--preset--spacing--10-lg)\">\n<div class=\"wp-block-group has-global-padding is-layout-constrained wp-block-group-is-layout-constrained\" style=\"padding-bottom:var(--wp--preset--spacing--2-xs)\"><div class=\"is-style-contrast-color wp-block-webicient-breadcrumbs\"><nav aria-label=\"breadcrumbs\" class=\"rank-math-breadcrumb\"><p><span class=\"last\">Home<\/span><\/p><\/nav><\/div><\/div>\n\n\n\n<div class=\"wp-block-columns is-layout-flex wp-container-core-columns-is-layout-28f84493 wp-block-columns-is-layout-flex\">\n<div class=\"wp-block-column is-layout-flow wp-block-column-is-layout-flow\" style=\"flex-basis:40%\">\n<h1 class=\"wp-block-heading has-text-align-left has-white-400-color has-text-color\">Personvernerklaering<\/h1>\n<\/div>\n\n\n\n<div class=\"wp-block-column is-layout-flow wp-block-column-is-layout-flow\"><\/div>\n<\/div>\n<\/div>\n\t\t<\/div>\n\t\t\t<\/div>\n<\/section>\n\n\n\n<style> @media(max-width: 1024px) {.section_container-7618367 { padding: 30px !important; }.section_container-7618367 { background-position: top right !important; }} <\/style><section style=\"margin-top:0;margin-bottom:0;\" class=\"alignfull wp-block-webicient-section has-background has-white-600-background-color\">\n\n\t<div class=\"section_container section_container-7618367\" style=\"background-position:top right;background-repeat:no-repeat;background-size:initial;padding:60px 30px;flex-direction: column;\">\n\n\t\t\t<div class=\"section__contained\">\n\t\t\t\n<div class=\"wp-block-group has-global-padding is-content-justification-left is-layout-constrained wp-container-core-group-is-layout-0e0a5664 wp-block-group-is-layout-constrained\">\n<div class=\"wp-block-group has-global-padding is-layout-constrained wp-block-group-is-layout-constrained\">\n<h3 class=\"wp-block-heading\" style=\"margin-top:var(--wp--preset--spacing--2-xs);margin-right:var(--wp--preset--spacing--2-xs);margin-bottom:var(--wp--preset--spacing--2-xs);margin-left:var(--wp--preset--spacing--2-xs)\">1. Generelt<\/h3>\n\n\n\n<p class=\"has-heading-5-font-size\">Denne personvernerkl\u00e6ring beskriver hvordan BrightBid AB, org. nr 559250-7957, Klarabergsgatan 60, 111 21 Stockholm, e-mail: info@brightbid.com, samler inn, bruker, skiller ut og lagrer dine personopplysninger<\/p>\n\n\n\n<p class=\"has-heading-5-font-size\">Personvernerkl\u00e6ringen gjelder n\u00e5r BrightBid AB inng\u00e5r avtale med kunden som kj\u00f8per tjenester av BrightBid AB. Personvernerkl\u00e6ringen gjelder ogs\u00e5 for bes\u00f8kende p\u00e5 BrightBid ABs nettside. Vi \u00f8nsker med denne Personvernerkl\u00e6ring \u00e5 vise hvordan vi forsikrer at dine personopplysninger behandlas i enlighet med g\u00e4llande personuppgiftslagstiftning.<\/p>\n<\/div>\n\n\n\n<div class=\"wp-block-group has-global-padding is-layout-constrained wp-block-group-is-layout-constrained\">\n<h3 class=\"wp-block-heading\" style=\"margin-top:var(--wp--preset--spacing--2-xs);margin-right:var(--wp--preset--spacing--2-xs);margin-bottom:var(--wp--preset--spacing--2-xs);margin-left:var(--wp--preset--spacing--2-xs)\">2. Personopplysningsansvar<\/h3>\n\n\n\n<h4 class=\"wp-block-heading\">2.1 BrightBid AB som Personopplysningsansvarlig<\/h4>\n\n\n\n<p class=\"has-heading-5-font-size\">BrightBid AB er personopplysningsansvarlig for behandling av dine personopplysninger som kunde eller bes\u00f8kende til v\u00e5r nettside og er ansvarlig for at slik behandling foreg\u00e5r i tr\u00e5d med gjeldende lovgivning.<\/p>\n\n\n\n<h4 class=\"wp-block-heading\">2.2 BrightBid AB som Personopplysningsassistent<\/h4>\n\n\n\n<p class=\"has-heading-5-font-size\">BrightBid ABs kunder er personopplysningsansvarlige for personopplysninger de samler inn av sine kunder. Deles disse personopplysninger med BrightBid AB agerer BrightBid ABs personopplysningsassistent. Dette skjer f.eks. n\u00e5r BrightBid AB f\u00e5r tilgang til personopplysninger i e-handelssystem og database.<\/p>\n<\/div>\n\n\n\n<div class=\"wp-block-group has-global-padding is-layout-constrained wp-block-group-is-layout-constrained\">\n<h3 class=\"wp-block-heading\" style=\"margin-top:var(--wp--preset--spacing--2-xs);margin-right:var(--wp--preset--spacing--2-xs);margin-bottom:var(--wp--preset--spacing--2-xs);margin-left:var(--wp--preset--spacing--2-xs)\">3. N\u00e5r behandler vi dine personopplysninger?<\/h3>\n\n\n\n<p class=\"has-heading-5-font-size\">For at du skal kunne bes\u00f8ke v\u00e5r nettside og f\u00e5 en s\u00e5 god opplevelse som mulig, f\u00e5 e-post eller inng\u00e5 avtale med oss m\u00e5 vi samle inn og behandle personopplysninger om deg.<\/p>\n\n\n\n<p class=\"has-heading-5-font-size\">BrightBid AB samler inn og behandler personopplysninger om deg n\u00e5r du bes\u00f8ker v\u00e5r nettside, inng\u00e5r avtale med oss, eller n\u00e5r du kontaktar oss via telefon, e-post eller kontaktskjema.<\/p>\n\n\n\n<p class=\"has-heading-5-font-size\">Informasjonen som samles inn fra deg ved kj\u00f8p av v\u00e5re tjenester, eller ved begj\u00e6rt informasjon om v\u00e5re tjenester, kreves for at du skal kunne inng\u00e5 avtale med BrightBid AB og for at BrightBid AB skal kunne yte sine tjenester.<\/p>\n<\/div>\n\n\n\n<div class=\"wp-block-group has-global-padding is-layout-constrained wp-block-group-is-layout-constrained\">\n<h3 class=\"wp-block-heading\" style=\"margin-top:var(--wp--preset--spacing--2-xs);margin-right:var(--wp--preset--spacing--2-xs);margin-bottom:var(--wp--preset--spacing--2-xs);margin-left:var(--wp--preset--spacing--2-xs)\">Hvilke personopplysninger behandler vi om deg?<\/h3>\n\n\n\n<h4 class=\"wp-block-heading\">4.1 For deg som er kunde av BrightBid AB<\/h4>\n\n\n\n<p class=\"has-heading-5-font-size\">De personopplysninger BrightBid AB samler inn og behandler om deg som kunde som gjennomf\u00f8rer kj\u00f8p av v\u00e5re tjenester er:<\/p>\n\n\n\n<p class=\"has-heading-5-font-size\">Navn Organisasjonsnummer Adresse &amp; Fakturaopplysninger Telefonnummer E-postadresse.<\/p>\n\n\n\n<h4 class=\"wp-block-heading\" style=\"margin-top:var(--wp--preset--spacing--1-sm);margin-right:var(--wp--preset--spacing--1-sm);margin-bottom:var(--wp--preset--spacing--1-sm);margin-left:var(--wp--preset--spacing--1-sm)\">4.2 For deg som er bes\u00f8kende p\u00e5 v\u00e5r nettside<\/h4>\n\n\n\n<p class=\"has-heading-5-font-size\">De personopplysninger som BrightBid AB kan samle inn og behandle om deg som bes\u00f8kende p\u00e5 v\u00e5r nettside er:<\/p>\n\n\n\n<p class=\"has-heading-5-font-size\">Navn Telefonnummer og\/eller e-postadresse IP-adresse og informasjon om din bruk av BrightBid ABs nettside via anonymisert innsamling til analyseverkt\u00f8y.<\/p>\n\n\n\n<p class=\"has-heading-5-font-size\">Vi bruker Hotjar, en analyseverkt\u00f8y-tjeneste fra Hotjar Ltd, for \u00e5 samle inn informasjon om hvordan bes\u00f8kende bruker v\u00e5r nettside. Hotjar samler inn data om bes\u00f8kendes atferd og interaksjoner p\u00e5 v\u00e5r nettside, inkludert muspekerens bevegelser, klikk, rulling og skjermaktivitet. Informasjonen som samles inn brukes for \u00e5 forbedre brukeropplevelsen p\u00e5 v\u00e5r nettside og for \u00e5 optimalisere v\u00e5r nettsidedesign. Hotjar bruker informasjonskapsler og andre sporingsteknologier for \u00e5 samle inn denne dataen. Ved \u00e5 bruke v\u00e5r nettside samtykker du til v\u00e5r bruk av Hotjar og informasjonskapsler. Du kan velge \u00e5 blokkere informasjonskapsler ved \u00e5 endre innstillingene i nettleseren din.<\/p>\n<\/div>\n\n\n\n<div class=\"wp-block-group has-global-padding is-layout-constrained wp-block-group-is-layout-constrained\">\n<h3 class=\"wp-block-heading\" style=\"margin-top:var(--wp--preset--spacing--2-xs);margin-right:var(--wp--preset--spacing--2-xs);margin-bottom:var(--wp--preset--spacing--2-xs);margin-left:var(--wp--preset--spacing--2-xs)\">5. Hvorfor behandler vi opplysninger om deg?<\/h3>\n\n\n\n<h4 class=\"wp-block-heading\">5.1 For deg som er kunde av BrightBid AB<\/h4>\n\n\n\n<p class=\"has-heading-5-font-size\">BrightBid AB behandler dine personopplysninger for ulike sluttm\u00e5l. Hovedsaklig behandler BrightBid AB dine personopplysninger med hensikt av \u00e5:<\/p>\n\n\n\n<p class=\"has-heading-5-font-size\">Oppfylle v\u00e5re forpliktelser overfor deg som kunde, eksempelvis gjennomf\u00f8ringen av avtalen mellom partene, fakturering og levering av v\u00e5re tjenester og support. Muliggj\u00f8re generell kundebehandling og kundeservice, som for \u00e5 besvare sp\u00f8rsm\u00e5l og rette uriktige opplysninger. Levere informasjon og korrekt markedsf\u00f8ring, per post, e-post, SMS\/MMS samt telefon ang\u00e5ende BrightBid ABs og utvalgte samarbeidspartneres tjenester. Gi deg relevant informasjon og tilpassede tilbud i nyhetsbrev, samt p\u00e5 nettsiden eller i sosiale medier. Forbedre v\u00e5rt kundetilbud, for eksempel utvikling av tjenester, produkter og funksjoner.<\/p>\n<\/div>\n\n\n\n<div class=\"wp-block-group has-global-padding is-layout-constrained wp-block-group-is-layout-constrained\">\n<h3 class=\"wp-block-heading\" style=\"margin-top:var(--wp--preset--spacing--2-xs);margin-right:var(--wp--preset--spacing--2-xs);margin-bottom:var(--wp--preset--spacing--2-xs);margin-left:var(--wp--preset--spacing--2-xs)\">6. Det juridiske grunnlaget for behandling av dine personopplysninger<\/h3>\n\n\n\n<p class=\"has-heading-5-font-size\">BrightBid AB baserer behandlingen av dine personopplysninger p\u00e5 et antall juridiske grunnlag. Disse beskrives i dette avsnittet.<\/p>\n\n\n\n<p class=\"has-heading-5-font-size\">Vi behandler blant annet dine personopplysninger for \u00e5 kunne oppfylle avtalet med deg som kunde, som det \u00e5 kunne kontakte deg for gjennomgang av v\u00e5re tjenester som vi utf\u00f8rer p\u00e5 oppdrag av deg. Overfor deg som bes\u00f8kende av v\u00e5r nettside, som ditt oppf\u00f8rsel p\u00e5 v\u00e5r nettside, dine handlinger med BrightBid AB, samt din interesse av v\u00e5re tilbud og produkter for \u00e5 kunne oppfylle v\u00e5r forpliktelse om \u00e5 gi deg personlige tilbud.<\/p>\n\n\n\n<p class=\"has-heading-5-font-size\">I visse tilfeller kan BrightBid AB ha en rettslig forpliktelse om \u00e5 behandle dine personopplysninger. Dette gjelder for eksempel ved behandling av personopplysninger som vi trenger for \u00e5 kunne oppfylle bokf\u00f8ringslovens krav.<\/p>\n<\/div>\n\n\n\n<div class=\"wp-block-group has-global-padding is-layout-constrained wp-block-group-is-layout-constrained\">\n<h3 class=\"wp-block-heading\" style=\"margin-top:var(--wp--preset--spacing--2-xs);margin-right:var(--wp--preset--spacing--2-xs);margin-bottom:var(--wp--preset--spacing--2-xs);margin-left:var(--wp--preset--spacing--2-xs)\">7. Sammenstilling av v\u00e5r behandling av personopplysninger<\/h3>\n\n\n\n<p class=\"has-heading-5-font-size\">For \u00e5 levere, administrere og utvikle v\u00e5re tjenester samt gi support og oppf\u00f8lging har vi rettslig grunnlag vedr\u00f8rende fullf\u00f8ring av kj\u00f8psavtale (salgsvilk\u00e5r). Her er kategorier av personopplysninger navn, telefonnummer og e-postadresse. Lagringstiden gjelder i to \u00e5r etter at du sist var aktiv kunde av BrightBid AB.<\/p>\n\n\n\n<p class=\"has-heading-5-font-size\">For \u00e5 sikre at lovkrav overholde, som for eksempel bokf\u00f8ringsloven, er BrightBid ABs juridiske grunnlag en juridisk forpliktelse. Kategorier av personopplysninger er navn og organisasjonsnummer og adresse (inklusive faktureringsadresse). Vi lagrer opplysningene s\u00e5 lenge vi er forpliktet \u00e5 lagre opplysningene i samsvar med gjeldende lov.<\/p>\n<\/div>\n\n\n\n<div class=\"wp-block-group has-global-padding is-layout-constrained wp-block-group-is-layout-constrained\">\n<h3 class=\"wp-block-heading\" style=\"margin-top:var(--wp--preset--spacing--2-xs);margin-right:var(--wp--preset--spacing--2-xs);margin-bottom:var(--wp--preset--spacing--2-xs);margin-left:var(--wp--preset--spacing--2-xs)\">8. Hvor lenge lagrer vi opplysninger om deg?<\/h3>\n\n\n\n<p class=\"has-heading-5-font-size\">Dine personopplysninger lagres kun s\u00e5 lenge som det skulle finnes et behov for \u00e5 lagre de for \u00e5 kunne oppfylle de sluttm\u00e5l som opplysningene ble samlet inn for i samsvar med denne Personvernerkl\u00e6ring. BrightBid AB kan lagre opplysningene lenger hvis det trengs for \u00e5 overholde lovkrav eller for \u00e5 ivareta BrightBid ABs juridiske interesser, for eksempel hvis det p\u00e5g\u00e5r en juridisk prosess.<\/p>\n\n\n\n<p class=\"has-heading-5-font-size\">BrightBid AB lagrer personopplysninger om kunder i maksimalt 24 m\u00e5neder etter du sist var aktiv kunde av BrightBid AB.<\/p>\n\n\n\n<p class=\"has-heading-5-font-size\">BrightBid AB lagrer opplysninger om bes\u00f8kende hos BrightBid ABs nettside frem til du begj\u00e6rer \u00e5 f\u00e5 dine personopplysningene slettet.<\/p>\n<\/div>\n\n\n\n<div class=\"wp-block-group has-global-padding is-layout-constrained wp-block-group-is-layout-constrained\">\n<h3 class=\"wp-block-heading\" style=\"margin-top:var(--wp--preset--spacing--2-xs);margin-right:var(--wp--preset--spacing--2-xs);margin-bottom:var(--wp--preset--spacing--2-xs);margin-left:var(--wp--preset--spacing--2-xs)\">9. Hvem leverer vi personopplysningene til?<\/h3>\n\n\n\n<p class=\"has-heading-5-font-size\">BrightBid AB kommer til \u00e5 oppgi dine opplysninger til tredjepart, som for eksempel til BrightBid ABs markedsf\u00f8ringspartnere og leverand\u00f8rer av tjenester for kredittopplysning.<\/p>\n\n\n\n<p class=\"has-heading-5-font-size\">Tredjeparten som BrightBid AB oppgir informasjon til eller p\u00e5 annen m\u00e5te gir informasjon om en kunde eller bes\u00f8kende til BrightBid ABs nettside f\u00e5r kun bruke informasjonen for \u00e5 selge og markedsf\u00f8re BrightBid ABs tjenester og produkter eller for \u00e5 levere tjenester med tilknytning til BrightBid ABs avtale med deg som kunde eller bes\u00f8kende p\u00e5 v\u00e5r nettside.<\/p>\n\n\n\n<p class=\"has-heading-5-font-size\">Personopplysninger oppgis av BrightBid AB hvis det er n\u00f8dvendig for \u00e5 f\u00f8lge gjeldende lovkrav eller krav fra myndigheter, for \u00e5 ivareta BrightBid ABs juridiske interesser eller for \u00e5 oppdage, forebygge eller uppm\u00e4rksamma bedr\u00e4gerier och andra s\u00e4kerhets- eller tekniska problem.<\/p>\n\n\n\n<p class=\"has-heading-5-font-size\">BrightBid AB kommer til \u00e5 overf\u00f8re dine personopplysninger til land utenfor EU\/E\u00d8S, hvis noen av BrightBid ABs leverand\u00f8rer eller samarbeidspartnere befinner seg der. Hvis personopplysninger overf\u00f8res til et land utenfor EU\/E\u00d8S, kommer BrightBid AB til \u00e5 iverksette tiltak for \u00e5 forsikre at personopplysningene forblir beskyttet og ogs\u00e5 iverksette n\u00f8dvendige tiltak for \u00e5 p\u00e5 lovlig vis overf\u00f8re personopplysninger til land utenfor EU\/E\u00d8S.<\/p>\n\n\n\n<p class=\"has-heading-5-font-size\">BrightBid AB kommer ikke til \u00e5 selge dine personopplysninger til en tredjepart hvis vi ikke har din tillatelse til det.<\/p>\n<\/div>\n\n\n\n<div class=\"wp-block-group has-global-padding is-layout-constrained wp-block-group-is-layout-constrained\">\n<h3 class=\"wp-block-heading\" style=\"margin-top:var(--wp--preset--spacing--2-xs);margin-right:var(--wp--preset--spacing--2-xs);margin-bottom:var(--wp--preset--spacing--2-xs);margin-left:var(--wp--preset--spacing--2-xs)\">10. Endring av Personvernerkl\u00e6ringen<\/h3>\n\n\n\n<p class=\"has-heading-5-font-size\">BrightBid AB har rett til \u00e5 endre Personvernerkl\u00e6ringen og vi kommer til \u00e5 varsle deg i rimelig tid n\u00e5r endringer vil skje.<\/p>\n<\/div>\n\n\n\n<div class=\"wp-block-group has-global-padding is-layout-constrained wp-block-group-is-layout-constrained\">\n<h3 class=\"wp-block-heading\" style=\"margin-top:var(--wp--preset--spacing--2-xs);margin-right:var(--wp--preset--spacing--2-xs);margin-bottom:var(--wp--preset--spacing--2-xs);margin-left:var(--wp--preset--spacing--2-xs)\">11. Beskyttelse av dine personopplysninger<\/h3>\n\n\n\n<p class=\"has-heading-5-font-size\">Vi \u00f8nsker at du skal kunne f\u00f8le deg trygg n\u00e5r du oppgir dine personopplysninger til oss. Vi har iverksatt og innf\u00f8rt sikkerhetstiltak som trengs for \u00e5 beskytte dine personopplysninger mot uautorisert tilgang, endring eller sletting.<\/p>\n<\/div>\n\n\n\n<div class=\"wp-block-group has-global-padding is-layout-constrained wp-block-group-is-layout-constrained\">\n<h3 class=\"wp-block-heading\" style=\"margin-top:var(--wp--preset--spacing--2-xs);margin-right:var(--wp--preset--spacing--2-xs);margin-bottom:var(--wp--preset--spacing--2-xs);margin-left:var(--wp--preset--spacing--2-xs)\">12. Dina r\u00e4ttigheter<\/h3>\n\n\n\n<p class=\"has-heading-5-font-size\">BrightBid AB er ansvarlig for at dine personopplysninger behandles i samsvar med gjeldende lovgivning.<\/p>\n\n\n\n<p class=\"has-heading-5-font-size\">BrightBid AB vil etter din foresp\u00f8rsel eller p\u00e5 eget initiativ rette, avidentifisere, slette, tilf\u00f8re opplysninger som oppdages \u00e5 v\u00e6re uriktige, ufullstendige eller misvisende.<\/p>\n\n\n\n<p class=\"has-heading-5-font-size\">Du har rett til \u00e5 begj\u00e6re:<\/p>\n\n\n\n<p class=\"has-heading-5-font-size\">Tilgang til dine personopplysninger. Dette inneb\u00e6rer at du har rett til \u00e5 be om et utdrag fra registeret for behandlingen som vi utf\u00f8rer i forbindelse med dine personopplysninger. Du har ogs\u00e5 rett til \u00e5 f\u00e5 en kopi av personopplysninger som behandles. Du har rett til \u00e5 motta et kostnadsfritt utdrag fra registeret som viser hvilke personopplysninger som er registrert om deg, form\u00e5lene med behandlingen og til hvilke mottakere opplysningene har blitt eller vil bli oppgitt til. Du har ogs\u00e5 rett til \u00e5 motta informasjon i utdraget fra registeret om hvor informasjonen er hentet fra hvis personopplysningene ikke er samlet inn fra deg. Du har ogs\u00e5 rett til \u00e5 motta informasjon i utdraget fra registeret om dine \u00f8vrige rettigheter angitt i dette punktet. Rettelse av dine personopplysninger. Etter begj\u00e6ring fra deg vil vi korrigere uriktig eller ufullstendig informasjon vi behandler om deg s\u00e5 snart som mulig. Sletting av dine personopplysninger. Dette inneb\u00e6rer at du har rett at \u00e5 begj\u00e6re at dine personopplysninger slettes hvis de ikke lenger er n\u00f8dvendige for det form\u00e5let de ble samlet inn for. Imidlertid kan det finnes lovkrav om at vi ikke umiddelbart skal slette dine personopplysninger i for eksempel bokf\u00f8rings- og skattelovgivning. Vi kommer da til \u00e5 avslutte behandlingen som er gjort for andre form\u00e5l enn det \u00e5 overholde loven. Begrensning av behandling. Dette inneb\u00e6rer at dine personopplysninger markeres slik at de kun f\u00e5r behandles for visse begrensede form\u00e5l. Du kan blant annet begj\u00e6re begrensning n\u00e5r du anser dine opplysninger som uriktige og du har begj\u00e6rt rettelse. I den tiden opplysningenes korrekthet unders\u00f8kes vil behandlingen av dem begrenses.<\/p>\n\n\n\n<p class=\"has-heading-5-font-size\">Du har rett til dataportabilitet. Dette inneb\u00e6rer en rett til \u00e5 under visse forutsetninger kunne hente ut og overf\u00f8re dine personopplysninger i et strukturert, allment brukt og maskinlesbart filformat til en annen personopplysningsansvarlig.<\/p>\n\n\n\n<p class=\"has-heading-5-font-size\">Hvis du ikke vil at vi behandler dine personopplysninger for direkte markedsf\u00f8ring, har du til enhver tid rett til \u00e5 komme med en innsigelse mot slik behandling ved \u00e5 sende en e-post til gustav@brightbid.se. N\u00e5r vi har mottatt din innsigelse kommer vi til avslutte behandling av dine personopplysninger for slike markedsf\u00f8ringsform\u00e5l.<\/p>\n\n\n\n<p class=\"has-heading-5-font-size\">Du har rett til \u00e5 sende inn klager i forbindelse med behandling av dine personopplysninger til Datatilsynet.<\/p>\n<\/div>\n\n\n\n<div class=\"wp-block-group has-global-padding is-layout-constrained wp-block-group-is-layout-constrained\">\n<h3 class=\"wp-block-heading\" style=\"margin-top:var(--wp--preset--spacing--2-xs);margin-right:var(--wp--preset--spacing--2-xs);margin-bottom:var(--wp--preset--spacing--2-xs);margin-left:var(--wp--preset--spacing--2-xs)\">13. Cookies<\/h3>\n\n\n\n<p class=\"has-heading-5-font-size\">N\u00e5r du bes\u00f8ker v\u00e5r nettside bruker vi cookies som du finner mer informasjon om i BrightBid AB sine Vilk\u00e5r for Cookies nederst p\u00e5 denne siden.<\/p>\n<\/div>\n\n\n\n<div class=\"wp-block-group has-global-padding is-layout-constrained wp-block-group-is-layout-constrained\">\n<h3 class=\"wp-block-heading\" style=\"margin-top:var(--wp--preset--spacing--2-xs);margin-right:var(--wp--preset--spacing--2-xs);margin-bottom:var(--wp--preset--spacing--2-xs);margin-left:var(--wp--preset--spacing--2-xs)\">14. Kontaktinformasjon<\/h3>\n\n\n\n<p class=\"has-heading-5-font-size\">Ikke n\u00f8l med \u00e5 kontakte oss hvis du har sp\u00f8rsm\u00e5l om denne Personvernerkl\u00e6ring, behandlingen av dine personopplysninger eller om du \u00f8nsker et utdrag fra registeret. V\u00e5r kontaktinformasjon finner du under.<\/p>\n\n\n\n<p class=\"has-heading-5-font-size\">BrightBid AB Kungsgatan 8 111 43 Stockholm gustav@brightbid.com<\/p>\n<\/div>\n<\/div>\n\t\t<\/div>\n\t\t\t<\/div>\n<\/section>\n","protected":false},"excerpt":{"rendered":"","protected":false},"author":11,"featured_media":0,"parent":0,"menu_order":0,"comment_status":"closed","ping_status":"closed","template":"page-no-header","meta":{"content-type":"","footnotes":""},"class_list":["post-14619","page","type-page","status-publish","hentry"],"acf":[],"_links":{"self":[{"href":"https:\/\/brightbid.com\/no\/wp-json\/wp\/v2\/pages\/14619","targetHints":{"allow":["GET"]}}],"collection":[{"href":"https:\/\/brightbid.com\/no\/wp-json\/wp\/v2\/pages"}],"about":[{"href":"https:\/\/brightbid.com\/no\/wp-json\/wp\/v2\/types\/page"}],"author":[{"embeddable":true,"href":"https:\/\/brightbid.com\/no\/wp-json\/wp\/v2\/users\/11"}],"replies":[{"embeddable":true,"href":"https:\/\/brightbid.com\/no\/wp-json\/wp\/v2\/comments?post=14619"}],"version-history":[{"count":2,"href":"https:\/\/brightbid.com\/no\/wp-json\/wp\/v2\/pages\/14619\/revisions"}],"predecessor-version":[{"id":30096,"href":"https:\/\/brightbid.com\/no\/wp-json\/wp\/v2\/pages\/14619\/revisions\/30096"}],"wp:attachment":[{"href":"https:\/\/brightbid.com\/no\/wp-json\/wp\/v2\/media?parent=14619"}],"curies":[{"name":"wp","href":"https:\/\/api.w.org\/{rel}","templated":true}]}}