{"id":24178,"date":"2024-07-10T12:12:08","date_gmt":"2024-07-10T12:12:08","guid":{"rendered":"https:\/\/brightbid.com\/?page_id=24178"},"modified":"2026-04-27T07:57:15","modified_gmt":"2026-04-27T07:57:15","slug":"cancellation","status":"publish","type":"page","link":"https:\/\/brightbid.com\/da\/cancellation\/","title":{"rendered":"Aflysning"},"content":{"rendered":"\n<style> @media(max-width: 1024px) {.section_container-c1bbd23 { padding: 30px !important; }.section_container-c1bbd23 { background-position: bottom right !important; }} <\/style><section style=\"margin-top:0;margin-bottom:0;\" class=\"alignfull is-style-mobile-full-width wp-block-webicient-section has-background has-primary-400-background-color\">\n\n\t<div class=\"section_container section_container-c1bbd23\" style=\"background-position:bottom right;background-repeat:no-repeat;background-size:initial;padding:30px;justify-content:center;align-items:center;display: flex;flex-direction: column;\">\n\n\t\t\t<div class=\"section__contained\">\n\t\t\t\n<div style=\"height:100px\" aria-hidden=\"true\" class=\"wp-block-spacer\"><\/div>\n<div class=\"is-style-contrast-color wp-block-webicient-breadcrumbs\"><nav aria-label=\"breadcrumbs\" class=\"rank-math-breadcrumb\"><p><span class=\"last\">Home<\/span><\/p><\/nav><\/div>\n<div class=\"wp-block-group is-style-webicient-mobile-full-width has-global-padding is-layout-constrained wp-container-core-group-is-layout-82764ef8 wp-block-group-is-layout-constrained\"><\/div>\n\t\t<\/div>\n\t\t\t<\/div>\n<\/section>\n\n\n\n<div class=\"wp-block-columns are-vertically-aligned-top is-layout-flex wp-container-core-columns-is-layout-28f84493 wp-block-columns-is-layout-flex\">\n<div class=\"wp-block-column is-vertically-aligned-top is-layout-flow wp-block-column-is-layout-flow\">\n<h2 class=\"wp-block-heading\">Anmod om annullering<\/h2>\n\n\n\n<p>K\u00e6re kunde, vi er kede af at h\u00f8re, at du \u00f8nsker at annullere din aftale med BrightBid.<\/p>\n\n\n\n<p>For at behandle din annullering skal du udfylde formularen nedenfor.<\/p>\n\n\n\n<script src=\"https:\/\/js-eu1.hsforms.net\/forms\/embed\/145837750.js\" defer><\/script>\n<div class=\"hs-form-frame\" data-region=\"eu1\" data-form-id=\"0b03d917-23a3-4820-ae52-23a4e079bc75\" data-portal-id=\"145837750\"><\/div>\n<\/div>\n<\/div>\n","protected":false},"excerpt":{"rendered":"<p>Anmod om annullering K\u00e6re kunde, vi er kede af at h\u00f8re, at du \u00f8nsker at annullere din aftale med BrightBid. For at behandle din annullering skal du udfylde formularen nedenfor.<\/p>\n","protected":false},"author":11,"featured_media":0,"parent":0,"menu_order":0,"comment_status":"closed","ping_status":"closed","template":"page-no-header","meta":{"content-type":"","footnotes":""},"class_list":["post-24178","page","type-page","status-publish","hentry"],"acf":[],"_links":{"self":[{"href":"https:\/\/brightbid.com\/da\/wp-json\/wp\/v2\/pages\/24178","targetHints":{"allow":["GET"]}}],"collection":[{"href":"https:\/\/brightbid.com\/da\/wp-json\/wp\/v2\/pages"}],"about":[{"href":"https:\/\/brightbid.com\/da\/wp-json\/wp\/v2\/types\/page"}],"author":[{"embeddable":true,"href":"https:\/\/brightbid.com\/da\/wp-json\/wp\/v2\/users\/11"}],"replies":[{"embeddable":true,"href":"https:\/\/brightbid.com\/da\/wp-json\/wp\/v2\/comments?post=24178"}],"version-history":[{"count":4,"href":"https:\/\/brightbid.com\/da\/wp-json\/wp\/v2\/pages\/24178\/revisions"}],"predecessor-version":[{"id":30230,"href":"https:\/\/brightbid.com\/da\/wp-json\/wp\/v2\/pages\/24178\/revisions\/30230"}],"wp:attachment":[{"href":"https:\/\/brightbid.com\/da\/wp-json\/wp\/v2\/media?parent=24178"}],"curies":[{"name":"wp","href":"https:\/\/api.w.org\/{rel}","templated":true}]}}