{"id":14617,"date":"2023-07-20T16:32:16","date_gmt":"2023-07-20T16:32:16","guid":{"rendered":"https:\/\/brightbid.com\/integritetspolicy\/"},"modified":"2026-01-15T10:44:17","modified_gmt":"2026-01-15T10:44:17","slug":"integritetspolicy","status":"publish","type":"page","link":"https:\/\/brightbid.com\/da\/integritetspolicy\/","title":{"rendered":"Integritetspolicy"},"content":{"rendered":"\n<style> @media(max-width: 1024px) {.section_container-5a5ce44 { padding: 30px !important; }.section_container-5a5ce44 { background-position: bottom right !important; }.section_container-5a5ce44 { background-size: custom !important; }} <\/style><section style=\"margin-top:0;margin-bottom:0;\" class=\"alignfull is-style-mobile-full-width wp-block-webicient-section has-background has-primary-400-background-color\">\n\n\t<div class=\"section_container section_container-5a5ce44\" style=\"background-position:100% 20vw;background-repeat:no-repeat;background-size:30%;background-image: url('https:\/\/brightbid.com\/wp-content\/uploads\/2023\/07\/bg-privacy-policy.png');padding:30px;justify-content:center;align-items:center;display: flex;flex-direction: column;\">\n\n\t\t\t<div class=\"section__contained\">\n\t\t\t\n<div class=\"wp-block-group has-global-padding is-layout-constrained wp-block-group-is-layout-constrained\" style=\"padding-top:var(--wp--preset--spacing--10-lg);padding-bottom:var(--wp--preset--spacing--10-lg)\">\n<div class=\"wp-block-group has-global-padding is-layout-constrained wp-block-group-is-layout-constrained\" style=\"padding-bottom:var(--wp--preset--spacing--2-xs)\"><div class=\"is-style-contrast-color wp-block-webicient-breadcrumbs\"><nav aria-label=\"breadcrumbs\" class=\"rank-math-breadcrumb\"><p><span class=\"last\">Home<\/span><\/p><\/nav><\/div><\/div>\n\n\n\n<div class=\"wp-block-columns is-layout-flex wp-container-core-columns-is-layout-28f84493 wp-block-columns-is-layout-flex\">\n<div class=\"wp-block-column is-layout-flow wp-block-column-is-layout-flow\" style=\"flex-basis:35%\">\n<h1 class=\"wp-block-heading has-text-align-left has-white-400-color has-text-color\">Integritetspolicy<\/h1>\n<\/div>\n\n\n\n<div class=\"wp-block-column is-layout-flow wp-block-column-is-layout-flow\"><\/div>\n<\/div>\n<\/div>\n\t\t<\/div>\n\t\t\t<\/div>\n<\/section>\n\n\n\n<style> @media(max-width: 1024px) {.section_container-302abcd { padding: 30px !important; }.section_container-302abcd { background-position: top right !important; }} <\/style><section style=\"margin-top:0;margin-bottom:0;\" class=\"alignfull wp-block-webicient-section has-background has-white-600-background-color\">\n\n\t<div class=\"section_container section_container-302abcd\" style=\"background-position:top right;background-repeat:no-repeat;background-size:initial;padding:60px 30px;flex-direction: column;\">\n\n\t\t\t<div class=\"section__contained\">\n\t\t\t\n<div class=\"wp-block-group has-global-padding is-content-justification-left is-layout-constrained wp-container-core-group-is-layout-0e0a5664 wp-block-group-is-layout-constrained\">\n<div class=\"wp-block-group has-global-padding is-layout-constrained wp-block-group-is-layout-constrained\">\n<h3 class=\"wp-block-heading\" style=\"margin-top:var(--wp--preset--spacing--2-xs);margin-right:var(--wp--preset--spacing--2-xs);margin-bottom:var(--wp--preset--spacing--2-xs);margin-left:var(--wp--preset--spacing--2-xs)\">1. Allm\u00e4nt<\/h3>\n\n\n\n<p class=\"has-heading-5-font-size\">Denna integritetspolicy beskriver hur BrightBid AB, org. nr 559250-7957, Klarabergsgatan 60, 111 21 Stockholm, e-mail: info@brightbid.com samlar in, anv\u00e4nder, l\u00e4mnar ut och lagrar dina personuppgifter.<\/p>\n\n\n\n<p class=\"has-heading-5-font-size\">Integritetspolicyn g\u00e4ller d\u00e5 BrightBid AB ing\u00e5r avtal med kund som k\u00f6per tj\u00e4nster utav BrightBid AB. Integritetspolicyn g\u00e4ller \u00e4ven f\u00f6r bes\u00f6kare till BrightBid ABs webbplats. Vi vill med denna Integritetspolicy visa hur vi s\u00e4kerst\u00e4ller att dina personuppgifter behandlas i enlighet med g\u00e4llande personuppgiftslagstiftning.<\/p>\n<\/div>\n\n\n\n<div class=\"wp-block-group has-global-padding is-layout-constrained wp-block-group-is-layout-constrained\">\n<h3 class=\"wp-block-heading\" style=\"margin-top:var(--wp--preset--spacing--2-xs);margin-right:var(--wp--preset--spacing--2-xs);margin-bottom:var(--wp--preset--spacing--2-xs);margin-left:var(--wp--preset--spacing--2-xs)\">2. Personuppgiftsansvar<\/h3>\n\n\n\n<h4 class=\"wp-block-heading\">2.1 BrightBid AB som Personuppgiftsansvarig<\/h4>\n\n\n\n<p class=\"has-heading-5-font-size\">BrightBid AB \u00e4r personuppgiftsansvarig f\u00f6r behandling av dina personuppgifter som kund eller bes\u00f6kare till v\u00e5r webbsida och ansvarar f\u00f6r att s\u00e5dan behandling sker i enlighet med till\u00e4mplig lagstiftning.<\/p>\n\n\n\n<h4 class=\"wp-block-heading\" style=\"margin-top:var(--wp--preset--spacing--1-sm);margin-right:var(--wp--preset--spacing--1-sm);margin-bottom:var(--wp--preset--spacing--1-sm);margin-left:var(--wp--preset--spacing--1-sm)\">2.2 BrightBid AB som Personuppgiftsbitr\u00e4de<\/h4>\n\n\n\n<p class=\"has-heading-5-font-size\">BrightBid ABs kunder \u00e4r personuppgiftsansvariga f\u00f6r personuppgifter de samlar in av sina kunder. Delas dessa personuppgifter med BrightBid AB s\u00e5 agerar BrightBid AB personuppgiftsbitr\u00e4de. Detta sker t.ex. n\u00e4r BrightBid AB f\u00e5r tillg\u00e5ng till personuppgifter i e-handelssystem och databas.<\/p>\n<\/div>\n\n\n\n<div class=\"wp-block-group has-global-padding is-layout-constrained wp-block-group-is-layout-constrained\">\n<h3 class=\"wp-block-heading\" style=\"margin-top:var(--wp--preset--spacing--2-xs);margin-right:var(--wp--preset--spacing--2-xs);margin-bottom:var(--wp--preset--spacing--2-xs);margin-left:var(--wp--preset--spacing--2-xs)\">3. N\u00e4r behandlar vi dina personuppgifter?<\/h3>\n\n\n\n<p class=\"has-heading-5-font-size\">F\u00f6r att du ska kunna bes\u00f6ka v\u00e5r webbplats och f\u00e5 en s\u00e5 bra upplevelse som m\u00f6jligt, f\u00e5 mail eller ing\u00e5 avtal med oss m\u00e5ste vi samla in och behandla personuppgifter om dig.<br>BrightBid AB samlar in och behandlar personuppgifter om dig n\u00e4r du bes\u00f6ker v\u00e5r webbplats, ing\u00e5r avtal med oss, eller n\u00e4r du kontaktar oss via telefon, e-post eller kontaktformul\u00e4r.<\/p>\n\n\n\n<p class=\"has-heading-5-font-size\">Informationen som samlas in fr\u00e5n dig vid k\u00f6p av v\u00e5ra tj\u00e4nster, eller vid beg\u00e4rd information om v\u00e5ra tj\u00e4nster, kr\u00e4vs f\u00f6r att du ska kunna ing\u00e5 avtal med BrightBid AB och f\u00f6r att BrightBid AB ska kunna tillhandah\u00e5lla sina tj\u00e4nster.<\/p>\n<\/div>\n\n\n\n<div class=\"wp-block-group has-global-padding is-layout-constrained wp-block-group-is-layout-constrained\">\n<h3 class=\"wp-block-heading\" style=\"margin-top:var(--wp--preset--spacing--2-xs);margin-right:var(--wp--preset--spacing--2-xs);margin-bottom:var(--wp--preset--spacing--2-xs);margin-left:var(--wp--preset--spacing--2-xs)\">4. Vilka personuppgifter behandlar vi om dig?<\/h3>\n\n\n\n<h4 class=\"wp-block-heading\">4.1 F\u00f6r dig som \u00e4r kund till BrightBid AB<\/h4>\n\n\n\n<p class=\"has-heading-5-font-size\">De personuppgifter BrightBid AB samlar in och behandlar om dig i egenskap av kund som genomf\u00f6r k\u00f6p av v\u00e5ra tj\u00e4nster \u00e4r:<\/p>\n\n\n\n<p class=\"has-heading-5-font-size\">Namn Organisationsnummer Adress &amp; Fakturauppgifter Telefonnummer E-postadress.<\/p>\n\n\n\n<h4 class=\"wp-block-heading\">4.2 F\u00f6r dig som \u00e4r bes\u00f6kare till v\u00e5r webbplats<\/h4>\n\n\n\n<p class=\"has-heading-5-font-size\">De personuppgifter BrightBid AB kan samla in och behandla om dig som bes\u00f6kare till v\u00e5r webbplats \u00e4r:<\/p>\n\n\n\n<p class=\"has-heading-5-font-size\">Namn Telefonnummer och\/eller e-postadress IP-adress och information om din anv\u00e4ndning av BrightBid ABs webbplats via anonymiserad insamling till analysverktyg.<\/p>\n\n\n\n<p class=\"has-heading-5-font-size\">Vi anv\u00e4nder Hotjar, en analysverktygstj\u00e4nst fr\u00e5n Hotjar Ltd, f\u00f6r att samla in information om hur bes\u00f6kare anv\u00e4nder v\u00e5r webbplats. Hotjar samlar in data om bes\u00f6karens beteende och interaktioner p\u00e5 v\u00e5r webbplats, inklusive muspekarens r\u00f6relser, klick, scrollning och sk\u00e4rmaktivitet. Den information som samlas in anv\u00e4nds f\u00f6r att f\u00f6rb\u00e4ttra anv\u00e4ndarupplevelsen p\u00e5 v\u00e5r webbplats och f\u00f6r att optimera v\u00e5r webbplatsdesign. Hotjar anv\u00e4nder cookies och andra sp\u00e5rningstekniker f\u00f6r att samla in denna data. Genom att anv\u00e4nda v\u00e5r webbplats samtycker du till v\u00e5r anv\u00e4ndning av Hotjar och cookies. Du kan v\u00e4lja att blockera cookies genom att \u00e4ndra inst\u00e4llningarna i din webbl\u00e4sare.<\/p>\n<\/div>\n\n\n\n<div class=\"wp-block-group has-global-padding is-layout-constrained wp-block-group-is-layout-constrained\">\n<h3 class=\"wp-block-heading\" style=\"margin-top:var(--wp--preset--spacing--2-xs);margin-right:var(--wp--preset--spacing--2-xs);margin-bottom:var(--wp--preset--spacing--2-xs);margin-left:var(--wp--preset--spacing--2-xs)\">5. Varf\u00f6r behandlar vi uppgifter om dig?<\/h3>\n\n\n\n<h4 class=\"wp-block-heading\">5.1 F\u00f6r dig som \u00e4r kund till BrightBid AB<\/h4>\n\n\n\n<p class=\"has-heading-5-font-size\">BrightBid AB behandlar dina personuppgifter f\u00f6r olika \u00e4ndam\u00e5l. Huvudsakligen behandlar BrightBid AB dina personuppgifter i syfte att:<\/p>\n\n\n\n<p class=\"has-heading-5-font-size\">Fullg\u00f6ra v\u00e5ra f\u00f6rpliktelser gentemot dig som kund, s\u00e5som genomf\u00f6rande av avtal mellan parterna, fakturering och tillhandah\u00e5llande av v\u00e5ra tj\u00e4nster och support M\u00f6jligg\u00f6ra allm\u00e4n kundv\u00e5rd och kundservice, som f\u00f6r att besvara fr\u00e5gor och r\u00e4tta felaktiga uppgifter L\u00e4mna information och rikta marknadsf\u00f6ring, per post, e-post, SMS\/MMS samt telefon avseende BrightBid ABs och utvalda samarbetspartners tj\u00e4nster Ge dig relevant information och anpassade erbjudanden i nyhetsbrev samt p\u00e5 webben eller sociala medier F\u00f6rb\u00e4ttra v\u00e5rt kunderbjudande, till exempel utveckling av tj\u00e4nster, produkter och funktioner.<\/p>\n<\/div>\n\n\n\n<div class=\"wp-block-group has-global-padding is-layout-constrained wp-block-group-is-layout-constrained\">\n<h3 class=\"wp-block-heading\" style=\"margin-top:var(--wp--preset--spacing--2-xs);margin-right:var(--wp--preset--spacing--2-xs);margin-bottom:var(--wp--preset--spacing--2-xs);margin-left:var(--wp--preset--spacing--2-xs)\">6. De lagliga grunderna f\u00f6r v\u00e5r behandling av dina personuppgifter<\/h3>\n\n\n\n<p class=\"has-heading-5-font-size\">BrightBid AB baserar behandlingen av dina personuppgifter p\u00e5 ett antal lagliga grunder. Dessa beskrivs i det h\u00e4r avsnittet.<\/p>\n\n\n\n<p class=\"has-heading-5-font-size\">Vi behandlar bland annat dina personuppgifter f\u00f6r att kunna fullg\u00f6ra avtalet med dig som kund, s\u00e5som att kunna kontakta dig f\u00f6r genomg\u00e5ng av v\u00e5ra tj\u00e4nster vi utf\u00f6r p\u00e5 uppdrag av dig. Gentemot dig som bes\u00f6kare av v\u00e5r webbplats, s\u00e5som ditt beteende p\u00e5 v\u00e5r hemsida, din interaktion med BrightBid AB samt ditt intresse av v\u00e5ra erbjudanden och produkter f\u00f6r att kunna fullg\u00f6ra v\u00e5rt \u00e5tagande att tillhandah\u00e5lla dig personliga erbjudanden.<\/p>\n\n\n\n<p class=\"has-heading-5-font-size\">I vissa fall kan BrightBid AB ha en r\u00e4ttslig f\u00f6rpliktelse att behandla dina personuppgifter. Detta g\u00e4ller till exempel f\u00f6r den behandling av personuppgifter som vi utf\u00f6r f\u00f6r att kunna uppfylla bokf\u00f6ringslagens krav.<\/p>\n<\/div>\n\n\n\n<div class=\"wp-block-group has-global-padding is-layout-constrained wp-block-group-is-layout-constrained\">\n<h3 class=\"wp-block-heading\" style=\"margin-top:var(--wp--preset--spacing--2-xs);margin-right:var(--wp--preset--spacing--2-xs);margin-bottom:var(--wp--preset--spacing--2-xs);margin-left:var(--wp--preset--spacing--2-xs)\">7. Sammanst\u00e4llning av v\u00e5r personuppgiftsbehandling<\/h3>\n\n\n\n<p class=\"has-heading-5-font-size\">F\u00f6r att leverera, administrera och utveckla v\u00e5ra tj\u00e4nster samt tillhandah\u00e5lla support har vi som r\u00e4ttslig grund fullf\u00f6ljande av avtal om k\u00f6p (f\u00f6rs\u00e4ljningsvillkor). H\u00e4r \u00e4r kategorier av personuppgifter namn, telefonnummer och e-postadress. Lagringstiden g\u00e4ller till tv\u00e5 \u00e5r efter att du senast varit aktiv kund till BrightBid AB.<\/p>\n\n\n\n<p class=\"has-heading-5-font-size\">F\u00f6r att f\u00f6rs\u00e4kra oss om att lagkrav efterlevs, s\u00e5som bokf\u00f6ringslagen \u00e4r BrightBid ABs r\u00e4ttsliga grund r\u00e4ttslig f\u00f6rpliktelse. Kategorier av personuppgifter \u00e4r namn och organisationsnummer och adress (inklusive faktureringsadress). Vi lagrar uppgifterna s\u00e5 l\u00e4nge vi \u00e4r skyldiga att lagra uppgifterna enligt till\u00e4mplig lag.<\/p>\n<\/div>\n\n\n\n<div class=\"wp-block-group has-global-padding is-layout-constrained wp-block-group-is-layout-constrained\">\n<h3 class=\"wp-block-heading\" style=\"margin-top:var(--wp--preset--spacing--2-xs);margin-right:var(--wp--preset--spacing--2-xs);margin-bottom:var(--wp--preset--spacing--2-xs);margin-left:var(--wp--preset--spacing--2-xs)\">8. Hur l\u00e4nge sparar vi uppgifter om dig?<\/h3>\n\n\n\n<p class=\"has-heading-5-font-size\">Dina personuppgifter sparas endast s\u00e5 l\u00e4nge som det finns ett behov av att spara dem f\u00f6r att fullg\u00f6ra de \u00e4ndam\u00e5l som uppgifterna samlades in f\u00f6r i enlighet med denna Integritetspolicy. BrightBid AB kan komma att spara uppgifterna l\u00e4ngre om det beh\u00f6vs f\u00f6r att f\u00f6lja lagkrav eller f\u00f6r att bevaka BrightBid ABs r\u00e4ttsliga intressen, till exempel om det p\u00e5g\u00e5r en juridisk process.<\/p>\n\n\n\n<p class=\"has-heading-5-font-size\">BrightBid AB sparar personuppgifter om kunder i h\u00f6gst 24 m\u00e5nader sedan du senast varit aktiv kund till BrightBid AB.<\/p>\n\n\n\n<p class=\"has-heading-5-font-size\">BrightBid AB sparar uppgifter om bes\u00f6kare till BrightBid ABs webbplats tills du beg\u00e4r att f\u00e5 dina personuppgifter borttagna.<\/p>\n<\/div>\n\n\n\n<div class=\"wp-block-group has-global-padding is-layout-constrained wp-block-group-is-layout-constrained\">\n<h3 class=\"wp-block-heading\" style=\"margin-top:var(--wp--preset--spacing--2-xs);margin-right:var(--wp--preset--spacing--2-xs);margin-bottom:var(--wp--preset--spacing--2-xs);margin-left:var(--wp--preset--spacing--2-xs)\">9. Vem l\u00e4mnar vi ut personuppgifter till?<\/h3>\n\n\n\n<p class=\"has-heading-5-font-size\">BrightBid AB kommer att l\u00e4mna ut dina uppgifter till tredje part, s\u00e5som till BrightBid AB marknadsf\u00f6ringspartners och leverant\u00f6rer vid tj\u00e4nster f\u00f6r kreditupplysning.<\/p>\n\n\n\n<p class=\"has-heading-5-font-size\">Tredje part som BrightBid AB l\u00e4mnar ut information till eller p\u00e5 annat s\u00e4tt tillhandah\u00e5ller information om en kund eller bes\u00f6kare till BrightBid ABs webbplats f\u00e5r endast anv\u00e4nda informationen i syfte att s\u00e4lja och marknadsf\u00f6ra BrightBid ABs tj\u00e4nster och produkter eller i syfte att leverera tj\u00e4nster med anknytning till BrightBid ABs avtal med dig som kund eller bes\u00f6kare till v\u00e5r webbsida.<\/p>\n\n\n\n<p class=\"has-heading-5-font-size\">Personuppgifter kommer att l\u00e4mnas ut av BrightBid AB om det \u00e4r n\u00f6dv\u00e4ndigt f\u00f6r att f\u00f6lja g\u00e4llande lagkrav eller krav fr\u00e5n myndigheter, f\u00f6r att tillvarata BrightBid ABs r\u00e4ttsliga intressen eller f\u00f6r att uppt\u00e4cka, f\u00f6rebygga eller uppm\u00e4rksamma bedr\u00e4gerier och andra s\u00e4kerhets- eller tekniska problem.<\/p>\n\n\n\n<p class=\"has-heading-5-font-size\">BrightBid AB kommer att \u00f6verf\u00f6ra dina personuppgifter till land utanf\u00f6r EU\/EES, om n\u00e5gon av BrightBid ABs leverant\u00f6rer eller samarbetspartners befinner sig d\u00e4r. Om personuppgifter \u00f6verf\u00f6rs till n\u00e5got land utanf\u00f6r EU\/EES, kommer BrightBid AB vidta \u00e5tg\u00e4rder f\u00f6r att se till att personuppgifterna forts\u00e4tter vara skyddade och \u00e4ven vidta de \u00e5tg\u00e4rder som kr\u00e4vs f\u00f6r att p\u00e5 lagligt s\u00e4tt \u00f6verf\u00f6ra personuppgifter till l\u00e4nder utanf\u00f6r EU\/EES.<\/p>\n\n\n\n<p class=\"has-heading-5-font-size\">BrightBid AB kommer inte att s\u00e4lja dina personuppgifter till tredje part om vi inte har ditt tillst\u00e5nd till det.<\/p>\n<\/div>\n\n\n\n<div class=\"wp-block-group has-global-padding is-layout-constrained wp-block-group-is-layout-constrained\">\n<h3 class=\"wp-block-heading\" style=\"margin-top:var(--wp--preset--spacing--2-xs);margin-right:var(--wp--preset--spacing--2-xs);margin-bottom:var(--wp--preset--spacing--2-xs);margin-left:var(--wp--preset--spacing--2-xs)\">10. \u00c4ndring av integritetspolicy<\/h3>\n\n\n\n<p class=\"has-heading-5-font-size\">BrightBid AB har r\u00e4tt att \u00e4ndra Integritetspolicyn och vi kommer med rimlig varsel underr\u00e4tta dig n\u00e4r \u00e4ndringar sker.<\/p>\n<\/div>\n\n\n\n<div class=\"wp-block-group has-global-padding is-layout-constrained wp-block-group-is-layout-constrained\">\n<h3 class=\"wp-block-heading\" style=\"margin-top:var(--wp--preset--spacing--2-xs);margin-right:var(--wp--preset--spacing--2-xs);margin-bottom:var(--wp--preset--spacing--2-xs);margin-left:var(--wp--preset--spacing--2-xs)\">11. Skyddet av dina personuppgifter<\/h3>\n\n\n\n<p class=\"has-heading-5-font-size\">Vi vill att du skall kunna k\u00e4nna dig trygg n\u00e4r du l\u00e4mnar dina personuppgifter till oss. Vi har tagit fram och inf\u00f6rt s\u00e4kerhets\u00e5tg\u00e4rder som beh\u00f6vs f\u00f6r att skydda dina personuppgifter mot otillb\u00f6rlig \u00e5tkomst, f\u00f6r\u00e4ndring och radering.<\/p>\n<\/div>\n\n\n\n<div class=\"wp-block-group has-global-padding is-layout-constrained wp-block-group-is-layout-constrained\">\n<h3 class=\"wp-block-heading\" style=\"margin-top:var(--wp--preset--spacing--2-xs);margin-right:var(--wp--preset--spacing--2-xs);margin-bottom:var(--wp--preset--spacing--2-xs);margin-left:var(--wp--preset--spacing--2-xs)\">12. Dina r\u00e4ttigheter<\/h3>\n\n\n\n<p class=\"has-heading-5-font-size\">BrightBid AB ansvarar f\u00f6r att dina personuppgifter behandlas i enlighet med g\u00e4llande lagstiftning.<\/p>\n\n\n\n<p class=\"has-heading-5-font-size\">BrightBid AB kommer p\u00e5 din beg\u00e4ran eller p\u00e5 eget initiativ att r\u00e4tta, avidentifiera, radera eller komplettera uppgifter som uppt\u00e4cks vara felaktiga, ofullst\u00e4ndiga eller missvisande.<\/p>\n\n\n\n<p><strong><u>Du har r\u00e4tt att av beg\u00e4ra:<\/u><\/strong><\/p>\n\n\n\n<p class=\"has-heading-5-font-size\">Tillg\u00e5ng till dina personuppgifter. Det inneb\u00e4r att du har r\u00e4tt att beg\u00e4ra ett registerutdrag \u00f6ver den behandling som vi genomf\u00f6r avseende dina personuppgifter. Du har \u00e4ven r\u00e4tt att f\u00e5 en kopia av de personuppgifter som behandlas. Du har r\u00e4tt att kostnadsfritt erh\u00e5lla ett registerutdrag fr\u00e5n om vilka personuppgifter som finns registrerade om dig, \u00e4ndam\u00e5len med behandlingen och till vilka mottagare uppgifterna har l\u00e4mnats eller ska l\u00e4mnas ut. Du har \u00e4ven r\u00e4tt att i registerutdraget f\u00e5 information om var uppgifterna har h\u00e4mtats ifr\u00e5n om personuppgifterna inte har samlats in fr\u00e5n dig. Du har vidare r\u00e4tt att i registerutdraget f\u00e5 information om dina \u00f6vriga r\u00e4ttigheter som anges i denna punkt. R\u00e4ttelse av dina personuppgifter. Vi kommer p\u00e5 din beg\u00e4ran att s\u00e5 snabbt som m\u00f6jligt r\u00e4tta de felaktiga eller ofullst\u00e4ndiga uppgifter vi behandlar om dig. Radering av dina personuppgifter. Det inneb\u00e4r att du har r\u00e4tt att beg\u00e4ra att dina personuppgifter tas bort om de inte l\u00e4ngre \u00e4r n\u00f6dv\u00e4ndiga f\u00f6r det \u00e4ndam\u00e5l de samlades in f\u00f6r. Det kan dock finnas lagkrav p\u00e5 att vi inte omedelbart f\u00e5r radera dina personuppgifter i exempelvis bokf\u00f6rings- och skattelagstiftning. Vi kommer d\u00e5 att avsluta den behandling som g\u00f6rs f\u00f6r andra \u00e4ndam\u00e5l \u00e4n att f\u00f6lja lagstiftningen. Begr\u00e4nsning av behandling. Det inneb\u00e4r att dina personuppgifter markeras s\u00e5 att de endast f\u00e5r behandlas f\u00f6r vissa avgr\u00e4nsade \u00e4ndam\u00e5l. Du kan bland annat beg\u00e4ra begr\u00e4nsning n\u00e4r du anser att dina uppgifter \u00e4r felaktiga och du har beg\u00e4rt r\u00e4ttelse. Under tiden uppgifternas korrekthet utreds kommer behandlingen av dem att begr\u00e4nsas.<\/p>\n\n\n\n<p class=\"has-heading-5-font-size\">Du har r\u00e4tt till dataportabilitet. Det inneb\u00e4r en r\u00e4tt att under vissa f\u00f6ruts\u00e4ttningar f\u00e5 ut och \u00f6verf\u00f6ra dina personuppgifter i ett strukturerat, allm\u00e4nt anv\u00e4nt och maskinl\u00e4sbart format till en annan personuppgiftsansvarig.<\/p>\n\n\n\n<p class=\"has-heading-5-font-size\">Om du inte vill att vi behandlar dina personuppgifter f\u00f6r direktmarknadsf\u00f6ring har du alltid r\u00e4tt att inv\u00e4nda mot s\u00e5dan behandling genom att skicka ett mail till gustav@brightbid.se N\u00e4r vi har mottagit din inv\u00e4ndning kommer vi att upph\u00f6ra med att behandla personuppgifterna f\u00f6r s\u00e5dant marknadsf\u00f6rings\u00e4ndam\u00e5l.<\/p>\n\n\n\n<p class=\"has-heading-5-font-size\">Du har r\u00e4tt att inge eventuella klagom\u00e5l ang\u00e5ende behandling av dina personuppgifter till Datainspektionen.<\/p>\n<\/div>\n\n\n\n<div class=\"wp-block-group has-global-padding is-layout-constrained wp-block-group-is-layout-constrained\">\n<h3 class=\"wp-block-heading\" style=\"margin-top:var(--wp--preset--spacing--2-xs);margin-right:var(--wp--preset--spacing--2-xs);margin-bottom:var(--wp--preset--spacing--2-xs);margin-left:var(--wp--preset--spacing--2-xs)\">13. Cookies<\/h3>\n\n\n\n<p class=\"has-heading-5-font-size\">N\u00e4r du bes\u00f6ker v\u00e5r hemsida anv\u00e4nder vi cookies vilket du finner mer information om i BrightBid ABs cookiepolicy l\u00e4ngst ned p\u00e5 denna sida.<\/p>\n<\/div>\n\n\n\n<div class=\"wp-block-group has-global-padding is-layout-constrained wp-block-group-is-layout-constrained\">\n<h3 class=\"wp-block-heading\" style=\"margin-top:var(--wp--preset--spacing--2-xs);margin-right:var(--wp--preset--spacing--2-xs);margin-bottom:var(--wp--preset--spacing--2-xs);margin-left:var(--wp--preset--spacing--2-xs)\">14. Kontaktinformation<\/h3>\n\n\n\n<p class=\"has-heading-5-font-size\">Tveka inte att kontakta oss om du har n\u00e5gra fr\u00e5gor om denna Integritetspolicy, behandlingen av dina personuppgifter eller om du vill beg\u00e4ra ett registerutdrag. V\u00e5r kontaktinformation hittar du nedan.<\/p>\n\n\n\n<p class=\"has-heading-5-font-size\">BrightBid AB Kungsgatan 8 111 43 Stockholm gustav@brightbid.com<\/p>\n<\/div>\n<\/div>\n\t\t<\/div>\n\t\t\t<\/div>\n<\/section>\n","protected":false},"excerpt":{"rendered":"","protected":false},"author":11,"featured_media":0,"parent":0,"menu_order":0,"comment_status":"closed","ping_status":"closed","template":"page-no-header","meta":{"content-type":"","footnotes":""},"class_list":["post-14617","page","type-page","status-publish","hentry"],"acf":[],"_links":{"self":[{"href":"https:\/\/brightbid.com\/da\/wp-json\/wp\/v2\/pages\/14617","targetHints":{"allow":["GET"]}}],"collection":[{"href":"https:\/\/brightbid.com\/da\/wp-json\/wp\/v2\/pages"}],"about":[{"href":"https:\/\/brightbid.com\/da\/wp-json\/wp\/v2\/types\/page"}],"author":[{"embeddable":true,"href":"https:\/\/brightbid.com\/da\/wp-json\/wp\/v2\/users\/11"}],"replies":[{"embeddable":true,"href":"https:\/\/brightbid.com\/da\/wp-json\/wp\/v2\/comments?post=14617"}],"version-history":[{"count":3,"href":"https:\/\/brightbid.com\/da\/wp-json\/wp\/v2\/pages\/14617\/revisions"}],"predecessor-version":[{"id":30094,"href":"https:\/\/brightbid.com\/da\/wp-json\/wp\/v2\/pages\/14617\/revisions\/30094"}],"wp:attachment":[{"href":"https:\/\/brightbid.com\/da\/wp-json\/wp\/v2\/media?parent=14617"}],"curies":[{"name":"wp","href":"https:\/\/api.w.org\/{rel}","templated":true}]}}