{"id":1086,"date":"2023-06-15T12:52:13","date_gmt":"2023-06-15T12:52:13","guid":{"rendered":"https:\/\/brightbid.com\/contact-us\/"},"modified":"2025-03-04T15:08:35","modified_gmt":"2025-03-04T15:08:35","slug":"kontakt-os","status":"publish","type":"page","link":"https:\/\/brightbid.com\/da\/kontakt-os\/","title":{"rendered":"Kontakt os"},"content":{"rendered":"\n<style> @media(max-width: 1024px) {.section_container-6738c62 { padding: 30px !important; }.section_container-6738c62 { background-position: bottom right !important; }} <\/style><section style=\"margin-top:0;margin-bottom:0;\" class=\"alignfull is-style-mobile-full-width wp-block-webicient-section\">\n\n\t<div class=\"section_container section_container-6738c62\" style=\"background-position:bottom right;background-repeat:no-repeat;background-size:initial;padding:30px;justify-content:center;align-items:center;display: flex;flex-direction: column;\">\n\n\t\t\t<div class=\"section__contained\">\n\t\t\t\n<div style=\"height:100px\" aria-hidden=\"true\" class=\"wp-block-spacer is-style-webicient-spacer-hide-on-mobile\"><\/div>\n\n<div style=\"height:20px\" aria-hidden=\"true\" class=\"wp-block-spacer is-style-webicient-spacer-hide-on-desktop\"><\/div>\n<div class=\"is-style-default wp-block-webicient-breadcrumbs\"><nav aria-label=\"breadcrumbs\" class=\"rank-math-breadcrumb\"><p><span class=\"last\">Home<\/span><\/p><\/nav><\/div>\n<div style=\"height:160px\" aria-hidden=\"true\" class=\"wp-block-spacer is-style-webicient-spacer-hide-on-mobile\"><\/div>\n\n<div style=\"height:50px\" aria-hidden=\"true\" class=\"wp-block-spacer is-style-webicient-spacer-hide-on-desktop\"><\/div>\n\n<div class=\"wp-block-group is-style-webicient-mobile-full-width has-global-padding is-layout-constrained wp-container-core-group-is-layout-82764ef8 wp-block-group-is-layout-constrained\"><h2 class=\"has-text-align-center wp-block-post-title\">Kontakt os<\/h2>\n\n\n<p class=\"has-text-align-center has-default-font-size\" style=\"margin-top:var(--wp--preset--spacing--1-xs);margin-bottom:0;line-height:1.5\">Vi hj\u00e6lper dig med at blive set online! Hos BrightBid investerer vi i at skabe resultater og langvarige relationer med vores kunder. Efterlad dine kontaktoplysninger nedenfor, og vi vil kontakte dig snarest muligt!<\/p>\n<\/div>\n\n<div style=\"height:200px\" aria-hidden=\"true\" class=\"wp-block-spacer is-style-webicient-spacer-hide-on-mobile\"><\/div>\n\n<div style=\"height:50px\" aria-hidden=\"true\" class=\"wp-block-spacer is-style-webicient-spacer-hide-on-desktop\"><\/div>\n\t\t<\/div>\n\t\t\t<\/div>\n<\/section>\n\n\n\n<style> @media(max-width: 1024px) {.section_container-d05f69e { padding: 30px 0 30px 0 !important; }.section_container-d05f69e { background-position: top right !important; }} <\/style><section style=\"margin-top:0;margin-bottom:0;\" class=\"wp-block-webicient-section has-background has-white-400-background-color\">\n\n\t<div class=\"section_container section_container-d05f69e\" style=\"background-position:top right;background-repeat:no-repeat;background-size:initial;padding:120px 30px;justify-content:flex-start;align-items:flex-start;display: flex;flex-direction: column;\">\n\n\t\t\t\t\n<div class=\"wp-block-columns is-layout-flex wp-container-core-columns-is-layout-28f84493 wp-block-columns-is-layout-flex\">\n<div class=\"wp-block-column is-layout-flow wp-block-column-is-layout-flow\" style=\"padding-right:var(--wp--preset--spacing--2-xs);flex-basis:50%\">\n<h1 class=\"wp-block-heading has-base-color has-text-color\">Vil du i kontakt med os?<\/h1>\n\n\n\n<p class=\"has-base-color has-text-color has-default-font-size\" style=\"margin-top:var(--wp--preset--spacing--1-xs);margin-bottom:0;line-height:1.5\">Vi hj\u00e6lper dig med at blive set online! Hos BrightBid investerer vi i at opbygge resultater og varige relationer med vores kunder. Efterlad dine kontaktoplysninger nedenfor, og vi kontakter dig snart!<\/p>\n\n\n\n<div class=\"wp-block-buttons is-layout-flex wp-block-buttons-is-layout-flex\">\n<div class=\"wp-block-button is-style-with-arrow\"><a class=\"wp-block-button__link has-white-400-color has-base-background-color has-text-color has-background wp-element-button\" href=\"https:\/\/brightbid.com\/da\/book-et-discovery-call\/\">Book en demo<\/a><\/div>\n<\/div>\n<\/div>\n\n\n\n<div class=\"wp-block-column is-layout-flow wp-block-column-is-layout-flow\" style=\"flex-basis:50%\">\n<div class=\"wp-block-group has-white-400-background-color has-background has-global-padding is-content-justification-left is-layout-constrained wp-container-core-group-is-layout-734e951c wp-block-group-is-layout-constrained\" style=\"padding-top:0;padding-right:var(--wp--preset--spacing--1-xs);padding-bottom:0;padding-left:var(--wp--preset--spacing--1-xs)\">\n<script charset=\"utf-8\" type=\"text\/javascript\" src=\"\/\/js-eu1.hsforms.net\/forms\/embed\/v2.js\"><\/script>\n<script>\n  hbspt.forms.create({\n    portalId: \"145837750\",\n    formId: \"73937a5a-aa19-4efb-a9c4-dfbd3b076600\",\n    region: \"eu1\",\n    sfdcCampaignId: \"7017Q000000cRa2QAE\"\n  });\n<\/script>\n<\/div>\n<\/div>\n<\/div>\n\t<\/div>\n<\/section>\n\n\n\n<style> @media(max-width: 1024px) {.section_container-4b9891d { background-image: none !important; }.section_container-4b9891d { padding: 30px 0px !important; }.section_container-4b9891d { background-position: bottom left !important; }.section_container-4b9891d { background-size: custom !important; }} <\/style><section style=\"margin-top:0;margin-bottom:0;\" class=\"alignfull is-style-mobile-full-width wp-block-webicient-section has-background has-secondary-400-background-color\">\n\n\t<div class=\"section_container section_container-4b9891d\" style=\"background-position:bottom left;background-repeat:no-repeat;background-size:500px;background-image: url('https:\/\/brightbid.com\/wp-content\/uploads\/2023\/06\/faq-background.png');padding:120px 30px;justify-content:center;align-items:center;display: flex;flex-direction: column;\">\n\n\t\t\t<div class=\"section__contained\">\n\t\t\t\n<div class=\"wp-block-columns is-style-webicient-columns-full-width is-layout-flex wp-container-core-columns-is-layout-28f84493 wp-block-columns-is-layout-flex\">\n<div class=\"wp-block-column is-style-webicient-mobile-no-padding-inline is-layout-flow wp-block-column-is-layout-flow\" style=\"flex-basis:30%\">\n<p class=\"has-text-align-left is-style-webicient-mobile-padding-inline has-base-color has-text-color has-heading-2-font-size\"><strong>FAQ<\/strong><\/p>\n<\/div>\n\n\n\n<div class=\"wp-block-column is-style-webicient-mobile-no-padding-inline is-layout-flow wp-block-column-is-layout-flow\" style=\"flex-basis:70%\">\n<div class=\"wp-block-webicient-accordions accordions\"><details class=\"accordion is-style-default wp-block-webicient-accordion\">\n\t<summary class=\"accordion__summary\">\n\t\t<span>Hvor lang tid tager det at komme i gang?<\/span> <svg width=\"17\" height=\"17\" viewBox=\"0 0 17 17\" fill=\"none\" xmlns=\"http:\/\/www.w3.org\/2000\/svg\">\n\t\t\t<rect y=\"7\" width=\"17\" height=\"3\" fill=\"black\" \/>\n\t\t\t<rect x=\"7\" width=\"3\" height=\"17\" fill=\"black\" \/>\n\t\t<\/svg>\n\n\t<\/summary>\n\t<div class=\"accordion__content\">\n\t\t\n<p class=\"has-white-400-color has-text-color\">Vi fors\u00f8ger at v\u00e6re i gang 21 dage efter vi har aftalt en kontrakt. Alle kunder har forskellige m\u00e5l og kompleksitet af deres s\u00f8gekonti, og vi vil give dig en realistisk tidsramme for den sikre overgang til vores AI-motor. Hvis du har brug for, at overf\u00f8rslen gennemf\u00f8res tidligere &#8211; s\u00e5 lad os det vide, s\u00e5 vil vi bestr\u00e6be os p\u00e5 at st\u00f8tte.<\/p>\n\t<\/div>\n<\/details>\n\n\n<details class=\"accordion wp-block-webicient-accordion\">\n\t<summary class=\"accordion__summary\">\n\t\t<span>Er det muligt at \u00f8ge\/s\u00e6nke mit budget?<\/span> <svg width=\"17\" height=\"17\" viewBox=\"0 0 17 17\" fill=\"none\" xmlns=\"http:\/\/www.w3.org\/2000\/svg\">\n\t\t\t<rect y=\"7\" width=\"17\" height=\"3\" fill=\"black\" \/>\n\t\t\t<rect x=\"7\" width=\"3\" height=\"17\" fill=\"black\" \/>\n\t\t<\/svg>\n\n\t<\/summary>\n\t<div class=\"accordion__content\">\n\t\t\n<p class=\"has-white-400-color has-text-color\">Ja, dog anbefaler vi altid, at du arbejder mindst kvartalsvis med et budget for at opbygge kontinuitet.<\/p>\n\t<\/div>\n<\/details>\n\n\n<details class=\"accordion wp-block-webicient-accordion\">\n\t<summary class=\"accordion__summary\">\n\t\t<span>Hvad kan jeg forvente?<\/span> <svg width=\"17\" height=\"17\" viewBox=\"0 0 17 17\" fill=\"none\" xmlns=\"http:\/\/www.w3.org\/2000\/svg\">\n\t\t\t<rect y=\"7\" width=\"17\" height=\"3\" fill=\"black\" \/>\n\t\t\t<rect x=\"7\" width=\"3\" height=\"17\" fill=\"black\" \/>\n\t\t<\/svg>\n\n\t<\/summary>\n\t<div class=\"accordion__content\">\n\t\t\n<p class=\"has-white-400-color has-text-color\">Den f\u00f8rste m\u00e5ned er l\u00e6ringsintensiv, forvent at se en stor stigning i visninger og se derefter en stigning i klik og konverteringer, efterh\u00e5nden som AI begynder at l\u00e6re, hvad der virker og fordobles med at teste disse taktikker.<\/p>\n\t<\/div>\n<\/details>\n<\/div>\n<\/div>\n<\/div>\n\t\t<\/div>\n\t\t\t<\/div>\n<\/section>\n","protected":false},"excerpt":{"rendered":"","protected":false},"author":11,"featured_media":0,"parent":0,"menu_order":0,"comment_status":"closed","ping_status":"closed","template":"page-no-header","meta":{"content-type":"","footnotes":""},"class_list":["post-1086","page","type-page","status-publish","hentry"],"acf":[],"_links":{"self":[{"href":"https:\/\/brightbid.com\/da\/wp-json\/wp\/v2\/pages\/1086","targetHints":{"allow":["GET"]}}],"collection":[{"href":"https:\/\/brightbid.com\/da\/wp-json\/wp\/v2\/pages"}],"about":[{"href":"https:\/\/brightbid.com\/da\/wp-json\/wp\/v2\/types\/page"}],"author":[{"embeddable":true,"href":"https:\/\/brightbid.com\/da\/wp-json\/wp\/v2\/users\/11"}],"replies":[{"embeddable":true,"href":"https:\/\/brightbid.com\/da\/wp-json\/wp\/v2\/comments?post=1086"}],"version-history":[{"count":15,"href":"https:\/\/brightbid.com\/da\/wp-json\/wp\/v2\/pages\/1086\/revisions"}],"predecessor-version":[{"id":28785,"href":"https:\/\/brightbid.com\/da\/wp-json\/wp\/v2\/pages\/1086\/revisions\/28785"}],"wp:attachment":[{"href":"https:\/\/brightbid.com\/da\/wp-json\/wp\/v2\/media?parent=1086"}],"curies":[{"name":"wp","href":"https:\/\/api.w.org\/{rel}","templated":true}]}}