{"id":1076,"date":"2023-05-26T15:50:49","date_gmt":"2023-05-26T15:50:49","guid":{"rendered":"https:\/\/brightbid.com\/about-us\/"},"modified":"2026-01-15T10:43:40","modified_gmt":"2026-01-15T10:43:40","slug":"om-os","status":"publish","type":"page","link":"https:\/\/brightbid.com\/da\/om-os\/","title":{"rendered":"Om os"},"content":{"rendered":"\n<div class=\"alignfull is-style-desktop-bg wp-block-create-block-hero\">\n\t<div class=\"wp-block-create-block-hero__inner\">\n\t\t\n<div style=\"height:150px\" aria-hidden=\"true\" class=\"wp-block-spacer is-style-webicient-spacer-hide-on-mobile\"><\/div>\n\n<div style=\"height:50px\" aria-hidden=\"true\" class=\"wp-block-spacer is-style-webicient-spacer-hide-on-desktop\"><\/div>\n\n<div class=\"wp-block-group has-global-padding is-layout-constrained wp-block-group-is-layout-constrained\"><div class=\"is-style-default wp-block-webicient-breadcrumbs\"><nav aria-label=\"breadcrumbs\" class=\"rank-math-breadcrumb\"><p><span class=\"last\">Home<\/span><\/p><\/nav><\/div>\n\n\n<div style=\"height:20px\" aria-hidden=\"true\" class=\"wp-block-spacer is-style-default\"><\/div>\n\n\n\n<div class=\"wp-block-group is-style-webicient-mobile-full-width has-global-padding is-layout-constrained wp-container-core-group-is-layout-82764ef8 wp-block-group-is-layout-constrained\">\n<h1 class=\"wp-block-heading has-text-align-center\">Fremtidens AdTech-virksomhed<\/h1>\n\n\n\n<p class=\"has-text-align-center has-default-font-size\" style=\"margin-top:var(--wp--preset--spacing--1-xs);margin-bottom:0;line-height:1.5\">BrightBid er en AdTech-virksomhed, som er drevet af at skabe klare resultater og v\u00e6rdi for vores kunder. Vi elsker at udnytte kraften i nye teknologier til at skabe kundev\u00e6rdi.<\/p>\n<\/div>\n\n\n\n<div style=\"height:150px\" aria-hidden=\"true\" class=\"wp-block-spacer is-style-webicient-spacer-hide-on-mobile\"><\/div>\n\n\n\n<div style=\"height:20px\" aria-hidden=\"true\" class=\"wp-block-spacer is-style-webicient-spacer-hide-on-desktop\"><\/div>\n<\/div>\n\t<\/div>\n<\/div>\n\n\n\n<style> @media(max-width: 1024px) {.section_container-668124f { padding: 30px 0 !important; }.section_container-668124f { background-position: top right !important; }} <\/style><section class=\"is-style-mobile-full-width wp-block-webicient-section\">\n\n\t<div class=\"section_container section_container-668124f\" style=\"background-position:top right;background-repeat:no-repeat;background-size:initial;padding:120px 30px;flex-direction: column;\">\n\n\t\t\t<div class=\"section__contained\">\n\t\t\t\n<div class=\"wp-block-webicient-image-content\" data-mobile=\"bottom\" data-desktop=\"left\" data-mobile-image=\"1\">\n\t<div class=\"wp-block-create-block-hero__inner\">\n\t\t\n<div class=\"wp-block-columns is-style-webicient-columns-full-width has-global-padding is-layout-constrained wp-block-columns-is-layout-constrained\">\n<div class=\"wp-block-column is-style-webicient-mobile-no-padding has-global-padding is-layout-constrained wp-container-core-column-is-layout-648b1458 wp-block-column-is-layout-constrained\">\n<figure class=\"wp-block-image size-full is-resized\"><img decoding=\"async\" width=\"764\" height=\"548\" src=\"https:\/\/brightbid.com\/wp-content\/uploads\/2023\/06\/rick-rothenberg-UTOxyAK6FhY-unsplash-1.png\" alt=\"\" class=\"wp-image-366\" style=\"width:630px;height:548px\" srcset=\"https:\/\/brightbid.com\/wp-content\/uploads\/2023\/06\/rick-rothenberg-UTOxyAK6FhY-unsplash-1.png 764w, https:\/\/brightbid.com\/wp-content\/uploads\/2023\/06\/rick-rothenberg-UTOxyAK6FhY-unsplash-1-300x215.png 300w\" sizes=\"(max-width: 764px) 100vw, 764px\" \/><\/figure>\n<\/div>\n\n\n\n<div class=\"wp-block-column is-style-webicient-mobile-no-padding has-global-padding is-layout-constrained wp-container-core-column-is-layout-648b1458 wp-block-column-is-layout-constrained\">\n<h2 class=\"wp-block-heading\">En <mark style=\"background-color:rgba(0, 0, 0, 0)\" class=\"has-inline-color has-primary-600-color\">AdTech-<\/mark>virksomhed, der \u00f8ger dine resultater online<\/h2>\n\n\n\n<p>BrightBid best\u00e5r af et ambiti\u00f8st globalt team af AI-eksperter, dataloger, specialister i betalt s\u00f8gning, teknisk kyndige udviklere og et drevet kommercielt team. Vi fokuserer p\u00e5 Google og Bing Ads og har erfaring med at arbejde p\u00e5 tv\u00e6rs af en bred vifte af kunder i forskellige brancher med b\u00e5de store og sm\u00e5 marketingudgifter.<br><br>Vi arbejder med den nyeste teknologi inden for hvert kundesegment, og vi fors\u00f8ger at drive vores branche fremad gennem innovationer, som er udviklet internt. Vi har stor erfaring inden for digital markedsf\u00f8ring og v\u00e6rkt\u00f8jer til at g\u00f8re virksomheder b\u00e5de synlige online og forbedre den v\u00e6rdi, de f\u00e5r ud af deres udgifter.<\/p>\n<\/div>\n<\/div>\n\t<\/div>\n<\/div>\n\t\t<\/div>\n\t\t\t<\/div>\n<\/section>\n\n\n\n<style> @media(max-width: 1024px) {.section_container-9eeb9a3 { padding: 60px 30px !important; }.section_container-9eeb9a3 { background-position: top right !important; }.section_container-9eeb9a3 { flex-direction: column !important; }} <\/style><section class=\"alignfull wp-block-webicient-section has-background has-white-600-background-color\">\n\n\t<div class=\"section_container section_container-9eeb9a3\" style=\"background-position:top right;background-repeat:no-repeat;background-size:initial;padding:120px 30px;justify-content:center;align-items:center;display: flex;flex-direction: column;\">\n\n\t\t\t<div class=\"section__contained\">\n\t\t\t\n<h2 class=\"wp-block-heading has-text-align-center\" style=\"margin-top:0;margin-right:0;margin-bottom:0;margin-left:0\"><strong>Vil du v\u00e6re en del af vores team?<\/strong><\/h2>\n\n<div class=\"wp-block-group is-style-webicient-mobile-full-width has-global-padding is-layout-constrained wp-container-core-group-is-layout-f3de5d23 wp-block-group-is-layout-constrained\" style=\"margin-top:var(--wp--preset--spacing--1-sm);margin-bottom:var(--wp--preset--spacing--1-sm)\">\n<p class=\"has-text-align-center has-default-font-size\" style=\"margin-bottom:var(--wp--preset--spacing--1-md)\">Vi ekspanderer hurtigt p\u00e5 tv\u00e6rs af markederne. Vi offentligg\u00f8r vores ledige stillinger her, men du er ogs\u00e5  velkommen til at sende os dit CV, s\u00e5 vi kan give besked, n\u00e5r vi har en ny ledig stilling.<\/p>\n<\/div>\n\n<div class=\"wp-block-buttons is-content-justification-center is-layout-flex wp-container-core-buttons-is-layout-ec37d8cc wp-block-buttons-is-layout-flex\">\n<div class=\"wp-block-button is-style-with-arrow\"><a class=\"wp-block-button__link has-white-400-color has-primary-400-background-color has-text-color has-background wp-element-button\" href=\"https:\/\/brightbid.com\/da\/aabning-af-job\/\">Se \u00e5bne stillinger<\/a><\/div>\n<\/div>\n\t\t<\/div>\n\t\t\t<\/div>\n<\/section>\n\n\n\n<div class=\"wp-block-group has-global-padding is-layout-constrained wp-block-group-is-layout-constrained\" style=\"padding-top:var(--wp--preset--spacing--1-md);padding-bottom:var(--wp--preset--spacing--1-sm)\">\n<div class=\"wp-block-webicient-awards\"><div class=\"wp-block-webicient-awards__content\"><h2>Priser<\/h2><p>Vi kan lide at v\u00e6re p\u00e5 forkant i vores branche og implementere teknologi, der giver vores kunder mere v\u00e6rdi. Her er nogle af vores seneste priser.<\/p><div class=\"wp-block-webicient-awards__controls\"><div class=\"wp-block-webicient-awards__controls-top\"><div class=\"swiper-progress\"><span class=\"swiper-progress__start\">1<\/span><span>\/<\/span><span class=\"swiper-progress__stop\"><\/span><\/div><div class=\"swiper-nav\"><button class=\"swiper-prev-pl\"><svg width=\"14\" height=\"13\" viewBox=\"0 0 14 13\" fill=\"none\" xmlns=\"http:\/\/www.w3.org\/2000\/svg\"><path d=\"M3.3495 7.33569L8.043 11.8183L6.80575 13L3.24081e-07 6.5L6.80575 -3.86014e-07L8.043 1.18166L3.3495 5.66431L14 5.66431L14 7.33569L3.3495 7.33569Z\" fill=\"#0B0B0B\"><\/path><\/svg><\/button><button class=\"swiper-next-pl\"><svg width=\"14\" height=\"13\" viewBox=\"0 0 14 13\" fill=\"none\" xmlns=\"http:\/\/www.w3.org\/2000\/svg\"><path d=\"M10.6505 5.66431L5.957 1.18167L7.19425 0L14 6.5L7.19425 13L5.957 11.8183L10.6505 7.33569H0V5.66431H10.6505Z\" fill=\"#0B0B0B\"><\/path><\/svg><\/button><\/div><\/div><div class=\"swiper-progress__line\"><div class=\"swiper-progress__line-inner\"><\/div><\/div><\/div><\/div><div class=\"wp-block-webicient-awards__body\"><swiper-container init=\"false\">\n<swiper-slide><div class=\"wp-block-webicient-award\"><div class=\"wp-block-webicient-award__text\"><p>UK Search Awards 2024: Best Use Of Search &#8211; B2B (PPC) (LARGE)<\/p><\/div><div class=\"wp-block-webicient-award__images\">\n<figure class=\"wp-block-image size-full wp-block-webicient-award__image\"><img decoding=\"async\" width=\"597\" height=\"189\" src=\"https:\/\/brightbid.com\/wp-content\/uploads\/2024\/10\/finalist202.png\" alt=\"\" class=\"wp-image-25967\" srcset=\"https:\/\/brightbid.com\/wp-content\/uploads\/2024\/10\/finalist202.png 597w, https:\/\/brightbid.com\/wp-content\/uploads\/2024\/10\/finalist202-300x95.png 300w\" sizes=\"(max-width: 597px) 100vw, 597px\" \/><\/figure>\n<\/div><\/div><\/swiper-slide>\n\n\n\n<swiper-slide><div class=\"wp-block-webicient-award\"><div class=\"wp-block-webicient-award__text\"><p>BrightBid were awarded Highly Commended Best Ad Tech Innovation at the Performance Marketing World Awards 2022<\/p><\/div><div class=\"wp-block-webicient-award__images\">\n<figure class=\"wp-block-image size-full wp-block-webicient-award__image\"><img decoding=\"async\" width=\"379\" height=\"364\" src=\"https:\/\/brightbid.com\/wp-content\/uploads\/2023\/06\/PMWA_UK_22_HC-1.png\" alt=\"\" class=\"wp-image-227\" srcset=\"https:\/\/brightbid.com\/wp-content\/uploads\/2023\/06\/PMWA_UK_22_HC-1.png 379w, https:\/\/brightbid.com\/wp-content\/uploads\/2023\/06\/PMWA_UK_22_HC-1-300x288.png 300w\" sizes=\"(max-width: 379px) 100vw, 379px\" \/><\/figure>\n<\/div><\/div><\/swiper-slide>\n\n\n\n<swiper-slide><div class=\"wp-block-webicient-award\"><div class=\"wp-block-webicient-award__text\"><p>BrightBid were awarded Highly Commended Best Ad Tech Innovation at the Performance Marketing World Awards 2022<\/p><\/div><div class=\"wp-block-webicient-award__images\">\n<figure class=\"wp-block-image size-full wp-block-webicient-award__image\"><img decoding=\"async\" width=\"379\" height=\"364\" src=\"https:\/\/brightbid.com\/wp-content\/uploads\/2023\/06\/PMWA_UK_22_HC-1-1.png\" alt=\"\" class=\"wp-image-229\" srcset=\"https:\/\/brightbid.com\/wp-content\/uploads\/2023\/06\/PMWA_UK_22_HC-1-1.png 379w, https:\/\/brightbid.com\/wp-content\/uploads\/2023\/06\/PMWA_UK_22_HC-1-1-300x288.png 300w\" sizes=\"(max-width: 379px) 100vw, 379px\" \/><\/figure>\n<\/div><\/div><\/swiper-slide>\n\n\n\n<swiper-slide><div class=\"wp-block-webicient-award\"><div class=\"wp-block-webicient-award__text\"><p>BrightBid were awarded Highly Commended Best Ad Tech Innovation at the Performance Marketing World Awards 2022<\/p><\/div><div class=\"wp-block-webicient-award__images\">\n<figure class=\"wp-block-image size-full wp-block-webicient-award__image\"><img decoding=\"async\" width=\"379\" height=\"364\" src=\"https:\/\/brightbid.com\/wp-content\/uploads\/2023\/06\/PMWA_UK_22_HC-1.png\" alt=\"\" class=\"wp-image-227\" srcset=\"https:\/\/brightbid.com\/wp-content\/uploads\/2023\/06\/PMWA_UK_22_HC-1.png 379w, https:\/\/brightbid.com\/wp-content\/uploads\/2023\/06\/PMWA_UK_22_HC-1-300x288.png 300w\" sizes=\"(max-width: 379px) 100vw, 379px\" \/><\/figure>\n<\/div><\/div><\/swiper-slide>\n\n\n\n<swiper-slide><div class=\"wp-block-webicient-award\"><div class=\"wp-block-webicient-award__text\"><p>BrightBid were awarded Highly Commended Best Ad Tech Innovation at the Performance Marketing World Awards 2022<\/p><\/div><div class=\"wp-block-webicient-award__images\">\n<figure class=\"wp-block-image size-full wp-block-webicient-award__image\"><img decoding=\"async\" width=\"379\" height=\"364\" src=\"https:\/\/brightbid.com\/wp-content\/uploads\/2023\/06\/PMWA_UK_22_HC-1-1.png\" alt=\"\" class=\"wp-image-229\" srcset=\"https:\/\/brightbid.com\/wp-content\/uploads\/2023\/06\/PMWA_UK_22_HC-1-1.png 379w, https:\/\/brightbid.com\/wp-content\/uploads\/2023\/06\/PMWA_UK_22_HC-1-1-300x288.png 300w\" sizes=\"(max-width: 379px) 100vw, 379px\" \/><\/figure>\n<\/div><\/div><\/swiper-slide>\n<\/swiper-container><\/div><\/div>\n<\/div>\n\n\n\n<div class=\"wp-block-group has-global-padding is-layout-constrained wp-block-group-is-layout-constrained\" style=\"padding-top:var(--wp--preset--spacing--4-xs);padding-bottom:var(--wp--preset--spacing--4-xs)\">\n<div class=\"wp-block-columns are-vertically-aligned-center is-style-webicient-columns-contained is-layout-flex wp-container-core-columns-is-layout-c8f03b26 wp-block-columns-is-layout-flex\" style=\"margin-bottom:var(--wp--preset--spacing--2-xs)\">\n<div class=\"wp-block-column is-vertically-aligned-center is-layout-flow wp-block-column-is-layout-flow\">\n<p class=\"has-text-align-left has-base-color has-text-color has-heading-3-font-size\" style=\"line-height:1.2\"><strong>Sig hej<em><mark style=\"background-color:rgba(0, 0, 0, 0)\" class=\"has-inline-color has-primary-400-color\">!<\/mark><\/em><\/strong><\/p>\n\n\n\n<p class=\"has-text-align-left has-base-color has-text-color has-default-font-size\" style=\"line-height:1.5\">Du vil modtage en varm velkomst.<\/p>\n<\/div>\n<\/div>\n\n\n<div class=\"wp-block-webicient-tabs\" data-transition=\"fade\" data-totaltabs=\"5\" data-autoplay=\"\" data-autoplay-speed=\"2000\">\n\t<div class=\"wp-block-webicient-tabs__head\">\n\t\t<swiper-container init=\"false\">\n\t\t\t\t\t\t\t<swiper-slide class=\"active\">\n\t\t\t\t\t<span>\n\t\t\t\t\t\t\t\t\t\t\t\t\t\t\t\t\t\t\t\t\t\t\t\t\tSweden- Stockholm\t\t\t\t\t<\/span>\n\t\t\t\t<\/swiper-slide>\n\t\t\t\t\t\t\t<swiper-slide class=\"\">\n\t\t\t\t\t<span>\n\t\t\t\t\t\t\t\t\t\t\t\t\t\t\t\t\t\t\t\t\t\t\t\t\tNorway &#8211; Oslo<a href=\"height: 31px;\r\nwidth: 260px;\r\nleft: 829px;\r\ntop: 3764px;\r\nborder-radius: nullpx;\"><\/a>\t\t\t\t\t<\/span>\n\t\t\t\t<\/swiper-slide>\n\t\t\t\t\t<\/swiper-container>\n\t<\/div>\n\t<div class=\"wp-block-webicient-tabs__body\">\n\t\t<swiper-container init=\"false\">\n\t\t\t\t\t\t\t<swiper-slide>\n\t\t\t\t\t<div class=\"wp-block-webicient-tabs__body-item\">\n\t\t\t\t\t\t\t\t\t\t\t<div class=\"wp-block-webicient-tabs__body-content\">\n\t\t\t\t\t\t\t\t\t\t\t\t\t\t\t<h2>Vores kontorer<\/h2>\n\t\t\t\t\t\t\t\t\t\t\t\t\t\t<p>\n\t\t\t\t\t\t\t\t\t\t\t\t\t\t\t\tSweden- Stockholm<br><br>Hej! \ud83c\uddf8\ud83c\uddea<br><br>Kig forbi vores kontor i Stockholm og sig hej til vores svenske kolleger.<br><br>Bes\u00f8g os p\u00e5: Klarabergsgatan 60, 111 21 Stockholm.<br><br>Kontaktoplysninger<br>info@brightbid.com\t\t\t\t\t\t\t<\/p>\n\t\t\t\t\t\t<\/div>\n\t\t\t\t\t\n\t\t\t\t\t\t\t\t\t\t\t<div class=\"wp-block-webicient-tabs__body-image\">\n\t\t\t\t\t\t\t\t\t\t\t\t\t\t\t<img decoding=\"async\" src=\"https:\/\/brightbid.com\/wp-content\/uploads\/2023\/06\/Rectangle-4534.jpg\" \/>\n\t\t\t\t\t\t\t\t\t\t\t\t\t<\/div>\n\t\t\t\t\t\t\t\t\t\t<\/div>\n\t\t\t\t<\/swiper-slide>\n\t\t\t\t\t\t\t<swiper-slide>\n\t\t\t\t\t<div class=\"wp-block-webicient-tabs__body-item\">\n\t\t\t\t\t\t\t\t\t\t\t<div class=\"wp-block-webicient-tabs__body-content\">\n\t\t\t\t\t\t\t\t\t\t\t\t\t\t\t<h2>Vores kontorer<\/h2>\n\t\t\t\t\t\t\t\t\t\t\t\t\t\t<p>\n\t\t\t\t\t\t\t\t\t\t\t\t\t\t\t\tNorway &#8211; Oslo<br><br>Hej! \ud83c\uddf3\ud83c\uddf4<br><br>Kig forbi vores kontor i Norge og sig hej til vores norske kolleger.<br><br>Bes\u00f8g os p\u00e5: \u00d8vre Slottsgate 11, 0157 Oslo.<br><br>Kontaktoplysninger<br>info@brightbid.com\t\t\t\t\t\t\t<\/p>\n\t\t\t\t\t\t<\/div>\n\t\t\t\t\t\n\t\t\t\t\t\t\t\t\t\t\t<div class=\"wp-block-webicient-tabs__body-image\">\n\t\t\t\t\t\t\t\t\t\t\t\t\t\t\t<img decoding=\"async\" src=\"https:\/\/brightbid.com\/wp-content\/uploads\/2023\/06\/Rectangle-4534.jpg\" \/>\n\t\t\t\t\t\t\t\t\t\t\t\t\t<\/div>\n\t\t\t\t\t\t\t\t\t\t<\/div>\n\t\t\t\t<\/swiper-slide>\n\t\t\t\t\t<\/swiper-container>\n\t<\/div>\n<\/div>\n<\/div>\n\n\n\n<style> @media(max-width: 1024px) {.section_container-4871b7f { padding: 30px 0 0 0 !important; }.section_container-4871b7f { background-position: top right !important; }} <\/style><section style=\"margin-top:0;margin-bottom:0;\" class=\"alignfull is-style-mobile-full-width-no-padding wp-block-webicient-section has-background has-primary-400-background-color\">\n\n\t<div class=\"section_container section_container-4871b7f\" style=\"background-position:top right;background-repeat:no-repeat;background-size:initial;padding:120px 30px;flex-direction: column;\">\n\n\t\t\t<div class=\"section__contained\">\n\t\t\t\n<div class=\"wp-block-columns is-style-webicient-columns-full-width is-layout-flex wp-container-core-columns-is-layout-28f84493 wp-block-columns-is-layout-flex\">\n<div class=\"wp-block-column is-style-webicient-mobile-no-padding-inline is-layout-flow wp-block-column-is-layout-flow\" style=\"flex-basis:33.33%\">\n<h2 class=\"wp-block-heading is-style-webicient-mobile-padding-inline has-white-400-color has-text-color\">FAQ<\/h2>\n<\/div>\n\n\n\n<div class=\"wp-block-column is-style-webicient-mobile-no-padding-inline is-layout-flow wp-block-column-is-layout-flow\" style=\"flex-basis:66.66%\">\n<div class=\"wp-block-webicient-accordions accordions\"><details class=\"accordion is-style-default wp-block-webicient-accordion has-text-color has-black-400-color\">\n\t<summary class=\"accordion__summary\">\n\t\t<span>ER DET MULIGT AT \u00d8GE\/S\u00c6NKE MIT BUDGET?<\/span> <svg width=\"17\" height=\"17\" viewBox=\"0 0 17 17\" fill=\"none\" xmlns=\"http:\/\/www.w3.org\/2000\/svg\">\n\t\t\t<rect y=\"7\" width=\"17\" height=\"3\" fill=\"black\" \/>\n\t\t\t<rect x=\"7\" width=\"3\" height=\"17\" fill=\"black\" \/>\n\t\t<\/svg>\n\n\t<\/summary>\n\t<div class=\"accordion__content\">\n\t\t\n<p class=\"has-white-400-color has-text-color\">Ja, dog anbefaler vi altid, at du arbejder mindst kvartalsvis med et budget for at opbygge kontinuitet.<\/p>\n\t<\/div>\n<\/details>\n\n\n<details class=\"accordion wp-block-webicient-accordion\">\n\t<summary class=\"accordion__summary\">\n\t\t<span>HVAD KAN JEG FORVENTE AF AI-MOTOREN?<\/span> <svg width=\"17\" height=\"17\" viewBox=\"0 0 17 17\" fill=\"none\" xmlns=\"http:\/\/www.w3.org\/2000\/svg\">\n\t\t\t<rect y=\"7\" width=\"17\" height=\"3\" fill=\"black\" \/>\n\t\t\t<rect x=\"7\" width=\"3\" height=\"17\" fill=\"black\" \/>\n\t\t<\/svg>\n\n\t<\/summary>\n\t<div class=\"accordion__content\">\n\t\t\n<p class=\"has-white-400-color has-text-color\">Du kan forvente at se bedre v\u00e6rdi af din Google-annoncering. F\u00f8r vi begynder at arbejde sammen, vil vi revidere dine PPC-konti og forudsige et niveau af forbedringer, som vi forventer at se i den indledende periode, og vi tager sj\u00e6ldent fejl!<\/p>\n\t<\/div>\n<\/details>\n\n\n<details class=\"accordion wp-block-webicient-accordion\">\n\t<summary class=\"accordion__summary\">\n\t\t<span>HVOR LANG TID TAGER DET AT KOMME I GANG?<\/span> <svg width=\"17\" height=\"17\" viewBox=\"0 0 17 17\" fill=\"none\" xmlns=\"http:\/\/www.w3.org\/2000\/svg\">\n\t\t\t<rect y=\"7\" width=\"17\" height=\"3\" fill=\"black\" \/>\n\t\t\t<rect x=\"7\" width=\"3\" height=\"17\" fill=\"black\" \/>\n\t\t<\/svg>\n\n\t<\/summary>\n\t<div class=\"accordion__content\">\n\t\t\n<p class=\"has-white-400-color has-text-color\">Vi fors\u00f8ger at v\u00e6re i gang 21 dage efter vi har aftalt en kontrakt. Alle kunder har forskellige m\u00e5l og kompleksitet af deres s\u00f8gekonti, og vi vil give dig en realistisk tidsramme for den sikre overgang til vores AI-motor. Hvis du har brug for, at overf\u00f8rslen gennemf\u00f8res tidligere &#8211; s\u00e5 lad os det vide, s\u00e5 vil vi bestr\u00e6be os p\u00e5 at st\u00f8tte.<\/p>\n\t<\/div>\n<\/details>\n<\/div>\n<\/div>\n<\/div>\n\t\t<\/div>\n\t\t\t<\/div>\n<\/section>\n","protected":false},"excerpt":{"rendered":"<p>Sig hej! Du vil modtage en varm velkomst.<\/p>\n","protected":false},"author":11,"featured_media":0,"parent":0,"menu_order":0,"comment_status":"closed","ping_status":"closed","template":"page-no-header","meta":{"content-type":"","footnotes":""},"class_list":["post-1076","page","type-page","status-publish","hentry"],"acf":[],"_links":{"self":[{"href":"https:\/\/brightbid.com\/da\/wp-json\/wp\/v2\/pages\/1076","targetHints":{"allow":["GET"]}}],"collection":[{"href":"https:\/\/brightbid.com\/da\/wp-json\/wp\/v2\/pages"}],"about":[{"href":"https:\/\/brightbid.com\/da\/wp-json\/wp\/v2\/types\/page"}],"author":[{"embeddable":true,"href":"https:\/\/brightbid.com\/da\/wp-json\/wp\/v2\/users\/11"}],"replies":[{"embeddable":true,"href":"https:\/\/brightbid.com\/da\/wp-json\/wp\/v2\/comments?post=1076"}],"version-history":[{"count":25,"href":"https:\/\/brightbid.com\/da\/wp-json\/wp\/v2\/pages\/1076\/revisions"}],"predecessor-version":[{"id":30092,"href":"https:\/\/brightbid.com\/da\/wp-json\/wp\/v2\/pages\/1076\/revisions\/30092"}],"wp:attachment":[{"href":"https:\/\/brightbid.com\/da\/wp-json\/wp\/v2\/media?parent=1076"}],"curies":[{"name":"wp","href":"https:\/\/api.w.org\/{rel}","templated":true}]}}